{"id":5575,"date":"2024-01-26T19:09:22","date_gmt":"2024-01-26T19:09:22","guid":{"rendered":"https:\/\/thetenerifechannel.com\/excursions\/safari-submarino\/"},"modified":"2026-04-09T05:26:19","modified_gmt":"2026-04-09T05:26:19","slug":"safari-submarino","status":"publish","type":"product","link":"https:\/\/thetenerifechannel.com\/es\/excursions\/safari-submarino\/","title":{"rendered":"Safari Submarino"},"content":{"rendered":"<p>Sum\u00e9rjase en una aventura inolvidable con el Safari Submarino de Tenerife, donde descender\u00e1 con un submarino hasta una profundidad de 100 pies (30 m).<br \/>\nDescubra la vibrante vida marina a trav\u00e9s de un puerto de observaci\u00f3n personal, cada uno equipado con una pantalla de TV que muestra vistas alternativas y proporciona informaci\u00f3n sobre el submarino y su entorno.<\/p>\n<p>Tambi\u00e9n tendr\u00e1 la oportunidad de hacerse fotos con el piloto en la cabina.<br \/>\nTras la inmersi\u00f3n, recibir\u00e1 un certificado de buceo personalizado y dispondr\u00e1 de tiempo libre para explorar el puerto deportivo. La experiencia dura unos 50 minutos. <\/p>\n<p class=\"p1\"><b>  Incluye<\/b><\/p>\n<ul class=\"ul1\">\n<li class=\"li2\">Entrada electr\u00f3nica.<\/li>\n<li class=\"li2\">Traslado en autob\u00fas desde el sur.<\/li>\n<li>Certificado de buceo<\/li>\n<\/ul>\n<p class=\"p1\"><b>No incluido<\/b><\/p>\n<ul class=\"ul1\">\n<li class=\"li2\">Bebidas o aperitivos<\/li>\n<\/ul>\n<p><em>*Los menores de 2 a\u00f1os no pueden bucear por motivos de seguridad.<\/em><\/p>\n","protected":false},"excerpt":{"rendered":"<p>Sum\u00e9rjase en una aventura inolvidable con el Safari Submarino de Tenerife, donde descender\u00e1 con un submarino hasta una profundidad de 100 pies (30 m).<br \/>\nDescubra la vibrante vida marina a trav\u00e9s de un puerto de observaci\u00f3n personal, cada uno equipado con una pantalla de TV que muestra vistas alternativas y proporciona informaci\u00f3n sobre el submarino y su entorno.<\/p>\n","protected":false},"featured_media":5580,"template":"","meta":{"_acf_changed":false,"_joinchat":[]},"product_brand":[],"product_cat":[187],"product_tag":[368,366,369,370,371,395,396,367],"class_list":{"0":"post-5575","1":"product","2":"type-product","3":"status-publish","4":"has-post-thumbnail","6":"product_cat-deportes-acuaticos-tenerife","7":"product_tag-a-grupo-amigos","8":"product_tag-a-grupo-parejas","9":"product_tag-a-grupo-solo","10":"product_tag-a-vibe-aventura","11":"product_tag-a-vibe-barcos-2","12":"product_tag-a-vibe-explora","13":"product_tag-a-vibe-naturaleza","14":"product_tag-grupo-a-familias","15":"pa_depart-from-sur-de-la-isla","17":"first","18":"instock","19":"virtual","20":"sold-individually","21":"purchasable","22":"product-type-booking"},"acf":[],"_links":{"self":[{"href":"https:\/\/thetenerifechannel.com\/es\/wp-json\/wp\/v2\/product\/5575","targetHints":{"allow":["GET"]}}],"collection":[{"href":"https:\/\/thetenerifechannel.com\/es\/wp-json\/wp\/v2\/product"}],"about":[{"href":"https:\/\/thetenerifechannel.com\/es\/wp-json\/wp\/v2\/types\/product"}],"wp:featuredmedia":[{"embeddable":true,"href":"https:\/\/thetenerifechannel.com\/es\/wp-json\/wp\/v2\/media\/5580"}],"wp:attachment":[{"href":"https:\/\/thetenerifechannel.com\/es\/wp-json\/wp\/v2\/media?parent=5575"}],"wp:term":[{"taxonomy":"product_brand","embeddable":true,"href":"https:\/\/thetenerifechannel.com\/es\/wp-json\/wp\/v2\/product_brand?post=5575"},{"taxonomy":"product_cat","embeddable":true,"href":"https:\/\/thetenerifechannel.com\/es\/wp-json\/wp\/v2\/product_cat?post=5575"},{"taxonomy":"product_tag","embeddable":true,"href":"https:\/\/thetenerifechannel.com\/es\/wp-json\/wp\/v2\/product_tag?post=5575"}],"curies":[{"name":"wp","href":"https:\/\/api.w.org\/{rel}","templated":true}]}}