{"id":6173,"date":"2024-02-12T13:23:25","date_gmt":"2024-02-12T13:23:25","guid":{"rendered":"https:\/\/thetenerifechannel.agilewebtemplates.co.uk\/excursions\/sin%20categor\u00eda\/excursion-de-3-horas-en-el-catamaran-de-montecristo\/"},"modified":"2026-04-09T05:32:35","modified_gmt":"2026-04-09T05:32:35","slug":"excursion-de-3-horas-en-el-catamaran-de-montecristo","status":"publish","type":"product","link":"https:\/\/thetenerifechannel.com\/es\/excursions\/excursion-de-3-horas-en-el-catamaran-de-montecristo\/","title":{"rendered":"Catamar\u00e1n Monte Cristo 3 Horas"},"content":{"rendered":"<div class=\"flex-shrink-0 flex flex-col relative items-end\">\n<div>\n<div class=\"pt-0.5\">\n<div class=\"gizmo-shadow-stroke flex h-6 w-6 items-center justify-center overflow-hidden rounded-full\"><\/div>\n<\/div>\n<\/div>\n<\/div>\n<div class=\"relative flex w-full flex-col lg:w-[calc(100%-115px)] agent-turn\">\n<div class=\"flex-col gap-1 md:gap-3\">\n<div class=\"flex flex-grow flex-col max-w-full\">\n<div class=\"min-h-[20px] text-message flex flex-col items-start gap-3 whitespace-pre-wrap break-words [.text-message+&amp;]:mt-5 overflow-x-auto\" data-message-author-role=\"assistant\" data-message-id=\"438cac28-43c5-4a9e-9167-cf19b3fb492c\">\n<div class=\"markdown prose w-full break-words dark:prose-invert light\">\n<div class=\"relative flex w-full flex-col lg:w-[calc(100%-115px)] agent-turn\">\n<div class=\"flex-col gap-1 md:gap-3\">\n<div class=\"flex flex-grow flex-col max-w-full\">\n<div class=\"min-h-[20px] text-message flex flex-col items-start gap-3 whitespace-pre-wrap break-words [.text-message+&amp;]:mt-5 overflow-x-auto\" data-message-author-role=\"assistant\" data-message-id=\"452772fb-9ab2-467a-8880-fbf096d105a2\">\n<div class=\"markdown prose w-full break-words dark:prose-invert light\">\n<div class=\"flex-shrink-0 flex flex-col relative items-end\">\n<div>\n<div class=\"pt-0.5\">\n<div class=\"gizmo-shadow-stroke flex h-6 w-6 items-center justify-center overflow-hidden rounded-full\">\n<div class=\"relative p-1 rounded-sm h-9 w-9 text-white flex items-center justify-center\">Disfrute de una excursi\u00f3n de 3 horas en catamar\u00e1n con Monte Cristo, donde le llevar\u00e1n directamente al lugar perfecto para observar ballenas.<\/div>\n<\/div>\n<\/div>\n<\/div>\n<\/div>\n<div class=\"relative flex w-full flex-col lg:w-[calc(100%-115px)] agent-turn\">\n<div class=\"flex-col gap-1 md:gap-3\">\n<div class=\"flex flex-grow flex-col max-w-full\">\n<div class=\"min-h-[20px] text-message flex flex-col items-start gap-3 whitespace-pre-wrap break-words [.text-message+&amp;]:mt-5 overflow-x-auto\" data-message-author-role=\"assistant\" data-message-id=\"388e8325-731f-458a-b520-1f2a2b311292\">\n<div class=\"markdown prose w-full break-words dark:prose-invert light\">\n<p>Rel\u00e1jese en las amplias cubiertas mientras disfruta de bebidas, aperitivos y tapas. Esta excursi\u00f3n de 3 horas con salida de Puerto Col\u00f3n tambi\u00e9n incluye paradas para nadar y hacer snorkel.<br \/>\nDisfruta de la elegante comodidad del catamar\u00e1n mientras contemplas hermosas vistas de la costa sur de Tenerife. <\/p>\n<p><strong>I<\/strong><strong>NCLUIDO:<\/strong><\/p>\n<ul>\n<li>Comida y bebida.<\/li>\n<li>Equipo de snorkel.<\/li>\n<li>Transporte desde el sur.<\/li>\n<li>Chalecos salvavidas.<\/li>\n<li>Grupos peque\u00f1os &#8211; m\u00e1ximo 24 pasajeros.<\/li>\n<\/ul>\n<p><strong>NO INCLUIDO:<\/strong><\/p>\n<ul>\n<li>Toallas<\/li>\n<li>Crema solar<\/li>\n<\/ul>\n<\/div>\n<\/div>\n<\/div>\n<\/div>\n<\/div>\n<\/div>\n<\/div>\n<\/div>\n<\/div>\n<\/div>\n<\/div>\n<\/div>\n<\/div>\n<\/div>\n<\/div>\n","protected":false},"excerpt":{"rendered":"<div class=\"flex-shrink-0 flex flex-col relative items-end\">\n<div>\n<div class=\"pt-0.5\">\n<div class=\"gizmo-shadow-stroke flex h-6 w-6 items-center justify-center overflow-hidden rounded-full\">\u00danase a esta aventura \u00fanica de avistamiento de ballenas con un grupo reducido. Una excursi\u00f3n de tres horas para avistar ballenas y delfines, acompa\u00f1ada de tapas y bebidas, y darse un refrescante ba\u00f1o en el oc\u00e9ano para completar una experiencia inolvidable. <\/div>\n<\/div>\n<\/div>\n<\/div>\n","protected":false},"featured_media":5614,"template":"","meta":{"_acf_changed":false,"_joinchat":[]},"product_brand":[],"product_cat":[192],"product_tag":[368,366,369,371,367],"class_list":{"0":"post-6173","1":"product","2":"type-product","3":"status-publish","4":"has-post-thumbnail","6":"product_cat-avistamiento-de-ballenas-y-delfines-tenerife","7":"product_tag-a-grupo-amigos","8":"product_tag-a-grupo-parejas","9":"product_tag-a-grupo-solo","10":"product_tag-a-vibe-barcos-2","11":"product_tag-grupo-a-familias","12":"pa_depart-from-sur-de-la-isla","14":"first","15":"instock","16":"virtual","17":"sold-individually","18":"purchasable","19":"product-type-booking"},"acf":[],"_links":{"self":[{"href":"https:\/\/thetenerifechannel.com\/es\/wp-json\/wp\/v2\/product\/6173","targetHints":{"allow":["GET"]}}],"collection":[{"href":"https:\/\/thetenerifechannel.com\/es\/wp-json\/wp\/v2\/product"}],"about":[{"href":"https:\/\/thetenerifechannel.com\/es\/wp-json\/wp\/v2\/types\/product"}],"wp:featuredmedia":[{"embeddable":true,"href":"https:\/\/thetenerifechannel.com\/es\/wp-json\/wp\/v2\/media\/5614"}],"wp:attachment":[{"href":"https:\/\/thetenerifechannel.com\/es\/wp-json\/wp\/v2\/media?parent=6173"}],"wp:term":[{"taxonomy":"product_brand","embeddable":true,"href":"https:\/\/thetenerifechannel.com\/es\/wp-json\/wp\/v2\/product_brand?post=6173"},{"taxonomy":"product_cat","embeddable":true,"href":"https:\/\/thetenerifechannel.com\/es\/wp-json\/wp\/v2\/product_cat?post=6173"},{"taxonomy":"product_tag","embeddable":true,"href":"https:\/\/thetenerifechannel.com\/es\/wp-json\/wp\/v2\/product_tag?post=6173"}],"curies":[{"name":"wp","href":"https:\/\/api.w.org\/{rel}","templated":true}]}}