{"id":64780,"date":"2025-07-07T18:27:48","date_gmt":"2025-07-07T18:27:48","guid":{"rendered":"https:\/\/thetenerifechannel.com\/?post_type=product&#038;p=64780"},"modified":"2025-07-07T18:32:46","modified_gmt":"2025-07-07T18:32:46","slug":"safari-en-moto-acuatica-40-minutos-copy","status":"publish","type":"product","link":"https:\/\/thetenerifechannel.com\/es\/excursions\/safari-en-moto-acuatica-40-minutos-copy\/","title":{"rendered":"Moto acu\u00e1tica (20 minutos)"},"content":{"rendered":"<p data-start=\"74\" data-end=\"380\">La moto acu\u00e1tica es una actividad emocionante y f\u00e1cil de aprender, perfecta para todas las edades y niveles de experiencia.<br data-start=\"171\" data-end=\"174\">Este paseo de 20 minutos tiene lugar en un circuito controlado, lo que lo convierte en una opci\u00f3n segura y divertida, tanto si lo pruebas por primera vez como si s\u00f3lo quieres un r\u00e1pido subid\u00f3n de adrenalina.<\/p>\n<p data-start=\"382\" data-end=\"665\" data-is-last-node=\"\" data-is-only-node=\"\">Puedes montar en solitario o en t\u00e1ndem, compartiendo la emoci\u00f3n con un amigo o familiar.<br data-start=\"460\" data-end=\"463\">Sin necesidad de seguir una ruta tur\u00edstica, disfrutar\u00e1s de plena libertad para recorrer el circuito a toda velocidad y aprovechar al m\u00e1ximo tu tiempo en el agua.<br data-start=\"598\" data-end=\"601\">\u00a1Sube, siente la adrenalina y disfruta de una r\u00e1pida dosis de diversi\u00f3n a alta velocidad!<\/p>\n<p><strong>Incluido:<\/strong><\/p>\n<ul>\n<li>20 minutos de trayecto<\/li>\n<li>Punto de encuentro en la playa m\u00e1s cercana a su alojamiento.<\/li>\n<li>Billete electr\u00f3nico.<\/li>\n<li>Chaleco salvavidas (obligatorio)<\/li>\n<\/ul>\n<p><strong>No se incluye:<\/strong><\/p>\n<ul>\n<li>Transporte<\/li>\n<li>Foto recuerdo<\/li>\n<\/ul>\n<p><strong>Al reservar, ponte en contacto con nosotros para comprobar la disponibilidad.<\/strong><\/p>\n<p>*Edad m\u00ednima del pasajero: 10 a\u00f1os<br \/>\n*Moto acu\u00e1tica individual: edad m\u00ednima: 16 a\u00f1os (se requiere autorizaci\u00f3n de los padres)<br \/>\n*Moto acu\u00e1tica doble: edad m\u00ednima 18 a\u00f1os<br \/>\n*Restricci\u00f3n de peso moto acu\u00e1tica doble: 150-170 kg.<\/p>\n<p>&nbsp;<\/p>\n","protected":false},"excerpt":{"rendered":"<p><span>Surca las olas en este circuito de 20 minutos en moto acu\u00e1tica. Disfrutar\u00e1s de la libertad de desplazarte a tu ritmo por una zona designada, perfecta para una experiencia r\u00e1pida en el agua. <\/span><\/p>\n","protected":false},"featured_media":5351,"template":"","meta":{"_acf_changed":false,"_joinchat":[]},"product_brand":[],"product_cat":[187],"product_tag":[],"class_list":{"0":"post-64780","1":"product","2":"type-product","3":"status-publish","4":"has-post-thumbnail","6":"product_cat-deportes-acuaticos-tenerife","7":"pa_depart-from-sur-de-la-isla","9":"first","10":"instock","11":"virtual","12":"sold-individually","13":"purchasable","14":"product-type-booking"},"acf":[],"_links":{"self":[{"href":"https:\/\/thetenerifechannel.com\/es\/wp-json\/wp\/v2\/product\/64780","targetHints":{"allow":["GET"]}}],"collection":[{"href":"https:\/\/thetenerifechannel.com\/es\/wp-json\/wp\/v2\/product"}],"about":[{"href":"https:\/\/thetenerifechannel.com\/es\/wp-json\/wp\/v2\/types\/product"}],"wp:featuredmedia":[{"embeddable":true,"href":"https:\/\/thetenerifechannel.com\/es\/wp-json\/wp\/v2\/media\/5351"}],"wp:attachment":[{"href":"https:\/\/thetenerifechannel.com\/es\/wp-json\/wp\/v2\/media?parent=64780"}],"wp:term":[{"taxonomy":"product_brand","embeddable":true,"href":"https:\/\/thetenerifechannel.com\/es\/wp-json\/wp\/v2\/product_brand?post=64780"},{"taxonomy":"product_cat","embeddable":true,"href":"https:\/\/thetenerifechannel.com\/es\/wp-json\/wp\/v2\/product_cat?post=64780"},{"taxonomy":"product_tag","embeddable":true,"href":"https:\/\/thetenerifechannel.com\/es\/wp-json\/wp\/v2\/product_tag?post=64780"}],"curies":[{"name":"wp","href":"https:\/\/api.w.org\/{rel}","templated":true}]}}