{"id":65280,"date":"2025-07-10T04:53:04","date_gmt":"2025-07-10T04:53:04","guid":{"rendered":"https:\/\/thetenerifechannel.com\/excursions\/gira-tirachinas\/"},"modified":"2026-02-20T11:39:03","modified_gmt":"2026-02-20T11:39:03","slug":"gira-tirachinas","status":"publish","type":"product","link":"https:\/\/thetenerifechannel.com\/es\/excursions\/gira-tirachinas\/","title":{"rendered":"Gira Tirachinas"},"content":{"rendered":"<p data-start=\"133\" data-end=\"481\">Explora Tenerife como nunca antes lo hab\u00edas hecho con nuestras excursiones guiadas en Slingshot, dise\u00f1adas para quienes ans\u00edan la aventura con un toque de lujo.<br data-start=\"262\" data-end=\"265\">Estar\u00e1s en el asiento del conductor de un Polaris Slingshot, siguiendo a nuestro experimentado gu\u00eda tur\u00edstico por algunas de las rutas m\u00e1s pintorescas de la isla. Es la mezcla perfecta de emoci\u00f3n, seguridad y vistas inolvidables.<br \/>\nUn coche tiene capacidad para un m\u00e1ximo de 2 pasajeros. <\/p>\n<p data-start=\"483\" data-end=\"503\"><strong data-start=\"483\" data-end=\"503\">Recorridos disponibles:<\/strong><\/p>\n<ul data-start=\"505\" data-end=\"944\">\n<li data-start=\"505\" data-end=\"608\">\n<p data-start=\"507\" data-end=\"608\"><strong data-start=\"507\" data-end=\"532\">Excursi\u00f3n a El M\u00e9dano &#8211; 180 \u20ac<\/strong><br data-start=\"532\" data-end=\"535\">-09:00 &#8211; 11:00<br \/>\n-Descubre la relajada ciudad del surf y sus impresionantes alrededores costeros y paisajes volc\u00e1nicos.<\/p>\n<\/li>\n<li data-start=\"610\" data-end=\"718\">\n<p data-start=\"612\" data-end=\"718\"><strong data-start=\"612\" data-end=\"632\">Paseo por la ciudad &#8211; 180<\/strong><strong data-start=\"612\" data-end=\"632\"><br \/>\n<\/strong><span style=\"letter-spacing: 0em;\">-12:00 &#8211; 14:00<br \/>\n-Un relajado crucero urbano por el sur de Tenerife, incluyendo miradores y lugares hist\u00f3ricos.<\/span><\/p>\n<\/li>\n<li data-start=\"720\" data-end=\"827\">\n<p data-start=\"722\" data-end=\"827\"><strong data-start=\"722\" data-end=\"748\">Excursi\u00f3n a Pino Gordo &#8211; 180<br \/>\n<\/strong><span style=\"letter-spacing: 0em;\">-15:30 &#8211; 17:00<br \/>\n-Una breve aventura por la naturaleza interior de la isla, que termina en el famoso &#8220;Pino Gordo&#8221;.<\/span><\/p>\n<\/li>\n<li data-start=\"829\" data-end=\"944\">\n<p data-start=\"831\" data-end=\"944\"><strong data-start=\"831\" data-end=\"853\">Excursi\u00f3n al atardecer &#8211; 220 \u20ac<br \/>\n<\/strong>-18:30 &#8211; 21:30<br data-start=\"853\" data-end=\"856\">&#8211; Asiste a una impresionante puesta de sol en los acantilados de Los Gigantes: un final m\u00e1gico para tu d\u00eda.<\/p>\n<p>Recogida incluida<\/p>\n<p>-Permiso de conducir v\u00e1lido (categor\u00eda B, m\u00ednimo 2 a\u00f1os de experiencia)<br \/>\n-Edad m\u00ednima del conductor: 21 a\u00f1os<br \/>\n-Zapatos cerrados (no chanclas)<br \/>\n-Se recomiendan gafas de sol<br \/>\n-Se admiten pasajeros a partir de 7 a\u00f1os de edad<\/li>\n<\/ul>\n","protected":false},"excerpt":{"rendered":"<p>Recorridos guiados con tirachinas por las rutas m\u00e1s pintorescas de Tenerife: conduce t\u00fa mismo, sigue a nuestro gu\u00eda y vive la aventura con unas vistas inmejorables.<\/p>\n","protected":false},"featured_media":65254,"template":"","meta":{"_acf_changed":false,"_joinchat":[]},"product_brand":[],"product_cat":[184],"product_tag":[],"class_list":{"0":"post-65280","1":"product","2":"type-product","3":"status-publish","4":"has-post-thumbnail","6":"product_cat-vuelta-a-la-isla-autobus-tenerife","8":"first","9":"instock","10":"virtual","11":"sold-individually","12":"purchasable","13":"product-type-booking"},"acf":[],"_links":{"self":[{"href":"https:\/\/thetenerifechannel.com\/es\/wp-json\/wp\/v2\/product\/65280","targetHints":{"allow":["GET"]}}],"collection":[{"href":"https:\/\/thetenerifechannel.com\/es\/wp-json\/wp\/v2\/product"}],"about":[{"href":"https:\/\/thetenerifechannel.com\/es\/wp-json\/wp\/v2\/types\/product"}],"wp:featuredmedia":[{"embeddable":true,"href":"https:\/\/thetenerifechannel.com\/es\/wp-json\/wp\/v2\/media\/65254"}],"wp:attachment":[{"href":"https:\/\/thetenerifechannel.com\/es\/wp-json\/wp\/v2\/media?parent=65280"}],"wp:term":[{"taxonomy":"product_brand","embeddable":true,"href":"https:\/\/thetenerifechannel.com\/es\/wp-json\/wp\/v2\/product_brand?post=65280"},{"taxonomy":"product_cat","embeddable":true,"href":"https:\/\/thetenerifechannel.com\/es\/wp-json\/wp\/v2\/product_cat?post=65280"},{"taxonomy":"product_tag","embeddable":true,"href":"https:\/\/thetenerifechannel.com\/es\/wp-json\/wp\/v2\/product_tag?post=65280"}],"curies":[{"name":"wp","href":"https:\/\/api.w.org\/{rel}","templated":true}]}}