{"id":65312,"date":"2025-07-10T05:22:21","date_gmt":"2025-07-10T05:22:21","guid":{"rendered":"https:\/\/thetenerifechannel.com\/excursions\/excursion-en-jeep\/"},"modified":"2026-03-14T11:16:16","modified_gmt":"2026-03-14T11:16:16","slug":"excursion-en-jeep","status":"publish","type":"product","link":"https:\/\/thetenerifechannel.com\/es\/excursions\/excursion-en-jeep\/","title":{"rendered":"Excursi\u00f3n en jeep"},"content":{"rendered":"<p>Descubre Tenerife como nunca antes con una excursi\u00f3n en jeep, un recorrido guiado \u00fanico en Jeep Wranglers cl\u00e1sicos personalizados (YJ). Conduce por hermosos paisajes en peque\u00f1os grupos de 2 a 4 personas por veh\u00edculo, con la libertad de cambiar de conductor durante el recorrido. Si te gusta la aventura, la naturaleza y la autenticidad, \u00e9ste es tu tipo de experiencia.  <\/p>\n<p><strong data-start=\"970\" data-end=\"1018\">Recorridos (Todos de 3,5 Horas &#8211; Todoterreno Incluido):<\/strong><\/p>\n<p data-start=\"1020\" data-end=\"1044\"><strong style=\"letter-spacing: 0em;\" data-start=\"1028\" data-end=\"1044\">Recorrido por la costa<br \/>\n<\/strong>Desde Costa Adeje, subimos por la pintoresca carretera vieja hasta Ch\u00edo, donde una pista todoterreno de 20 minutos inicia tu aventura. Despu\u00e9s, disfruta de unas vistas espectaculares de los acantilados de Los Gigantes desde un escondido mirador rural. Termina el d\u00eda con un refrescante ba\u00f1o en el puerto de El Balito y un picnic con bocadillos y refrescos.  <\/p>\n<p data-start=\"1356\" data-end=\"1382\"><strong data-start=\"1364\" data-end=\"1382\">Excursi\u00f3n de un d\u00eda al Teide<br \/>\n<\/strong>Sube desde Costa Adeje al Parque Nacional del Teide por Ch\u00edo. Experimenta la belleza volc\u00e1nica del Roque de Garc\u00eda y, de regreso, haz una parada en una cueva tradicional guanche a 1.700 metros. Incluye un picnic ligero y bebidas, adem\u00e1s de una accidentada conducci\u00f3n todoterreno.  <\/p>\n<p data-start=\"1643\" data-end=\"1672\"><strong data-start=\"1651\" data-end=\"1672\">Excursi\u00f3n al Atardecer en el Teide<br \/>\n<\/strong>Sigue la misma impresionante ruta que la Excursi\u00f3n Diurna al Teide, pero con el m\u00e1gico plus de contemplar la puesta de sol sobre los paisajes volc\u00e1nicos. Mientras la luz dorada golpea las cumbres, disfruta de un tranquilo picnic y descubre el antiguo pasado de la isla en la cueva Guanche. <\/p>\n<p><span>&#8211; Se incluyen dos conductores por veh\u00edculo (conductores adicionales: 30 \u20ac).<br \/>\n<\/span>&#8211; M\u00ednimo 2 a\u00f1os de experiencia de conducci\u00f3n y al menos 21 a\u00f1os de edad para conducir.<br \/>\n<span>&#8211; Se admiten ni\u00f1os a partir de 2 a\u00f1os, con asientos adecuados para ellos.<\/span><br data-start=\"780\" data-end=\"783\"><span>&#8211; Proporcionamos chaquetas para las temperaturas m\u00e1s frescas de la monta\u00f1a.<br \/>\n<\/span>&#8211; Fotos para comprar<br data-start=\"867\" data-end=\"870\"><span>&#8211; Te reembolsaremos hasta 10 euros de tu tarifa de taxi (con recibo).<br \/>\n<\/span><\/p>\n<p><span><strong data-start=\"1933\" data-end=\"1951\">Punto de encuentro:<\/strong> Costa Adeje &#8211; C.C. AguaMall<br data-start=\"1979\" data-end=\"1982\"><strong data-start=\"1982\" data-end=\"1996\">Idiomas:<\/strong> Espa\u00f1ol, Ingl\u00e9s, Italiano<br data-start=\"2022\" data-end=\"2025\"><strong data-start=\"2025\" data-end=\"2038\">Veh\u00edculos:<\/strong> 4 Jeeps (cambio manual, 2500cc-4200cc) + 1 veh\u00edculo gu\u00eda<br \/>\n<\/span><\/p>\n","protected":false},"excerpt":{"rendered":"<p><span>Descubre Tenerife en una excursi\u00f3n en Jeep Wrangler autoconducido con Soul Jeep Experience, que ofrece tres inolvidables rutas de 3 horas.<\/span><\/p>\n","protected":false},"featured_media":65296,"template":"","meta":{"_acf_changed":false,"_joinchat":[]},"product_brand":[],"product_cat":[272,186,184],"product_tag":[],"class_list":{"0":"post-65312","1":"product","2":"type-product","3":"status-publish","4":"has-post-thumbnail","6":"product_cat-aventura-en-la-naturaleza","7":"product_cat-teide-tenerife-es","8":"product_cat-vuelta-a-la-isla-autobus-tenerife","10":"first","11":"instock","12":"virtual","13":"sold-individually","14":"purchasable","15":"product-type-booking"},"acf":[],"_links":{"self":[{"href":"https:\/\/thetenerifechannel.com\/es\/wp-json\/wp\/v2\/product\/65312","targetHints":{"allow":["GET"]}}],"collection":[{"href":"https:\/\/thetenerifechannel.com\/es\/wp-json\/wp\/v2\/product"}],"about":[{"href":"https:\/\/thetenerifechannel.com\/es\/wp-json\/wp\/v2\/types\/product"}],"wp:featuredmedia":[{"embeddable":true,"href":"https:\/\/thetenerifechannel.com\/es\/wp-json\/wp\/v2\/media\/65296"}],"wp:attachment":[{"href":"https:\/\/thetenerifechannel.com\/es\/wp-json\/wp\/v2\/media?parent=65312"}],"wp:term":[{"taxonomy":"product_brand","embeddable":true,"href":"https:\/\/thetenerifechannel.com\/es\/wp-json\/wp\/v2\/product_brand?post=65312"},{"taxonomy":"product_cat","embeddable":true,"href":"https:\/\/thetenerifechannel.com\/es\/wp-json\/wp\/v2\/product_cat?post=65312"},{"taxonomy":"product_tag","embeddable":true,"href":"https:\/\/thetenerifechannel.com\/es\/wp-json\/wp\/v2\/product_tag?post=65312"}],"curies":[{"name":"wp","href":"https:\/\/api.w.org\/{rel}","templated":true}]}}