{"id":66438,"date":"2025-07-15T10:12:22","date_gmt":"2025-07-15T10:12:22","guid":{"rendered":"https:\/\/thetenerifechannel.com\/excursions\/excursion-en-velero-macoyate-3-horas\/"},"modified":"2025-07-15T10:12:22","modified_gmt":"2025-07-15T10:12:22","slug":"excursion-en-velero-macoyate-3-horas","status":"publish","type":"product","link":"https:\/\/thetenerifechannel.com\/es\/excursions\/excursion-en-velero-macoyate-3-horas\/","title":{"rendered":"Excursi\u00f3n en velero Macoyate (3 horas)"},"content":{"rendered":"<p data-start=\"52\" data-end=\"196\">Sube a bordo del Yate Maco y navega por la impresionante costa sur de Tenerife en una aventura relajada.<br \/>\nNuestra excursi\u00f3n compartida de 3 horas no consiste s\u00f3lo en avistar ballenas, sino en empaparse de todo el ambiente costero. Pasaremos por lugares emblem\u00e1ticos y playas mientras te relajas.<br \/>\nNo pierdas de vista las olas: este tramo de oc\u00e9ano es el hogar de calderones, delfines y, a veces, incluso tortugas marinas. \u00a1Prepara las c\u00e1maras!<br \/>\nA mitad de camino, echaremos el ancla en una bah\u00eda donde podr\u00e1s nadar o hacer snorkel. El equipo corre de nuestra cuenta, s\u00f3lo tienes que traer tu sentido de la aventura.<br \/>\nC\u00f3modo, agradable e inolvidable.<br \/>\nPara mantenerte fresco, incluimos tres bebidas y un sabroso bocadillo. <\/p>\n<p data-start=\"488\" data-end=\"703\" data-is-last-node=\"\" data-is-only-node=\"\">Con espacio para s\u00f3lo 11 invitados en nuestros veleros de 12-14 metros, disfrutar\u00e1s de un ambiente relajado y sin aglomeraciones, y de una atenci\u00f3n personalizada de principio a fin.<\/p>\n<p data-start=\"399\" data-end=\"543\"><strong>INCLUYE:<br \/>\n<\/strong> -S\u00e1ndwich<span style=\"letter-spacing: 0em;\"> y bebidas<\/span><strong><br \/>\n<\/strong>-Parada de nataci\u00f3n<br \/>\n-Equipo de snorkel<\/p>\n<p>*Recogida disponible<\/p>\n","protected":false},"excerpt":{"rendered":"<p>\u00danete a una excursi\u00f3n en velero de 3 horas con avistamiento de ballenas, nataci\u00f3n, buceo con tubo, conocimientos locales y bebidas en un espacioso velero con s\u00f3lo 11 invitados.<\/p>\n","protected":false},"featured_media":65496,"template":"","meta":{"_acf_changed":false,"_joinchat":[]},"product_brand":[],"product_cat":[192],"product_tag":[],"class_list":{"0":"post-66438","1":"product","2":"type-product","3":"status-publish","4":"has-post-thumbnail","6":"product_cat-avistamiento-de-ballenas-y-delfines-tenerife","8":"first","9":"instock","10":"virtual","11":"sold-individually","12":"purchasable","13":"product-type-booking"},"acf":[],"_links":{"self":[{"href":"https:\/\/thetenerifechannel.com\/es\/wp-json\/wp\/v2\/product\/66438","targetHints":{"allow":["GET"]}}],"collection":[{"href":"https:\/\/thetenerifechannel.com\/es\/wp-json\/wp\/v2\/product"}],"about":[{"href":"https:\/\/thetenerifechannel.com\/es\/wp-json\/wp\/v2\/types\/product"}],"wp:featuredmedia":[{"embeddable":true,"href":"https:\/\/thetenerifechannel.com\/es\/wp-json\/wp\/v2\/media\/65496"}],"wp:attachment":[{"href":"https:\/\/thetenerifechannel.com\/es\/wp-json\/wp\/v2\/media?parent=66438"}],"wp:term":[{"taxonomy":"product_brand","embeddable":true,"href":"https:\/\/thetenerifechannel.com\/es\/wp-json\/wp\/v2\/product_brand?post=66438"},{"taxonomy":"product_cat","embeddable":true,"href":"https:\/\/thetenerifechannel.com\/es\/wp-json\/wp\/v2\/product_cat?post=66438"},{"taxonomy":"product_tag","embeddable":true,"href":"https:\/\/thetenerifechannel.com\/es\/wp-json\/wp\/v2\/product_tag?post=66438"}],"curies":[{"name":"wp","href":"https:\/\/api.w.org\/{rel}","templated":true}]}}