{"id":7110,"date":"2024-03-04T12:51:45","date_gmt":"2024-03-04T12:51:45","guid":{"rendered":"https:\/\/thetenerifechannel.com\/?post_type=product&#038;p=7110"},"modified":"2026-04-06T12:36:26","modified_gmt":"2026-04-06T12:36:26","slug":"mht-comedia-drag-cena-espectaculo","status":"publish","type":"product","link":"https:\/\/thetenerifechannel.com\/es\/excursions\/mht-comedia-drag-cena-espectaculo\/","title":{"rendered":"MHT &#8211; Comedia Drag Cena Espect\u00e1culo"},"content":{"rendered":"<section class=\"l-section wpb_row height_huge\"><div class=\"l-section-h i-cf\"><div class=\"g-cols vc_row via_grid cols_1 laptops-cols_inherit tablets-cols_inherit mobiles-cols_1 valign_top type_default stacking_default\"><div class=\"wpb_column vc_column_container\"><div class=\"vc_column-inner\"><div class=\"wpb_text_column\"><div class=\"wpb_wrapper\"><p data-start=\"120\" data-end=\"390\"><strong data-start=\"120\" data-end=\"181\">La noche m\u00e1s divertida de tus vacaciones &#8211; \u00a1Reimaginada para 2026!<\/strong><br data-start=\"181\" data-end=\"184\">Disfruta de una inolvidable cena de comedia drag con una nueva producci\u00f3n de 2026. Disfruta de voces en directo, vestuario deslumbrante, comedia desternillante y un elenco profesional completo de reinas y bailarinas. <\/p>\n<p data-pm-slice=\"1 1 &#091;&#093;\">La velada incluye una cena de tres platos con servicio de mesa, comedia antes del espect\u00e1culo, un espect\u00e1culo principal de gran energ\u00eda y un final interactivo. Representado en ingl\u00e9s y apto para toda la familia, es la noche perfecta para parejas, amigos y familias. <\/p>\n<p><span class=\"x1rg5ohu x16dsc37 x19la9d6 x1fc57z9 x6ikm8r x10wlt62 x19co3pv x11tp94h xw4jnvo x1qx5ct2 xfibh0p xiy17q3 x1xsqp64 x1lkfr7t xexx8yu xyri2b x18d9i69 x1c1uobl\"><span class=\"xrtxmta x1bhl96m\">\ud83d\udccdPlaya de Las Am\u00e9ricas<\/span><\/span><\/p>\n<p>&nbsp;<\/p>\n<p><strong>Horarios aproximados:<br \/>\n<\/strong>Apertura de puertas 19.00<br \/>\nMHT Pre Espect\u00e1culo 19.30<br \/>\nSe sirve la comida 19.45<br \/>\nMHT Espect\u00e1culo principal 20.45<br \/>\nEl espect\u00e1culo termina a las 23.00<br \/>\n(pausa de 15 minutos incluida)<\/p>\n<div><\/div>\n<\/div><\/div><\/div><\/div><\/div><\/div><\/section>\n","protected":false},"excerpt":{"rendered":"<p>No te limites a ver un espect\u00e1culo Drag, \u00a1vive una producci\u00f3n de cena c\u00f3mica a gran escala!<br \/>\nVoces en directo, disfraces deslumbrantes, comedia desternillante y una cena de tres platos en una noche inolvidable.<\/p>\n","protected":false},"featured_media":108146,"template":"","meta":{"_acf_changed":false,"_joinchat":[]},"product_brand":[],"product_cat":[189],"product_tag":[340],"class_list":{"0":"post-7110","1":"product","2":"type-product","3":"status-publish","4":"has-post-thumbnail","6":"product_cat-espectaculos-nocturnos-tenerife","7":"product_tag-a-vibe-nightlife","9":"first","10":"instock","11":"virtual","12":"sold-individually","13":"purchasable","14":"product-type-booking"},"acf":[],"_links":{"self":[{"href":"https:\/\/thetenerifechannel.com\/es\/wp-json\/wp\/v2\/product\/7110","targetHints":{"allow":["GET"]}}],"collection":[{"href":"https:\/\/thetenerifechannel.com\/es\/wp-json\/wp\/v2\/product"}],"about":[{"href":"https:\/\/thetenerifechannel.com\/es\/wp-json\/wp\/v2\/types\/product"}],"wp:featuredmedia":[{"embeddable":true,"href":"https:\/\/thetenerifechannel.com\/es\/wp-json\/wp\/v2\/media\/108146"}],"wp:attachment":[{"href":"https:\/\/thetenerifechannel.com\/es\/wp-json\/wp\/v2\/media?parent=7110"}],"wp:term":[{"taxonomy":"product_brand","embeddable":true,"href":"https:\/\/thetenerifechannel.com\/es\/wp-json\/wp\/v2\/product_brand?post=7110"},{"taxonomy":"product_cat","embeddable":true,"href":"https:\/\/thetenerifechannel.com\/es\/wp-json\/wp\/v2\/product_cat?post=7110"},{"taxonomy":"product_tag","embeddable":true,"href":"https:\/\/thetenerifechannel.com\/es\/wp-json\/wp\/v2\/product_tag?post=7110"}],"curies":[{"name":"wp","href":"https:\/\/api.w.org\/{rel}","templated":true}]}}