{"id":8556,"date":"2024-05-21T10:53:47","date_gmt":"2024-05-21T10:53:47","guid":{"rendered":"https:\/\/thetenerifechannel.com\/?post_type=product&#038;p=8556"},"modified":"2026-03-09T13:57:53","modified_gmt":"2026-03-09T13:57:53","slug":"catamaran-monte-cristo-3-horas-copy","status":"publish","type":"product","link":"https:\/\/thetenerifechannel.com\/es\/excursions\/catamaran-monte-cristo-3-horas-copy\/","title":{"rendered":"Excursi\u00f3n Privada en Catamar\u00e1n Monte Cristo de 3 horas"},"content":{"rendered":"<div class=\"flex-shrink-0 flex flex-col relative items-end\">\n<div>\n<div class=\"pt-0.5\">\n<div class=\"gizmo-shadow-stroke flex h-6 w-6 items-center justify-center overflow-hidden rounded-full\"><span style=\"letter-spacing: 0em;\">Disfruta de una divertida excursi\u00f3n privada de tres horas en catamar\u00e1n para grupos de hasta 24 pasajeros, con un delicioso almuerzo y bebidas alcoh\u00f3licas incluidas. <\/span><\/div>\n<div class=\"gizmo-shadow-stroke flex h-6 w-6 items-center justify-center overflow-hidden rounded-full\"><span style=\"letter-spacing: 0em;\">Observa la vida marina local, como ballenas, tortugas marinas y delfines, y aprovecha el equipo de snorkel incluido. <\/span><\/div>\n<div class=\"gizmo-shadow-stroke flex h-6 w-6 items-center justify-center overflow-hidden rounded-full\"><span style=\"letter-spacing: 0em;\">Rel\u00e1jate con la recogida y entrega en el hotel, para que no tengas que preocuparte por los traslados.<\/span><\/div>\n<div><\/div>\n<div class=\"gizmo-shadow-stroke flex h-6 w-6 items-center justify-center overflow-hidden rounded-full\"><strong>I<\/strong><strong>NCLUIDO:<\/strong><\/div>\n<\/div>\n<\/div>\n<\/div>\n<div class=\"relative flex w-full flex-col lg:w-[calc(100%-115px)] agent-turn\">\n<div class=\"flex-col gap-1 md:gap-3\">\n<div class=\"flex flex-grow flex-col max-w-full\">\n<div class=\"min-h-[20px] text-message flex flex-col items-start gap-3 whitespace-pre-wrap break-words [.text-message+&amp;]:mt-5 overflow-x-auto\" data-message-author-role=\"assistant\" data-message-id=\"438cac28-43c5-4a9e-9167-cf19b3fb492c\">\n<div class=\"markdown prose w-full break-words dark:prose-invert light\">\n<div class=\"relative flex w-full flex-col lg:w-[calc(100%-115px)] agent-turn\">\n<div class=\"flex-col gap-1 md:gap-3\">\n<div class=\"flex flex-grow flex-col max-w-full\">\n<div class=\"min-h-[20px] text-message flex flex-col items-start gap-3 whitespace-pre-wrap break-words [.text-message+&amp;]:mt-5 overflow-x-auto\" data-message-author-role=\"assistant\" data-message-id=\"452772fb-9ab2-467a-8880-fbf096d105a2\">\n<div class=\"markdown prose w-full break-words dark:prose-invert light\">\n<div class=\"relative flex w-full flex-col lg:w-[calc(100%-115px)] agent-turn\">\n<div class=\"flex-col gap-1 md:gap-3\">\n<div class=\"flex flex-grow flex-col max-w-full\">\n<div class=\"min-h-[20px] text-message flex flex-col items-start gap-3 whitespace-pre-wrap break-words [.text-message+&amp;]:mt-5 overflow-x-auto\" data-message-author-role=\"assistant\" data-message-id=\"388e8325-731f-458a-b520-1f2a2b311292\">\n<div class=\"markdown prose w-full break-words dark:prose-invert light\">\n<ul>\n<li>Comida y bebida.<\/li>\n<li>Bebidas alcoh\u00f3licas<\/li>\n<li>Agua embotellada<\/li>\n<li>Equipo de snorkel.<\/li>\n<li>Transporte desde el sur.<\/li>\n<li>Chalecos salvavidas.<\/li>\n<li>Grupos peque\u00f1os &#8211; m\u00e1ximo 24 pasajeros.<\/li>\n<\/ul>\n<p><strong>NO INCLUIDO:<\/strong><\/p>\n<ul>\n<li>Toallas<\/li>\n<li>Crema solar<\/li>\n<\/ul>\n<\/div>\n<\/div>\n<\/div>\n<\/div>\n<\/div>\n<\/div>\n<\/div>\n<\/div>\n<\/div>\n<\/div>\n<\/div>\n<\/div>\n<\/div>\n<\/div>\n<\/div>\n","protected":false},"excerpt":{"rendered":"<div class=\"flex-shrink-0 flex flex-col relative items-end\">\n<div class=\"pt-0.5\">\n<div class=\"gizmo-shadow-stroke flex h-6 w-6 items-center justify-center overflow-hidden rounded-full\">Experimenta el m\u00e1ximo lujo en este exclusivo alquiler privado de catamar\u00e1n. Descubre ballenas y delfines en su h\u00e1bitat natural, disfruta de un sabroso buf\u00e9 a bordo y explora el mundo submarino con una divertida experiencia de snorkel. Perfecto para familias, amigos o parejas que buscan un d\u00eda especial en el agua.  <\/div>\n<\/div>\n<\/div>\n","protected":false},"featured_media":5614,"template":"","meta":{"_acf_changed":false,"_joinchat":[]},"product_brand":[],"product_cat":[192,231],"product_tag":[],"class_list":{"0":"post-8556","1":"product","2":"type-product","3":"status-publish","4":"has-post-thumbnail","6":"product_cat-avistamiento-de-ballenas-y-delfines-tenerife","7":"product_cat-charters-privados-tenerife","8":"pa_depart-from-sur-de-la-isla","10":"first","11":"instock","12":"virtual","13":"sold-individually","14":"purchasable","15":"product-type-booking"},"acf":[],"_links":{"self":[{"href":"https:\/\/thetenerifechannel.com\/es\/wp-json\/wp\/v2\/product\/8556","targetHints":{"allow":["GET"]}}],"collection":[{"href":"https:\/\/thetenerifechannel.com\/es\/wp-json\/wp\/v2\/product"}],"about":[{"href":"https:\/\/thetenerifechannel.com\/es\/wp-json\/wp\/v2\/types\/product"}],"wp:featuredmedia":[{"embeddable":true,"href":"https:\/\/thetenerifechannel.com\/es\/wp-json\/wp\/v2\/media\/5614"}],"wp:attachment":[{"href":"https:\/\/thetenerifechannel.com\/es\/wp-json\/wp\/v2\/media?parent=8556"}],"wp:term":[{"taxonomy":"product_brand","embeddable":true,"href":"https:\/\/thetenerifechannel.com\/es\/wp-json\/wp\/v2\/product_brand?post=8556"},{"taxonomy":"product_cat","embeddable":true,"href":"https:\/\/thetenerifechannel.com\/es\/wp-json\/wp\/v2\/product_cat?post=8556"},{"taxonomy":"product_tag","embeddable":true,"href":"https:\/\/thetenerifechannel.com\/es\/wp-json\/wp\/v2\/product_tag?post=8556"}],"curies":[{"name":"wp","href":"https:\/\/api.w.org\/{rel}","templated":true}]}}