{"id":8684,"date":"2024-05-22T16:36:21","date_gmt":"2024-05-22T16:36:21","guid":{"rendered":"https:\/\/thetenerifechannel.com\/excursions\/sin%20categor\u00eda\/opera-60-tour-en-lancha-rapida-lujo-de-3-horas\/"},"modified":"2026-04-09T05:32:35","modified_gmt":"2026-04-09T05:32:35","slug":"opera-60-tour-en-lancha-rapida-lujo-de-3-horas","status":"publish","type":"product","link":"https:\/\/thetenerifechannel.com\/es\/excursions\/opera-60-tour-en-lancha-rapida-lujo-de-3-horas\/","title":{"rendered":"Opera 60 &#8211; Tour en lancha rapida lujo de 3 horas"},"content":{"rendered":"<p>\u00a1Transforma tu d\u00eda en una aventura inolvidable uni\u00e9ndote a esta elegante excursi\u00f3n en lancha r\u00e1pida de 3 horas! Saliendo de Puerto Col\u00f3n, en Las Am\u00e9ricas, navegamos por la costa occidental de Tenerife. Por el camino, aprovecha la oportunidad de presenciar ballenas y delfines en su entorno natural. Fondearemos cerca del Puertito de Arme\u00f1ime para hacer una parada prolongada para nadar, en la que podr\u00e1s practicar snorkel con el equipo proporcionado a bordo.<br \/>\nLa excursi\u00f3n se acompa\u00f1a de un buffet caliente con exquisitas delicias espa\u00f1olas, y de barra libre disponible durante todo el trayecto. \u00a1\u00danete a nosotros y haz que tu d\u00eda sea extraordinario!    <\/p>\n<p><strong>INCLUIDO:<\/strong><\/p>\n<ul>\n<li>Grupo reducido: hasta 12 pasajeros.<\/li>\n<li>Comida caliente y bebidas incluidas.<\/li>\n<li>Parada para nadar.<\/li>\n<li>Equipo de snorkel.<\/li>\n<\/ul>\n<p><strong>NO INCLUIDO:<br \/>\n<\/strong><\/p>\n<ul>\n<li>Toallas<\/li>\n<\/ul>\n","protected":false},"excerpt":{"rendered":"<p>Disfruta de un lujoso viaje de 3 horas a bordo de la elegante lancha r\u00e1pida Opera 60.<br \/>\nSal a avistar ballenas y delfines, y disfruta de un hermoso d\u00eda en esta excursi\u00f3n inolvidable.<\/p>\n","protected":false},"featured_media":8666,"template":"","meta":{"_acf_changed":false,"_joinchat":[]},"product_brand":[],"product_cat":[192],"product_tag":[368,366,369,371,264],"class_list":{"0":"post-8684","1":"product","2":"type-product","3":"status-publish","4":"has-post-thumbnail","6":"product_cat-avistamiento-de-ballenas-y-delfines-tenerife","7":"product_tag-a-grupo-amigos","8":"product_tag-a-grupo-parejas","9":"product_tag-a-grupo-solo","10":"product_tag-a-vibe-barcos-2","11":"product_tag-tarjetas-principales","12":"pa_depart-from-sur-de-la-isla","14":"first","15":"instock","16":"virtual","17":"sold-individually","18":"purchasable","19":"product-type-booking"},"acf":[],"_links":{"self":[{"href":"https:\/\/thetenerifechannel.com\/es\/wp-json\/wp\/v2\/product\/8684","targetHints":{"allow":["GET"]}}],"collection":[{"href":"https:\/\/thetenerifechannel.com\/es\/wp-json\/wp\/v2\/product"}],"about":[{"href":"https:\/\/thetenerifechannel.com\/es\/wp-json\/wp\/v2\/types\/product"}],"wp:featuredmedia":[{"embeddable":true,"href":"https:\/\/thetenerifechannel.com\/es\/wp-json\/wp\/v2\/media\/8666"}],"wp:attachment":[{"href":"https:\/\/thetenerifechannel.com\/es\/wp-json\/wp\/v2\/media?parent=8684"}],"wp:term":[{"taxonomy":"product_brand","embeddable":true,"href":"https:\/\/thetenerifechannel.com\/es\/wp-json\/wp\/v2\/product_brand?post=8684"},{"taxonomy":"product_cat","embeddable":true,"href":"https:\/\/thetenerifechannel.com\/es\/wp-json\/wp\/v2\/product_cat?post=8684"},{"taxonomy":"product_tag","embeddable":true,"href":"https:\/\/thetenerifechannel.com\/es\/wp-json\/wp\/v2\/product_tag?post=8684"}],"curies":[{"name":"wp","href":"https:\/\/api.w.org\/{rel}","templated":true}]}}