{"id":8700,"date":"2024-03-24T19:37:33","date_gmt":"2024-03-24T19:37:33","guid":{"rendered":"https:\/\/thetenerifechannel.com\/excursions\/sin%20categor\u00eda\/experiencia-de-pesca-4-horas\/"},"modified":"2026-03-09T13:57:53","modified_gmt":"2026-03-09T13:57:53","slug":"experiencia-de-pesca-4-horas","status":"publish","type":"product","link":"https:\/\/thetenerifechannel.com\/es\/excursions\/experiencia-de-pesca-4-horas\/","title":{"rendered":"Experiencia de pesca &#8211; 4 horas"},"content":{"rendered":"<p>\u00danete a una aventura de ch\u00e1rter compartido, totalmente equipado para una gran jornada de pesca. Tendr\u00e1s la oportunidad de pescar barracudas, pargos y otras especies con ca\u00f1as ligeras y cebo. Adem\u00e1s, pescar\u00e1s al curric\u00e1n Marlin, Mahi Mahi, at\u00fan, Wahoo y mucho m\u00e1s a lo largo de la costa de Tenerife.  <\/p>\n<p>El equipo te proporcionar\u00e1 una introducci\u00f3n detallada, que abarcar\u00e1 todas las t\u00e9cnicas de pesca y los conocimientos que necesitar\u00e1s para convertirte en un pescador experto. Te guiar\u00e1n durante todo el viaje, as\u00ed que no te preocupes por tu nivel de experiencia. <\/p>\n<p>Los charters compartidos salen a las 09:00 h y de nuevo a las 14:00 h, ofreciendo dos oportunidades diarias de descubrir la alegr\u00eda y la emoci\u00f3n de la pesca. El objetivo principal es ayudarte a comprender la magia y la pasi\u00f3n por la pesca, pero tambi\u00e9n hay maravillas y toda una experiencia vital esper\u00e1ndote en la Costa Sur y Oeste de Tenerife. <\/p>\n<p>Para rematar tu aventura, puedes llevarte a casa hasta 5 kg de tu captura, \u00a1perfecto para una barbacoa de celebraci\u00f3n!<br \/>\n*Hay aseos y tumbonas a disposici\u00f3n de los espectadores.<\/p>\n<p><strong>Incluido:<\/strong><\/p>\n<ul>\n<li>Todos los aparejos de pesca<\/li>\n<li>Licencia de pesca<\/li>\n<li>Bebidas (agua, cerveza y refrescos).<\/li>\n<\/ul>\n<p><strong>No se incluye:<\/strong><\/p>\n<ul>\n<li>Transporte<\/li>\n<li>Comida*s\u00f3lo un espectador por pescador<\/li>\n<\/ul>\n","protected":false},"excerpt":{"rendered":"<p>Convi\u00e9rtete en pescador y explora los ricos caladeros de la costa de Tenerife en una excursi\u00f3n de pesca de 4 horas con el mejor equipo y una tripulaci\u00f3n experimentada.<\/p>\n","protected":false},"featured_media":7593,"template":"","meta":{"_acf_changed":false,"_joinchat":[]},"product_brand":[],"product_cat":[187,206],"product_tag":[],"class_list":{"0":"post-8700","1":"product","2":"type-product","3":"status-publish","4":"has-post-thumbnail","6":"product_cat-deportes-acuaticos-tenerife","7":"product_cat-pesca-en-tenerife","8":"pa_depart-from-sur-de-la-isla","10":"first","11":"instock","12":"virtual","13":"sold-individually","14":"purchasable","15":"product-type-booking"},"acf":[],"_links":{"self":[{"href":"https:\/\/thetenerifechannel.com\/es\/wp-json\/wp\/v2\/product\/8700","targetHints":{"allow":["GET"]}}],"collection":[{"href":"https:\/\/thetenerifechannel.com\/es\/wp-json\/wp\/v2\/product"}],"about":[{"href":"https:\/\/thetenerifechannel.com\/es\/wp-json\/wp\/v2\/types\/product"}],"wp:featuredmedia":[{"embeddable":true,"href":"https:\/\/thetenerifechannel.com\/es\/wp-json\/wp\/v2\/media\/7593"}],"wp:attachment":[{"href":"https:\/\/thetenerifechannel.com\/es\/wp-json\/wp\/v2\/media?parent=8700"}],"wp:term":[{"taxonomy":"product_brand","embeddable":true,"href":"https:\/\/thetenerifechannel.com\/es\/wp-json\/wp\/v2\/product_brand?post=8700"},{"taxonomy":"product_cat","embeddable":true,"href":"https:\/\/thetenerifechannel.com\/es\/wp-json\/wp\/v2\/product_cat?post=8700"},{"taxonomy":"product_tag","embeddable":true,"href":"https:\/\/thetenerifechannel.com\/es\/wp-json\/wp\/v2\/product_tag?post=8700"}],"curies":[{"name":"wp","href":"https:\/\/api.w.org\/{rel}","templated":true}]}}