{"id":9152,"date":"2024-06-17T14:24:16","date_gmt":"2024-06-17T14:24:16","guid":{"rendered":"https:\/\/thetenerifechannel.com\/excursions\/sin%20categor\u00eda\/flipper-uno\/"},"modified":"2026-03-09T13:57:43","modified_gmt":"2026-03-09T13:57:43","slug":"flipper-uno","status":"publish","type":"product","link":"https:\/\/thetenerifechannel.com\/es\/excursions\/flipper-uno\/","title":{"rendered":"Flipper Uno &#8211; 3 horas"},"content":{"rendered":"<p>Salimos del puerto de Los Gigantes para embarcarnos en la b\u00fasqueda de delfines o ballenas, asegur\u00e1ndonos el avistamiento de al menos uno, si las condiciones meteorol\u00f3gicas y del mar lo permiten.<\/p>\n<p>Despu\u00e9s de ver a estos hermosos animales en su h\u00e1bitat natural, navegaremos cerca de los majestuosos acantilados de Masca y Los Gigantes, unos de los m\u00e1s altos del mundo, que se elevan hasta casi 600 metros. A continuaci\u00f3n, fondearemos en una bah\u00eda donde podr\u00e1s zambullirte para darte un ba\u00f1o, bien a trav\u00e9s de una escalera o, lo que es m\u00e1s emocionante, mediante una tirolina.<br \/>\nDespu\u00e9s, serviremos un almuerzo y, durante toda la excursi\u00f3n, podr\u00e1s disponer libremente de bebidas como vino tinto, cerveza, refrescos y agua.<br \/>\nUn gu\u00eda multiling\u00fce te proporcionar\u00e1 informaci\u00f3n durante todo el recorrido.<br \/>\nNuestro viaje en velero concluye de vuelta en el muelle de Los Gigantes. Recuerda traer tu c\u00e1mara, ba\u00f1ador y un esp\u00edritu alegre.  <\/p>\n<p><strong>INCLUIDO:<\/strong><\/p>\n<ul>\n<li>Gu\u00eda especializado<\/li>\n<li>Comida y bebidas<\/li>\n<li>Parada para ba\u00f1arse<\/li>\n<\/ul>\n<p><strong>NO INCLUIDO:<\/strong><\/p>\n<ul>\n<li>Transporte<\/li>\n<\/ul>\n","protected":false},"excerpt":{"rendered":"<p><span>\u00a1Sal desde Los Gigantes para avistar ballenas o delfines en este singular barco pirata!<br \/>\nDisfruta de un ba\u00f1o en la bah\u00eda y de un almuerzo y admira los hermosos acantilados de Los Gigantes.<\/span><\/p>\n","protected":false},"featured_media":9142,"template":"","meta":{"_acf_changed":false,"_joinchat":[]},"product_brand":[],"product_cat":[192],"product_tag":[],"class_list":{"0":"post-9152","1":"product","2":"type-product","3":"status-publish","4":"has-post-thumbnail","6":"product_cat-avistamiento-de-ballenas-y-delfines-tenerife","7":"pa_depart-from-sur-de-la-isla","9":"first","10":"instock","11":"virtual","12":"sold-individually","13":"purchasable","14":"product-type-booking"},"acf":[],"_links":{"self":[{"href":"https:\/\/thetenerifechannel.com\/es\/wp-json\/wp\/v2\/product\/9152","targetHints":{"allow":["GET"]}}],"collection":[{"href":"https:\/\/thetenerifechannel.com\/es\/wp-json\/wp\/v2\/product"}],"about":[{"href":"https:\/\/thetenerifechannel.com\/es\/wp-json\/wp\/v2\/types\/product"}],"wp:featuredmedia":[{"embeddable":true,"href":"https:\/\/thetenerifechannel.com\/es\/wp-json\/wp\/v2\/media\/9142"}],"wp:attachment":[{"href":"https:\/\/thetenerifechannel.com\/es\/wp-json\/wp\/v2\/media?parent=9152"}],"wp:term":[{"taxonomy":"product_brand","embeddable":true,"href":"https:\/\/thetenerifechannel.com\/es\/wp-json\/wp\/v2\/product_brand?post=9152"},{"taxonomy":"product_cat","embeddable":true,"href":"https:\/\/thetenerifechannel.com\/es\/wp-json\/wp\/v2\/product_cat?post=9152"},{"taxonomy":"product_tag","embeddable":true,"href":"https:\/\/thetenerifechannel.com\/es\/wp-json\/wp\/v2\/product_tag?post=9152"}],"curies":[{"name":"wp","href":"https:\/\/api.w.org\/{rel}","templated":true}]}}