{"id":92000,"date":"2025-08-04T18:00:12","date_gmt":"2025-08-04T18:00:12","guid":{"rendered":"https:\/\/thetenerifechannel.com\/excursions\/seatrek\/"},"modified":"2025-08-04T18:00:12","modified_gmt":"2025-08-04T18:00:12","slug":"seatrek","status":"publish","type":"product","link":"https:\/\/thetenerifechannel.com\/es\/excursions\/seatrek\/","title":{"rendered":"SeaTREK"},"content":{"rendered":"<p data-start=\"141\" data-end=\"341\">\u00a1Descubre el mundo submarino de Tenerife sin equipo de buceo! Nuestro casco de buceo SeaTREK te permite caminar por el fondo del oc\u00e9ano, respirar de forma natural y disfrutar de la belleza marina, sin necesidad de saber nadar. <\/p>\n<p data-start=\"343\" data-end=\"578\">Perfectas para principiantes, familias y aventureros mayores, nuestras excursiones son seguras, f\u00e1ciles y guiadas por instructores experimentados. Partiendo de la playa de Las Vistas, con grupos reducidos y un ambiente agradable, disfrutar\u00e1s de una experiencia relajada e inolvidable bajo las olas. La experiencia dura unos 20-25 minutos.  <\/p>\n<ul>\n<li data-start=\"691\" data-end=\"727\">Respira normalmente por la nariz<\/li>\n<li data-start=\"691\" data-end=\"727\">Mant\u00e9n tu pelo, maquillaje y gafas perfectamente intactos<\/li>\n<li data-start=\"785\" data-end=\"856\">\n<p data-start=\"787\" data-end=\"856\">Camina como si estuvieras en tierra, pero sumergido en un mundo marino surrealista<br \/>\n*Cada excursi\u00f3n est\u00e1 limitada a 4 personas como m\u00e1ximo. Dos invitados se sumergen mientras los otros dos esperan, y luego cambian. <\/p>\n<\/li>\n<\/ul>\n","protected":false},"excerpt":{"rendered":"<p data-start=\"160\" data-end=\"441\">Un paseo submarino con un casco futurista que te hace sentir como si caminaras por el espacio&#8230; s\u00f3lo que bajo el mar.<\/p>\n","protected":false},"featured_media":71944,"template":"","meta":{"_acf_changed":false,"_joinchat":[]},"product_brand":[],"product_cat":[272,187],"product_tag":[],"class_list":{"0":"post-92000","1":"product","2":"type-product","3":"status-publish","4":"has-post-thumbnail","6":"product_cat-aventura-en-la-naturaleza","7":"product_cat-deportes-acuaticos-tenerife","9":"first","10":"instock","11":"virtual","12":"sold-individually","13":"purchasable","14":"product-type-booking"},"acf":[],"_links":{"self":[{"href":"https:\/\/thetenerifechannel.com\/es\/wp-json\/wp\/v2\/product\/92000","targetHints":{"allow":["GET"]}}],"collection":[{"href":"https:\/\/thetenerifechannel.com\/es\/wp-json\/wp\/v2\/product"}],"about":[{"href":"https:\/\/thetenerifechannel.com\/es\/wp-json\/wp\/v2\/types\/product"}],"wp:featuredmedia":[{"embeddable":true,"href":"https:\/\/thetenerifechannel.com\/es\/wp-json\/wp\/v2\/media\/71944"}],"wp:attachment":[{"href":"https:\/\/thetenerifechannel.com\/es\/wp-json\/wp\/v2\/media?parent=92000"}],"wp:term":[{"taxonomy":"product_brand","embeddable":true,"href":"https:\/\/thetenerifechannel.com\/es\/wp-json\/wp\/v2\/product_brand?post=92000"},{"taxonomy":"product_cat","embeddable":true,"href":"https:\/\/thetenerifechannel.com\/es\/wp-json\/wp\/v2\/product_cat?post=92000"},{"taxonomy":"product_tag","embeddable":true,"href":"https:\/\/thetenerifechannel.com\/es\/wp-json\/wp\/v2\/product_tag?post=92000"}],"curies":[{"name":"wp","href":"https:\/\/api.w.org\/{rel}","templated":true}]}}