{"id":92006,"date":"2024-01-26T17:39:23","date_gmt":"2024-01-26T17:39:23","guid":{"rendered":"https:\/\/thetenerifechannel.com\/excursions\/teide-de-noche-norte\/"},"modified":"2026-03-09T13:53:37","modified_gmt":"2026-03-09T13:53:37","slug":"teide-de-noche-norte","status":"publish","type":"product","link":"https:\/\/thetenerifechannel.com\/es\/excursions\/teide-de-noche-norte\/","title":{"rendered":"Teide de Noche (Norte)"},"content":{"rendered":"<p>Ven a descubrir el Teide y su Parque Nacional. Un destino Starlight y una visita obligada en Tenerife. Ver\u00e1 lo mismo que en cualquier excursi\u00f3n de un d\u00eda al Teide, pero adem\u00e1s tendr\u00e1 la puesta de sol m\u00e1s rom\u00e1ntica por encima de las nubes y experimentar\u00e1 una m\u00e1gica sesi\u00f3n de observaci\u00f3n de estrellas en uno de los mejores cielos del mundo. Todo ello con l\u00e1seres y telescopios.<br \/>\nTeide de Noche tiene la mejor relaci\u00f3n calidad-precio, ya que incluye varias excursiones en una, lo que te permite disfrutar plenamente de todos los aspectos del Teide.<br \/>\nD\u00e9jate sorprender por las impresionantes vistas mientras se pone el sol. Brinde por el impresionante paisaje antes de conocer el cielo profundo, sus historias y la mitolog\u00eda celeste. Este viaje consiste en conocer Tenerife. Le recogeremos cerca de su hotel o alojamiento por la tarde. Este viaje incluye bebidas mientras disfruta de la puesta de sol, una comida de 3 platos con vinos y refrescos.       <\/p>\n<p>Teide by Night, la mejor, m\u00e1s rom\u00e1ntica y m\u00e1gica forma de descubrir el Teide. Una visita obligada durante su estancia en Tenerife. <\/p>\n<p><strong>\u00bfQu\u00e9 incluye?<\/strong><\/p>\n<p>Cava al atardecer.<\/p>\n<ul>\n<li>Cena de tres platos con bebidas.<\/li>\n<li>Observaci\u00f3n de estrellas con telescopios y l\u00e1seres profesionales.<\/li>\n<li>Paradas dentro del parque nacional.<\/li>\n<li>Gu\u00eda especializado.<\/li>\n<li>Transporte cerca de su alojamiento.<\/li>\n<li>Autob\u00fas c\u00f3modo con aire acondicionado.<\/li>\n<li>Idioma de la excursi\u00f3n: Ingl\u00e9s<\/li>\n<li>Recogida en Puerto de la Cruz.<\/li>\n<\/ul>\n","protected":false},"excerpt":{"rendered":"<p>Teide By Night es la mejor forma de visitar el Teide. Descubra el Parque Nacional del Teide, brinde con una puesta de sol por encima de las nubes y marav\u00edllese ante las estrellas y constelaciones con gu\u00edas expertos, l\u00e1seres y telescopios. Descubra las maravillas del cielo profundo en esta inolvidable excursi\u00f3n.  <\/p>\n","protected":false},"featured_media":5181,"template":"","meta":{"_acf_changed":false,"_joinchat":[]},"product_brand":[],"product_cat":[186,184],"product_tag":[],"class_list":{"0":"post-92006","1":"product","2":"type-product","3":"status-publish","4":"has-post-thumbnail","6":"product_cat-teide-tenerife-es","7":"product_cat-vuelta-a-la-isla-autobus-tenerife","8":"pa_depart-from-norte-de-la-isla","10":"first","11":"instock","12":"virtual","13":"sold-individually","14":"purchasable","15":"product-type-booking"},"acf":[],"_links":{"self":[{"href":"https:\/\/thetenerifechannel.com\/es\/wp-json\/wp\/v2\/product\/92006","targetHints":{"allow":["GET"]}}],"collection":[{"href":"https:\/\/thetenerifechannel.com\/es\/wp-json\/wp\/v2\/product"}],"about":[{"href":"https:\/\/thetenerifechannel.com\/es\/wp-json\/wp\/v2\/types\/product"}],"wp:featuredmedia":[{"embeddable":true,"href":"https:\/\/thetenerifechannel.com\/es\/wp-json\/wp\/v2\/media\/5181"}],"wp:attachment":[{"href":"https:\/\/thetenerifechannel.com\/es\/wp-json\/wp\/v2\/media?parent=92006"}],"wp:term":[{"taxonomy":"product_brand","embeddable":true,"href":"https:\/\/thetenerifechannel.com\/es\/wp-json\/wp\/v2\/product_brand?post=92006"},{"taxonomy":"product_cat","embeddable":true,"href":"https:\/\/thetenerifechannel.com\/es\/wp-json\/wp\/v2\/product_cat?post=92006"},{"taxonomy":"product_tag","embeddable":true,"href":"https:\/\/thetenerifechannel.com\/es\/wp-json\/wp\/v2\/product_tag?post=92006"}],"curies":[{"name":"wp","href":"https:\/\/api.w.org\/{rel}","templated":true}]}}