{"id":92016,"date":"2025-08-20T06:43:11","date_gmt":"2025-08-20T06:43:11","guid":{"rendered":"https:\/\/thetenerifechannel.com\/excursions\/kayak-y-snorkel-2\/"},"modified":"2025-08-20T06:43:11","modified_gmt":"2025-08-20T06:43:11","slug":"kayak-y-snorkel-2","status":"publish","type":"product","link":"https:\/\/thetenerifechannel.com\/es\/excursions\/kayak-y-snorkel-2\/","title":{"rendered":"Kayak y snorkel"},"content":{"rendered":"<p data-start=\"146\" data-end=\"412\"><span>Disfruta de una aventura en kayak de 2,5 horas, saliendo directamente de la arena tras una r\u00e1pida sesi\u00f3n informativa sobre seguridad. Remaremos a lo largo de la costa hacia la piscifactor\u00eda de alta mar, un punto caliente donde a menudo se ven tortugas, bancos de peces y aves marinas. Antes de dar la vuelta, nos deslizaremos hasta la cueva marina de El Palmar para contemplar de cerca este impresionante paraje. A mitad de camino, fondearemos para una relajada sesi\u00f3n de snorkel en aguas transparentes -m\u00e1scara y tubo incluidos- con la opci\u00f3n de     <\/span>a\u00f1ade una moto de mar<span>  para que puedas deslizarte sin esfuerzo y explorar m\u00e1s en menos tiempo. Es una ruta panor\u00e1mica con muchos momentos fotogr\u00e1ficos. <\/span><\/p>\n<p>*Incluye m\u00e1scara y tubos de snorkel, remos y chalecos salvavidas. Hay un vestuario, taquillas y ba\u00f1o en la tienda.<br \/>\n*Requisitos: no padecer afecciones cardiacas, no estar embarazada, no tener convulsiones ni narcolepsia. Debes saber nadar y no pesar m\u00e1s de 110 kg para hacer snorkel, y dos personas no pueden pesar m\u00e1s de 180 kg por un kayak doble.<br \/>\n*Scooters disponibles por un suplemento.<\/p>\n","protected":false},"excerpt":{"rendered":"<p><span>Disfruta de una hermosa aventura en kayak, explora la cueva marina de El Palmar y haz una parada para bucear relajadamente.<\/span><\/p>\n","protected":false},"featured_media":74983,"template":"","meta":{"_acf_changed":false,"_joinchat":[]},"product_brand":[],"product_cat":[272,187],"product_tag":[],"class_list":{"0":"post-92016","1":"product","2":"type-product","3":"status-publish","4":"has-post-thumbnail","6":"product_cat-aventura-en-la-naturaleza","7":"product_cat-deportes-acuaticos-tenerife","9":"first","10":"instock","11":"virtual","12":"sold-individually","13":"purchasable","14":"product-type-booking"},"acf":[],"_links":{"self":[{"href":"https:\/\/thetenerifechannel.com\/es\/wp-json\/wp\/v2\/product\/92016","targetHints":{"allow":["GET"]}}],"collection":[{"href":"https:\/\/thetenerifechannel.com\/es\/wp-json\/wp\/v2\/product"}],"about":[{"href":"https:\/\/thetenerifechannel.com\/es\/wp-json\/wp\/v2\/types\/product"}],"wp:featuredmedia":[{"embeddable":true,"href":"https:\/\/thetenerifechannel.com\/es\/wp-json\/wp\/v2\/media\/74983"}],"wp:attachment":[{"href":"https:\/\/thetenerifechannel.com\/es\/wp-json\/wp\/v2\/media?parent=92016"}],"wp:term":[{"taxonomy":"product_brand","embeddable":true,"href":"https:\/\/thetenerifechannel.com\/es\/wp-json\/wp\/v2\/product_brand?post=92016"},{"taxonomy":"product_cat","embeddable":true,"href":"https:\/\/thetenerifechannel.com\/es\/wp-json\/wp\/v2\/product_cat?post=92016"},{"taxonomy":"product_tag","embeddable":true,"href":"https:\/\/thetenerifechannel.com\/es\/wp-json\/wp\/v2\/product_tag?post=92016"}],"curies":[{"name":"wp","href":"https:\/\/api.w.org\/{rel}","templated":true}]}}