{"id":9493,"date":"2024-07-03T08:58:47","date_gmt":"2024-07-03T08:58:47","guid":{"rendered":"https:\/\/thetenerifechannel.com\/?post_type=product&#038;p=9493"},"modified":"2026-03-09T13:57:38","modified_gmt":"2026-03-09T13:57:38","slug":"siam-night","status":"publish","type":"product","link":"https:\/\/thetenerifechannel.com\/es\/excursions\/siam-night\/","title":{"rendered":"Siam Night"},"content":{"rendered":"<section class=\"l-section wpb_row height_huge\"><div class=\"l-section-h i-cf\"><div class=\"g-cols vc_row via_grid cols_1 laptops-cols_inherit tablets-cols_inherit mobiles-cols_1 valign_top type_default stacking_default\"><div class=\"wpb_column vc_column_container\"><div class=\"vc_column-inner\"><div class=\"wpb_text_column\"><div class=\"wpb_wrapper\"><p data-start=\"116\" data-end=\"375\">Experimenta la emoci\u00f3n en Siam Park, un parque acu\u00e1tico tropical \u00fanico en el mundo. Disfruta de m\u00fasica de DJ, luces vibrantes, l\u00e1seres en la niebla, efectos de fuego y sombras juguetonas. Desl\u00edzate por sinuosos toboganes acu\u00e1ticos, flota por el r\u00edo perezoso y rel\u00e1jate en la playa de arena.  <\/p>\n<p data-start=\"116\" data-end=\"375\">Durante julio y agosto, la Noche de Siam transforma el parque en un mundo m\u00e1gico de emoci\u00f3n y diversi\u00f3n, con la piscina de olas rompiendo y el r\u00edo perezoso revelando sus secretos.<\/p>\n<p>Abierto de 20:00 a 24:00<\/p>\n<p>\u00a1No te pierdas esta experiencia inolvidable!<\/p>\n<p><strong>Incluido:<\/strong><\/p>\n<ul>\n<li>Entrada QR.<\/li>\n<li>Autob\u00fas gratuito con recogida en Los Cristianos, Las Am\u00e9ricas y Costa Adeje.<\/li>\n<\/ul>\n<p>*De martes a s\u00e1bado durante julio y agosto, de 20:00 a 24:00 h.<br \/>\n*Los menores de 16 a\u00f1os deben ir acompa\u00f1ados de un adulto.<\/p>\n<\/div><\/div><\/div><\/div><\/div><\/div><\/section>\n","protected":false},"excerpt":{"rendered":"<p><span>Descubre la magia de Siam Park al anochecer con Siam Night. El parque acu\u00e1tico mejor valorado del mundo se transforma en un para\u00edso nocturno. Disfruta de m\u00fasica de DJ, luces deslumbrantes, espect\u00e1culos de l\u00e1ser y emocionantes atracciones acu\u00e1ticas bajo las estrellas.  <\/span><\/p>\n","protected":false},"featured_media":9543,"template":"","meta":{"_acf_changed":false,"_joinchat":[]},"product_brand":[],"product_cat":[185,191],"product_tag":[],"class_list":{"0":"post-9493","1":"product","2":"type-product","3":"status-publish","4":"has-post-thumbnail","6":"product_cat-parques-tematicos-tenerife","7":"product_cat-siam-park-tenerife-es","8":"pa_depart-from-norte-de-la-isla","9":"pa_depart-from-sur-de-la-isla","11":"first","12":"instock","13":"virtual","14":"sold-individually","15":"purchasable","16":"product-type-booking"},"acf":[],"_links":{"self":[{"href":"https:\/\/thetenerifechannel.com\/es\/wp-json\/wp\/v2\/product\/9493","targetHints":{"allow":["GET"]}}],"collection":[{"href":"https:\/\/thetenerifechannel.com\/es\/wp-json\/wp\/v2\/product"}],"about":[{"href":"https:\/\/thetenerifechannel.com\/es\/wp-json\/wp\/v2\/types\/product"}],"wp:featuredmedia":[{"embeddable":true,"href":"https:\/\/thetenerifechannel.com\/es\/wp-json\/wp\/v2\/media\/9543"}],"wp:attachment":[{"href":"https:\/\/thetenerifechannel.com\/es\/wp-json\/wp\/v2\/media?parent=9493"}],"wp:term":[{"taxonomy":"product_brand","embeddable":true,"href":"https:\/\/thetenerifechannel.com\/es\/wp-json\/wp\/v2\/product_brand?post=9493"},{"taxonomy":"product_cat","embeddable":true,"href":"https:\/\/thetenerifechannel.com\/es\/wp-json\/wp\/v2\/product_cat?post=9493"},{"taxonomy":"product_tag","embeddable":true,"href":"https:\/\/thetenerifechannel.com\/es\/wp-json\/wp\/v2\/product_tag?post=9493"}],"curies":[{"name":"wp","href":"https:\/\/api.w.org\/{rel}","templated":true}]}}