{"id":95734,"date":"2025-12-24T10:41:23","date_gmt":"2025-12-24T10:41:23","guid":{"rendered":"https:\/\/thetenerifechannel.com\/?post_type=product&#038;p=95734"},"modified":"2026-03-19T12:01:12","modified_gmt":"2026-03-19T12:01:12","slug":"parapente-biplaza-vuelo-base-del-teide-copy","status":"publish","type":"product","link":"https:\/\/thetenerifechannel.com\/es\/excursions\/parapente-biplaza-vuelo-base-del-teide-copy\/","title":{"rendered":"Excursi\u00f3n en helic\u00f3ptero"},"content":{"rendered":"<div class=\"flex-shrink-0 flex flex-col relative items-end\">\n<div class=\"pt-0.5\">\n<div class=\"page\" title=\"P\u00e1gina 1\">\n<div class=\"section\">\n<div class=\"layoutArea\">\n<div class=\"column\">\n<p>Atr\u00e9vete con una de las rutas panor\u00e1micas y disfruta de una inolvidable aventura en helic\u00f3ptero. Si alguna vez has so\u00f1ado con volar y descubrir nuevas experiencias desde las alturas, \u00e9sta es tu oportunidad.<br \/>\nExplora los impresionantes paisajes de Tenerife y elige entre una variedad de rutas, cada una de las cuales ofrece vistas \u00fanicas y momentos inolvidables. \u00a1Vive una aventura \u00fanica en helic\u00f3ptero sobre Tenerife!  <\/p>\n<p><span class=\"x19la9d6 x1fc57z9 x6ikm8r x10wlt62 x19co3pv x11tp94h xfibh0p xiy17q3 x1xsqp64 x1lkfr7t xexx8yu xyri2b x18d9i69 x1c1uobl\"><span class=\"xrtxmta x1bhl96m\">\ud83d\udccd<\/span><\/span>Punto de encuentro en la zona de Adeje.<\/p>\n<p>&nbsp;<\/p>\n<p><strong>5 RUTAS DIFERENTES:<\/strong><\/p>\n<p><strong>Costa Sur (20 km &#8211; 7 min):<\/strong> 1. La Caleta \/ 2. Playa de Las Am\u00e9ricas \/ 3. Playa de Los Cristianos \/ 4. Vuelta por la costa   <\/p>\n<p><strong>Playas y barrancos (30 km &#8211; 10 min): <\/strong>1. La Caleta \/ 2. Playa de Las Am\u00e9ricas \/ 3. Playa de Los Cristianos \/ 4. Parques Acu\u00e1ticos \/ 5. Roque del Conde \/ 6. Barranco del Infierno \/ 7. Barranco de la Miel \/ 8. Barranco de la Miel. Taucho \/ 8. El Puertito       <\/p>\n<p><strong>Acantilados de los Gigantes (50 km &#8211; 18 min): <\/strong>1. Golf Costa Adeje \/ 2. La Caleta \/ 3. Playa de San Juan \/ 4. Alcal\u00e1 \/ 5. Puerto de Santiago \/ 6. Tamaimo \/ 7. Santiago del Teide \/ 8. Santiago del Teide. Santiago del Teide \/ 8. Vistas del Teide \/ 9. Regreso por la costa        <\/p>\n<p><strong>Isla Baja (85 km &#8211; 25 min): <\/strong>1. Golf Costa Adeje \/ 2. La Caleta \/ 3. Playa de San Juan \/ 4. Alcal\u00e1 \/5. Puerto de Santiago \/ 6. Santiago del Teide \/ 7. Teno \/ 8. Teno. Teno \/ 8. Buenavista del Norte \/ 9. Garachico \/ 10. Regreso por Corona Forestal \/ 11. Tamaimo \/ 12. Tejina           <\/p>\n<p><strong>Gran Teide de Lujo (120km &#8211; 40 min): <\/strong>1. Golf Costa Adeje \/ 2. La Caleta \/ 3. Playa de San Juan \/ 4. Alcal\u00e1 \/5. Puerto de Santiago \/ 6. Santiago del Teide \/ 7. Santiago del Teide. Puerto de Santiago \/ 6. Santiago del Teide \/ 7. Buenavista del Norte \/ 8. Garachico \/ 9. La Orotava \/ 10. G\u00fc\u00edmar \/ 11. Regreso por Corona Forestal \/ 12. Vilaflor           <\/p>\n<p>&nbsp;<\/p>\n<\/div>\n<p><strong>No se incluye:<\/strong><\/p>\n<\/div>\n<ul style=\"list-style-type: disc;\">\n<li>Transporte<\/li>\n<li>Fotos y v\u00eddeos<\/li>\n<\/ul>\n<\/div>\n<\/div>\n<\/div>\n<\/div>\n","protected":false},"excerpt":{"rendered":"<p>\u00a1Vive el Cielo en Tenerife!<br data-start=\"36\" data-end=\"39\">Disfruta de vuelos panor\u00e1micos en helic\u00f3ptero y descubre los impresionantes paisajes de la isla desde las alturas.<\/p>\n","protected":false},"featured_media":97056,"template":"","meta":{"_acf_changed":false,"_joinchat":[]},"product_brand":[],"product_cat":[272,184,212],"product_tag":[],"class_list":{"0":"post-95734","1":"product","2":"type-product","3":"status-publish","4":"has-post-thumbnail","6":"product_cat-aventura-en-la-naturaleza","7":"product_cat-vuelta-a-la-isla-autobus-tenerife","8":"product_cat-sin-categorizar","9":"pa_depart-from-sur-de-la-isla","11":"first","12":"instock","13":"virtual","14":"sold-individually","15":"purchasable","16":"product-type-booking"},"acf":[],"_links":{"self":[{"href":"https:\/\/thetenerifechannel.com\/es\/wp-json\/wp\/v2\/product\/95734","targetHints":{"allow":["GET"]}}],"collection":[{"href":"https:\/\/thetenerifechannel.com\/es\/wp-json\/wp\/v2\/product"}],"about":[{"href":"https:\/\/thetenerifechannel.com\/es\/wp-json\/wp\/v2\/types\/product"}],"wp:featuredmedia":[{"embeddable":true,"href":"https:\/\/thetenerifechannel.com\/es\/wp-json\/wp\/v2\/media\/97056"}],"wp:attachment":[{"href":"https:\/\/thetenerifechannel.com\/es\/wp-json\/wp\/v2\/media?parent=95734"}],"wp:term":[{"taxonomy":"product_brand","embeddable":true,"href":"https:\/\/thetenerifechannel.com\/es\/wp-json\/wp\/v2\/product_brand?post=95734"},{"taxonomy":"product_cat","embeddable":true,"href":"https:\/\/thetenerifechannel.com\/es\/wp-json\/wp\/v2\/product_cat?post=95734"},{"taxonomy":"product_tag","embeddable":true,"href":"https:\/\/thetenerifechannel.com\/es\/wp-json\/wp\/v2\/product_tag?post=95734"}],"curies":[{"name":"wp","href":"https:\/\/api.w.org\/{rel}","templated":true}]}}