{"id":9719,"date":"2024-07-19T13:06:38","date_gmt":"2024-07-19T13:06:38","guid":{"rendered":"https:\/\/thetenerifechannel.com\/?post_type=product&#038;p=9719"},"modified":"2026-03-09T13:57:08","modified_gmt":"2026-03-09T13:57:08","slug":"parapente-biplaza-vuelo-recomendado-copy","status":"publish","type":"product","link":"https:\/\/thetenerifechannel.com\/es\/excursions\/parapente-biplaza-vuelo-recomendado-copy\/","title":{"rendered":"Parapente biplaza &#8211; Vuelo de rendimiento"},"content":{"rendered":"<div class=\"flex-shrink-0 flex flex-col relative items-end\">\n<div class=\"pt-0.5\">\n<p>Este vuelo ofrece las sensaciones y experiencias m\u00e1s emocionantes. Vuela alto, toma t\u00e9rmicas, controla el parapente y mucho m\u00e1s.<br \/>\nEl vuelo suele durar entre 25 y 30 minutos, dependiendo diariamente de las condiciones meteorol\u00f3gicas. <\/p>\n<ul>\n<li>25-30 minutos de vuelo.<\/li>\n<li>700-1300 m de altitud.<\/li>\n<\/ul>\n<\/div>\n<\/div>\n","protected":false},"excerpt":{"rendered":"<p>Este vuelo ofrece las sensaciones y experiencias m\u00e1s emocionantes. Vuela alto, toma t\u00e9rmicas, controla el parapente y mucho m\u00e1s. <\/p>\n","protected":false},"featured_media":5387,"template":"","meta":{"_acf_changed":false,"_joinchat":[]},"product_brand":[],"product_cat":[275],"product_tag":[],"class_list":{"0":"post-9719","1":"product","2":"type-product","3":"status-publish","4":"has-post-thumbnail","6":"product_cat-parapente-tenerife-es","7":"pa_depart-from-sur-de-la-isla","9":"first","10":"instock","11":"virtual","12":"sold-individually","13":"purchasable","14":"product-type-booking"},"acf":[],"_links":{"self":[{"href":"https:\/\/thetenerifechannel.com\/es\/wp-json\/wp\/v2\/product\/9719","targetHints":{"allow":["GET"]}}],"collection":[{"href":"https:\/\/thetenerifechannel.com\/es\/wp-json\/wp\/v2\/product"}],"about":[{"href":"https:\/\/thetenerifechannel.com\/es\/wp-json\/wp\/v2\/types\/product"}],"wp:featuredmedia":[{"embeddable":true,"href":"https:\/\/thetenerifechannel.com\/es\/wp-json\/wp\/v2\/media\/5387"}],"wp:attachment":[{"href":"https:\/\/thetenerifechannel.com\/es\/wp-json\/wp\/v2\/media?parent=9719"}],"wp:term":[{"taxonomy":"product_brand","embeddable":true,"href":"https:\/\/thetenerifechannel.com\/es\/wp-json\/wp\/v2\/product_brand?post=9719"},{"taxonomy":"product_cat","embeddable":true,"href":"https:\/\/thetenerifechannel.com\/es\/wp-json\/wp\/v2\/product_cat?post=9719"},{"taxonomy":"product_tag","embeddable":true,"href":"https:\/\/thetenerifechannel.com\/es\/wp-json\/wp\/v2\/product_tag?post=9719"}],"curies":[{"name":"wp","href":"https:\/\/api.w.org\/{rel}","templated":true}]}}