{"id":9729,"date":"2024-07-19T13:23:18","date_gmt":"2024-07-19T13:23:18","guid":{"rendered":"https:\/\/thetenerifechannel.com\/?post_type=product&#038;p=9729"},"modified":"2026-03-09T13:56:57","modified_gmt":"2026-03-09T13:56:57","slug":"parapente-biplaza-vuelo-de-rendimiento-copy","status":"publish","type":"product","link":"https:\/\/thetenerifechannel.com\/es\/excursions\/parapente-biplaza-vuelo-de-rendimiento-copy\/","title":{"rendered":"Parapente Biplaza &#8211; Vuelo Base del Teide"},"content":{"rendered":"<div class=\"flex-shrink-0 flex flex-col relative items-end\">\n<div class=\"pt-0.5\">\n<div class=\"page\" title=\"P\u00e1gina 1\">\n<div class=\"section\">\n<div class=\"layoutArea\">\n<div class=\"column\">\n<p><span>Vive Tenerife desde una perspectiva impresionante. Despega desde una impresionante altitud de 2250 metros y disfruta de un viaje de 35 minutos sobre los paisajes del norte de la isla. Desl\u00edzate por encima de las nubes, disfrutando de las vistas panor\u00e1micas del Teide y del terreno circundante. Tu vuelo concluye con un suave aterrizaje en la playa, ofreciendo una mezcla \u00fanica de paisajes monta\u00f1osos y costeros durante toda la aventura.    <\/span><\/p>\n<\/div>\n<\/div>\n<\/div>\n<\/div>\n<ul>\n<li>35 minutos de vuelo.<\/li>\n<li>2250 m de altitud.<\/li>\n<\/ul>\n<\/div>\n<\/div>\n","protected":false},"excerpt":{"rendered":"<div class=\"page\" title=\"P\u00e1gina 1\">\n<div class=\"section\">\n<div class=\"layoutArea\">\n<div class=\"column\">\n<p>Este es el legendario vuelo de Tenerife. Despega desde 2250 metros con impresionantes vistas del norte de la isla.<br \/>\nVuela por encima de las nubes con vistas desde el volc\u00e1n Teide, recorre este asombroso paisaje y aterriza en la playa de Puerto de la Cruz. <\/p>\n<\/div>\n<\/div>\n<\/div>\n<\/div>\n","protected":false},"featured_media":9735,"template":"","meta":{"_acf_changed":false,"_joinchat":[]},"product_brand":[],"product_cat":[275],"product_tag":[],"class_list":{"0":"post-9729","1":"product","2":"type-product","3":"status-publish","4":"has-post-thumbnail","6":"product_cat-parapente-tenerife-es","7":"pa_depart-from-sur-de-la-isla","9":"first","10":"instock","11":"virtual","12":"sold-individually","13":"purchasable","14":"product-type-booking"},"acf":[],"_links":{"self":[{"href":"https:\/\/thetenerifechannel.com\/es\/wp-json\/wp\/v2\/product\/9729","targetHints":{"allow":["GET"]}}],"collection":[{"href":"https:\/\/thetenerifechannel.com\/es\/wp-json\/wp\/v2\/product"}],"about":[{"href":"https:\/\/thetenerifechannel.com\/es\/wp-json\/wp\/v2\/types\/product"}],"wp:featuredmedia":[{"embeddable":true,"href":"https:\/\/thetenerifechannel.com\/es\/wp-json\/wp\/v2\/media\/9735"}],"wp:attachment":[{"href":"https:\/\/thetenerifechannel.com\/es\/wp-json\/wp\/v2\/media?parent=9729"}],"wp:term":[{"taxonomy":"product_brand","embeddable":true,"href":"https:\/\/thetenerifechannel.com\/es\/wp-json\/wp\/v2\/product_brand?post=9729"},{"taxonomy":"product_cat","embeddable":true,"href":"https:\/\/thetenerifechannel.com\/es\/wp-json\/wp\/v2\/product_cat?post=9729"},{"taxonomy":"product_tag","embeddable":true,"href":"https:\/\/thetenerifechannel.com\/es\/wp-json\/wp\/v2\/product_tag?post=9729"}],"curies":[{"name":"wp","href":"https:\/\/api.w.org\/{rel}","templated":true}]}}