{"id":97944,"date":"2026-01-08T12:48:52","date_gmt":"2026-01-08T12:48:52","guid":{"rendered":"https:\/\/thetenerifechannel.com\/?post_type=product&#038;p=97944"},"modified":"2026-02-14T13:22:57","modified_gmt":"2026-02-14T13:22:57","slug":"parascending-copy","status":"publish","type":"product","link":"https:\/\/thetenerifechannel.com\/es\/excursions\/parascending-copy\/","title":{"rendered":"Pesca con mosca"},"content":{"rendered":"<section class=\"l-section wpb_row height_huge\"><div class=\"l-section-h i-cf\"><div class=\"g-cols vc_row via_grid cols_1 laptops-cols_inherit tablets-cols_inherit mobiles-cols_1 valign_top type_default stacking_default\"><div class=\"wpb_column vc_column_container\"><div class=\"vc_column-inner\"><div class=\"wpb_text_column\"><div class=\"wpb_wrapper\"><p>Fly Fish es una emocionante aventura acu\u00e1tica que te permite elevarte sobre el mar utilizando potentes chorros de agua. Esta experiencia llena de adrenalina combina velocidad, equilibrio y libertad, ofreciendo unas vistas impresionantes y emociones inolvidables. Perfecta para los amantes de la aventura que buscan una forma divertida y \u00fanica de disfrutar del oc\u00e9ano. La actividad dura 10 minutos.   <\/p>\n<p><strong>Incluido:<\/strong><\/p>\n<ul>\n<li>Punto de encuentro en la playa m\u00e1s cercana a su alojamiento.<\/li>\n<li>Billete electr\u00f3nico. Chaleco salvavidas (obligatorio)<\/li>\n<\/ul>\n<p><strong>No se incluye:<\/strong><\/p>\n<ul>\n<li>Transporte<\/li>\n<li>Foto de recuerdo<\/li>\n<\/ul>\n<\/div><\/div><\/div><\/div><\/div><\/div><\/section>\n","protected":false},"excerpt":{"rendered":"<p>\u00bfListo para volar sobre el oc\u00e9ano?<br \/>\nEmb\u00e1rcate en una aventura acu\u00e1tica llena de adrenalina que te permitir\u00e1 elevarte sobre el oc\u00e9ano utilizando potentes chorros de agua para vivir una experiencia \u00fanica e inolvidable.<\/p>\n","protected":false},"featured_media":97953,"template":"","meta":{"_acf_changed":false,"_joinchat":[]},"product_brand":[],"product_cat":[187],"product_tag":[],"class_list":{"0":"post-97944","1":"product","2":"type-product","3":"status-publish","4":"has-post-thumbnail","6":"product_cat-deportes-acuaticos-tenerife","7":"pa_depart-from-sur-de-la-isla","9":"first","10":"instock","11":"virtual","12":"sold-individually","13":"purchasable","14":"product-type-booking"},"acf":[],"_links":{"self":[{"href":"https:\/\/thetenerifechannel.com\/es\/wp-json\/wp\/v2\/product\/97944","targetHints":{"allow":["GET"]}}],"collection":[{"href":"https:\/\/thetenerifechannel.com\/es\/wp-json\/wp\/v2\/product"}],"about":[{"href":"https:\/\/thetenerifechannel.com\/es\/wp-json\/wp\/v2\/types\/product"}],"wp:featuredmedia":[{"embeddable":true,"href":"https:\/\/thetenerifechannel.com\/es\/wp-json\/wp\/v2\/media\/97953"}],"wp:attachment":[{"href":"https:\/\/thetenerifechannel.com\/es\/wp-json\/wp\/v2\/media?parent=97944"}],"wp:term":[{"taxonomy":"product_brand","embeddable":true,"href":"https:\/\/thetenerifechannel.com\/es\/wp-json\/wp\/v2\/product_brand?post=97944"},{"taxonomy":"product_cat","embeddable":true,"href":"https:\/\/thetenerifechannel.com\/es\/wp-json\/wp\/v2\/product_cat?post=97944"},{"taxonomy":"product_tag","embeddable":true,"href":"https:\/\/thetenerifechannel.com\/es\/wp-json\/wp\/v2\/product_tag?post=97944"}],"curies":[{"name":"wp","href":"https:\/\/api.w.org\/{rel}","templated":true}]}}