{"id":98670,"date":"2026-01-12T11:25:07","date_gmt":"2026-01-12T11:25:07","guid":{"rendered":"https:\/\/thetenerifechannel.com\/?post_type=product&#038;p=98670"},"modified":"2026-02-14T12:20:02","modified_gmt":"2026-02-14T12:20:02","slug":"vuelta-a-la-isla-teide-masca-garachico-desde-el-sur-copy","status":"publish","type":"product","link":"https:\/\/thetenerifechannel.com\/es\/excursions\/vuelta-a-la-isla-teide-masca-garachico-desde-el-sur-copy\/","title":{"rendered":"Vuelta a la isla: Candelaria &#8211; La Orotava &#8211; Garachico &#8211; Masca (desde el sur)"},"content":{"rendered":"<section class=\"l-section wpb_row height_huge\"><div class=\"l-section-h i-cf\"><div class=\"g-cols vc_row via_grid cols_1 laptops-cols_inherit tablets-cols_inherit mobiles-cols_1 valign_top type_default stacking_default\"><div class=\"wpb_column vc_column_container\"><div class=\"vc_column-inner\"><div class=\"wpb_text_column\"><div class=\"wpb_wrapper\"><div class=\"flex-shrink-0 flex flex-col relative items-end\">\n<div class=\"pt-0.5\">\n<div class=\"gizmo-shadow-stroke flex h-6 w-6 items-center justify-center overflow-hidden rounded-full\">\n<p>Experimenta la esencia de Tenerife en un solo d\u00eda en esta excursi\u00f3n de d\u00eda completo. Empieza en la ciudad costera de Candelaria, donde se encuentra la impresionante Bas\u00edlica y las estatuas de bronce de los antiguos reyes guanches. Contin\u00faa hasta la hist\u00f3rica ciudad de La Orotava, recorriendo sus encantadoras calles y visitando lugares emblem\u00e1ticos como la Casa de Los Balcones y la Plaza del Ayuntamiento. A continuaci\u00f3n, explora Garachico, una pintoresca ciudad moldeada por una erupci\u00f3n volc\u00e1nica, en la que destacan las piscinas naturales de El Calet\u00f3n y el Castillo de San Miguel. Disfruta de tiempo libre para comer antes de adentrarte en los impresionantes paisajes del Parque Rural de Teno, para terminar en el pueblo tradicional de Masca, enclavado entre impresionantes acantilados.    <\/p>\n<\/div>\n<\/div>\n<\/div>\n<div class=\"relative flex w-full flex-col lg:w-&#091;calc(100%-115px)&#093; agent-turn\">\n<div class=\"flex-col gap-1 md:gap-3\">\n<div class=\"flex flex-grow flex-col max-w-full\">\n<div class=\"min-h-&#091;20px&#093; text-message flex flex-col items-start gap-3 whitespace-pre-wrap break-words &#091;.text-message+&amp;&#093;:mt-5 overflow-x-auto\" data-message-author-role=\"assistant\" data-message-id=\"1b594d4d-875f-4ede-8698-e67da448c8b8\">\n<p>Para concluir esta memorable excursi\u00f3n, emprenderemos el camino de regreso a los hoteles.<br \/>\nDuraci\u00f3n: aproximadamente 9 horas.<\/p>\n<p><strong>Incluido:<\/strong><\/p>\n<\/div>\n<\/div>\n<\/div>\n<\/div>\n<ul>\n<li>Autob\u00fas con aire acondicionado<\/li>\n<li>Gu\u00eda oficial<\/li>\n<\/ul>\n<p><strong>No se incluye:<\/strong><\/p>\n<ul>\n<li>Almuerzo<\/li>\n<\/ul>\n<\/div><\/div><\/div><\/div><\/div><\/div><\/section>\n","protected":false},"excerpt":{"rendered":"<p>Descubre la esencia de Tenerife en un solo d\u00eda con esta excursi\u00f3n por la isla, visitando los lugares m\u00e1s bellos e hist\u00f3ricos, como Candelaria, La Orotava, Garachico y Masca, con salida desde el sur de la isla.<\/p>\n","protected":false},"featured_media":98703,"template":"","meta":{"_acf_changed":false,"_joinchat":[]},"product_brand":[],"product_cat":[184],"product_tag":[],"class_list":{"0":"post-98670","1":"product","2":"type-product","3":"status-publish","4":"has-post-thumbnail","6":"product_cat-vuelta-a-la-isla-autobus-tenerife","7":"pa_depart-from-sur-de-la-isla","9":"first","10":"instock","11":"virtual","12":"sold-individually","13":"purchasable","14":"product-type-booking"},"acf":[],"_links":{"self":[{"href":"https:\/\/thetenerifechannel.com\/es\/wp-json\/wp\/v2\/product\/98670","targetHints":{"allow":["GET"]}}],"collection":[{"href":"https:\/\/thetenerifechannel.com\/es\/wp-json\/wp\/v2\/product"}],"about":[{"href":"https:\/\/thetenerifechannel.com\/es\/wp-json\/wp\/v2\/types\/product"}],"wp:featuredmedia":[{"embeddable":true,"href":"https:\/\/thetenerifechannel.com\/es\/wp-json\/wp\/v2\/media\/98703"}],"wp:attachment":[{"href":"https:\/\/thetenerifechannel.com\/es\/wp-json\/wp\/v2\/media?parent=98670"}],"wp:term":[{"taxonomy":"product_brand","embeddable":true,"href":"https:\/\/thetenerifechannel.com\/es\/wp-json\/wp\/v2\/product_brand?post=98670"},{"taxonomy":"product_cat","embeddable":true,"href":"https:\/\/thetenerifechannel.com\/es\/wp-json\/wp\/v2\/product_cat?post=98670"},{"taxonomy":"product_tag","embeddable":true,"href":"https:\/\/thetenerifechannel.com\/es\/wp-json\/wp\/v2\/product_tag?post=98670"}],"curies":[{"name":"wp","href":"https:\/\/api.w.org\/{rel}","templated":true}]}}