{"id":99156,"date":"2026-01-13T12:00:13","date_gmt":"2026-01-13T12:00:13","guid":{"rendered":"https:\/\/thetenerifechannel.com\/?post_type=product&#038;p=99156"},"modified":"2026-02-14T12:17:51","modified_gmt":"2026-02-14T12:17:51","slug":"vuelta-a-la-isla-candelaria-la-orotava-garachico-masca-desde-el-sur-copy","status":"publish","type":"product","link":"https:\/\/thetenerifechannel.com\/es\/excursions\/vuelta-a-la-isla-candelaria-la-orotava-garachico-masca-desde-el-sur-copy\/","title":{"rendered":"Traslado Puerto de la Cruz"},"content":{"rendered":"<section class=\"l-section wpb_row height_huge\"><div class=\"l-section-h i-cf\"><div class=\"g-cols vc_row via_grid cols_1 laptops-cols_inherit tablets-cols_inherit mobiles-cols_1 valign_top type_default stacking_default\"><div class=\"wpb_column vc_column_container\"><div class=\"vc_column-inner\"><div class=\"wpb_text_column\"><div class=\"wpb_wrapper\"><div class=\"flex-shrink-0 flex flex-col relative items-end\">\n<div class=\"pt-0.5\">\n<div class=\"gizmo-shadow-stroke flex h-6 w-6 items-center justify-center overflow-hidden rounded-full\">\n<p>Explora Puerto de la Cruz &#8211; Traslado de ida y vuelta<\/p>\n<p>\u00bfTe gustar\u00eda pasar un d\u00eda explorando la encantadora ciudad de Puerto de la Cruz, situada en la costa norte de Tenerife? Esta pintoresca ciudad es famosa por su hermoso paseo mar\u00edtimo, su arquitectura tradicional canaria y sus animadas plazas. Pasea por el paseo mar\u00edtimo, disfruta de las tiendas, caf\u00e9s y restaurantes locales, o simplemente emp\u00e1pate del relajado ambiente costero.  <\/p>\n<p>Nuestro traslado de ida y vuelta te lleva directamente a la zona cercana al Loro Parque, a un paso del paseo mar\u00edtimo del Puerto de la Cruz, lo que te da tiempo de sobra para explorar la ciudad a tu ritmo.<\/p>\n<p>Disfruta de un d\u00eda sin complicaciones en uno de los pueblos con m\u00e1s encanto de Tenerife, con un c\u00f3modo transporte incluido de ida y vuelta.<\/p>\n<p>Duraci\u00f3n: 8 horas aproximadamente.<\/p>\n<p>&nbsp;<\/p>\n<\/div>\n<\/div>\n<\/div>\n<div class=\"relative flex w-full flex-col lg:w-&#091;calc(100%-115px)&#093; agent-turn\">\n<div class=\"flex-col gap-1 md:gap-3\">\n<div class=\"flex flex-grow flex-col max-w-full\">\n<div class=\"min-h-&#091;20px&#093; text-message flex flex-col items-start gap-3 whitespace-pre-wrap break-words &#091;.text-message+&amp;&#093;:mt-5 overflow-x-auto\" data-message-author-role=\"assistant\" data-message-id=\"1b594d4d-875f-4ede-8698-e67da448c8b8\">\n<p><strong>Incluido:<\/strong><\/p>\n<ul>\n<li>Autob\u00fas con aire acondicionado<\/li>\n<\/ul>\n<p><strong>No se incluye:<\/strong><\/p>\n<ul>\n<li>Almuerzo<\/li>\n<\/ul>\n<\/div>\n<\/div>\n<\/div>\n<\/div>\n<\/div><\/div><\/div><\/div><\/div><\/div><\/section>\n","protected":false},"excerpt":{"rendered":"<p>Rel\u00e1jate y disfruta de Puerto de la Cruz, nosotros nos encargamos de tu traslado, con salida desde el sur de la isla.<\/p>\n","protected":false},"featured_media":99166,"template":"","meta":{"_acf_changed":false,"_joinchat":[]},"product_brand":[],"product_cat":[184,212],"product_tag":[],"class_list":{"0":"post-99156","1":"product","2":"type-product","3":"status-publish","4":"has-post-thumbnail","6":"product_cat-vuelta-a-la-isla-autobus-tenerife","7":"product_cat-sin-categorizar","8":"pa_depart-from-sur-de-la-isla","10":"first","11":"instock","12":"virtual","13":"sold-individually","14":"purchasable","15":"product-type-booking"},"acf":[],"_links":{"self":[{"href":"https:\/\/thetenerifechannel.com\/es\/wp-json\/wp\/v2\/product\/99156","targetHints":{"allow":["GET"]}}],"collection":[{"href":"https:\/\/thetenerifechannel.com\/es\/wp-json\/wp\/v2\/product"}],"about":[{"href":"https:\/\/thetenerifechannel.com\/es\/wp-json\/wp\/v2\/types\/product"}],"wp:featuredmedia":[{"embeddable":true,"href":"https:\/\/thetenerifechannel.com\/es\/wp-json\/wp\/v2\/media\/99166"}],"wp:attachment":[{"href":"https:\/\/thetenerifechannel.com\/es\/wp-json\/wp\/v2\/media?parent=99156"}],"wp:term":[{"taxonomy":"product_brand","embeddable":true,"href":"https:\/\/thetenerifechannel.com\/es\/wp-json\/wp\/v2\/product_brand?post=99156"},{"taxonomy":"product_cat","embeddable":true,"href":"https:\/\/thetenerifechannel.com\/es\/wp-json\/wp\/v2\/product_cat?post=99156"},{"taxonomy":"product_tag","embeddable":true,"href":"https:\/\/thetenerifechannel.com\/es\/wp-json\/wp\/v2\/product_tag?post=99156"}],"curies":[{"name":"wp","href":"https:\/\/api.w.org\/{rel}","templated":true}]}}