{"id":99447,"date":"2026-01-14T11:58:13","date_gmt":"2026-01-14T11:58:13","guid":{"rendered":"https:\/\/thetenerifechannel.com\/?post_type=product&#038;p=99447"},"modified":"2026-04-09T05:27:17","modified_gmt":"2026-04-09T05:27:17","slug":"safari-en-moto-acuatica-1-hora-copy-2","status":"publish","type":"product","link":"https:\/\/thetenerifechannel.com\/es\/excursions\/safari-en-moto-acuatica-1-hora-copy-2\/","title":{"rendered":"Moto acu\u00e1tica Flash"},"content":{"rendered":"<section class=\"l-section wpb_row height_huge\"><div class=\"l-section-h i-cf\"><div class=\"g-cols vc_row via_grid cols_1 laptops-cols_inherit tablets-cols_inherit mobiles-cols_1 valign_top type_default stacking_default\"><div class=\"wpb_column vc_column_container\"><div class=\"vc_column-inner\"><div class=\"wpb_text_column\"><div class=\"wpb_wrapper\"><p>La moto acu\u00e1tica es una actividad emocionante y trepidante apta para todas las edades y niveles de habilidad. Tanto si eres novato como un piloto experimentado, explorar las aguas de Tenerife en moto acu\u00e1tica es una aventura inolvidable. <\/p>\n<p>\u00danete a una excursi\u00f3n guiada y descubre la impresionante costa y las monta\u00f1as circundantes desde una perspectiva \u00fanica sobre el agua. Puedes elegir montar solo o en t\u00e1ndem, compartiendo la emoci\u00f3n con un amigo o familiar. <\/p>\n<p>Ofrecemos dos duraciones de excursi\u00f3n para adaptarnos a tus preferencias: un safari en moto acu\u00e1tica de una hora, perfecto para iniciarse en esta emocionante actividad, o una aventura de dos horas para los que quieran aprovechar al m\u00e1ximo su tiempo en el agua. Si\u00e9ntate, rel\u00e1jate y deja que nos ocupemos de todos los detalles para que puedas disfrutar de una experiencia llena de adrenalina y sin preocupaciones. <\/p>\n<p>&nbsp;<\/p>\n<p><strong>Incluido:<\/strong><\/p>\n<ul>\n<li>Recorre la costa suroeste de Tenerife.\n<ul>\n<li>1 Hora: Las Galletas &#8211; El Fraile &#8211; Palm Mar<\/li>\n<li>2 Horas: Las Galletas &#8211; El Fraile &#8211; Palm Mar &#8211; Los Cristianos<\/li>\n<\/ul>\n<\/li>\n<li>Transporte desde los principales puntos de recogida en diferentes zonas: Los Cristianos \/ Las Am\u00e9ricas<\/li>\n<li>Billete electr\u00f3nico.<\/li>\n<li>Chaleco salvavidas (obligatorio)<\/li>\n<li>Gu\u00eda especializado<\/li>\n<\/ul>\n<p><strong>No se incluye:<\/strong><\/p>\n<ul>\n<li>Foto recuerdo<\/li>\n<\/ul>\n<p><strong>Al reservar, ponte en contacto con nosotros para comprobar la disponibilidad.<\/strong><\/p>\n<p>*Edad m\u00ednima de los pasajeros: 5-6 a\u00f1os (pueden ir detr\u00e1s de uno de sus padres)<br \/>\n*Edad m\u00ednima del conductor: 16 a\u00f1os<br \/>\n*Restricci\u00f3n de peso de una moto acu\u00e1tica: m\u00e1x. 120 kg.<br \/>\n*Restricci\u00f3n de peso moto acu\u00e1tica doble: m\u00e1x. 160 kg.<\/p>\n<\/div><\/div><\/div><\/div><\/div><\/div><\/section>\n","protected":false},"excerpt":{"rendered":"<p>\u00a1Siente la emoci\u00f3n de la costa de Tenerife en moto acu\u00e1tica! Elige una aventura de 1 hora o ampl\u00eda la diversi\u00f3n con un paseo de 2 horas, \u00a1t\u00fa eliges! <\/p>\n","protected":false},"featured_media":102410,"template":"","meta":{"_acf_changed":false,"_joinchat":[]},"product_brand":[],"product_cat":[187],"product_tag":[368,366,369,370,371,367],"class_list":{"0":"post-99447","1":"product","2":"type-product","3":"status-publish","4":"has-post-thumbnail","6":"product_cat-deportes-acuaticos-tenerife","7":"product_tag-a-grupo-amigos","8":"product_tag-a-grupo-parejas","9":"product_tag-a-grupo-solo","10":"product_tag-a-vibe-aventura","11":"product_tag-a-vibe-barcos-2","12":"product_tag-grupo-a-familias","13":"pa_depart-from-sur-de-la-isla","15":"first","16":"instock","17":"virtual","18":"sold-individually","19":"purchasable","20":"product-type-booking"},"acf":[],"_links":{"self":[{"href":"https:\/\/thetenerifechannel.com\/es\/wp-json\/wp\/v2\/product\/99447","targetHints":{"allow":["GET"]}}],"collection":[{"href":"https:\/\/thetenerifechannel.com\/es\/wp-json\/wp\/v2\/product"}],"about":[{"href":"https:\/\/thetenerifechannel.com\/es\/wp-json\/wp\/v2\/types\/product"}],"wp:featuredmedia":[{"embeddable":true,"href":"https:\/\/thetenerifechannel.com\/es\/wp-json\/wp\/v2\/media\/102410"}],"wp:attachment":[{"href":"https:\/\/thetenerifechannel.com\/es\/wp-json\/wp\/v2\/media?parent=99447"}],"wp:term":[{"taxonomy":"product_brand","embeddable":true,"href":"https:\/\/thetenerifechannel.com\/es\/wp-json\/wp\/v2\/product_brand?post=99447"},{"taxonomy":"product_cat","embeddable":true,"href":"https:\/\/thetenerifechannel.com\/es\/wp-json\/wp\/v2\/product_cat?post=99447"},{"taxonomy":"product_tag","embeddable":true,"href":"https:\/\/thetenerifechannel.com\/es\/wp-json\/wp\/v2\/product_tag?post=99447"}],"curies":[{"name":"wp","href":"https:\/\/api.w.org\/{rel}","templated":true}]}}