{"id":9980,"date":"2024-07-25T14:55:55","date_gmt":"2024-07-25T14:55:55","guid":{"rendered":"https:\/\/thetenerifechannel.com\/excursions\/sin%20categor\u00eda\/peter-pan-3-horas\/"},"modified":"2026-04-09T05:27:52","modified_gmt":"2026-04-09T05:27:52","slug":"peter-pan-3-horas","status":"publish","type":"product","link":"https:\/\/thetenerifechannel.com\/es\/excursions\/peter-pan-3-horas\/","title":{"rendered":"Peter Pan &#8211; 2 Horas"},"content":{"rendered":"<p class=\"whitespace-pre-wrap break-words\">Vive una aventura familiar inolvidable a bordo del PETER PAN, una aut\u00e9ntica Goleta portuguesa del siglo pasado. Revive la emoci\u00f3n de la navegaci\u00f3n tradicional y sum\u00e9rgete en las historias de piratas que anta\u00f1o surcaban estas aguas. <\/p>\n<p class=\"whitespace-pre-wrap break-words\">Saliendo desde Los Cristianos, realizar\u00e1s un viaje para avistar calderones y despu\u00e9s habr\u00e1 una parada para zambullirse en el agua y darse un refrescante ba\u00f1o.<br \/>\n\u00danete a un crucero que combina historia, naturaleza y diversi\u00f3n familiar en las hermosas aguas de Tenerife.<\/p>\n<p><strong>INCLUIDO:<\/strong><\/p>\n<ul>\n<li>Excursi\u00f3n de 2 horas para avistar ballenas<\/li>\n<li>Parada para ba\u00f1arse<\/li>\n<li>Transporte incluido<\/li>\n<\/ul>\n","protected":false},"excerpt":{"rendered":"<p>\u00danete al Peter Pan durante 2 horas en una excursi\u00f3n en barco para toda la familia desde Los Cristianos. Observa ballenas, nada en el oc\u00e9ano y disfruta de un almuerzo a bordo de este barco pirata. <\/p>\n","protected":false},"featured_media":9926,"template":"","meta":{"_acf_changed":false,"_joinchat":[]},"product_brand":[],"product_cat":[192],"product_tag":[368,366,369,371,367],"class_list":{"0":"post-9980","1":"product","2":"type-product","3":"status-publish","4":"has-post-thumbnail","6":"product_cat-avistamiento-de-ballenas-y-delfines-tenerife","7":"product_tag-a-grupo-amigos","8":"product_tag-a-grupo-parejas","9":"product_tag-a-grupo-solo","10":"product_tag-a-vibe-barcos-2","11":"product_tag-grupo-a-familias","12":"pa_depart-from-sur-de-la-isla","14":"first","15":"instock","16":"virtual","17":"sold-individually","18":"purchasable","19":"product-type-booking"},"acf":[],"_links":{"self":[{"href":"https:\/\/thetenerifechannel.com\/es\/wp-json\/wp\/v2\/product\/9980","targetHints":{"allow":["GET"]}}],"collection":[{"href":"https:\/\/thetenerifechannel.com\/es\/wp-json\/wp\/v2\/product"}],"about":[{"href":"https:\/\/thetenerifechannel.com\/es\/wp-json\/wp\/v2\/types\/product"}],"wp:featuredmedia":[{"embeddable":true,"href":"https:\/\/thetenerifechannel.com\/es\/wp-json\/wp\/v2\/media\/9926"}],"wp:attachment":[{"href":"https:\/\/thetenerifechannel.com\/es\/wp-json\/wp\/v2\/media?parent=9980"}],"wp:term":[{"taxonomy":"product_brand","embeddable":true,"href":"https:\/\/thetenerifechannel.com\/es\/wp-json\/wp\/v2\/product_brand?post=9980"},{"taxonomy":"product_cat","embeddable":true,"href":"https:\/\/thetenerifechannel.com\/es\/wp-json\/wp\/v2\/product_cat?post=9980"},{"taxonomy":"product_tag","embeddable":true,"href":"https:\/\/thetenerifechannel.com\/es\/wp-json\/wp\/v2\/product_tag?post=9980"}],"curies":[{"name":"wp","href":"https:\/\/api.w.org\/{rel}","templated":true}]}}