{"id":4832,"date":"2023-08-01T14:54:55","date_gmt":"2023-08-01T14:54:55","guid":{"rendered":"https:\/\/thetenerifechannel.com\/guide-local-gratuit\/"},"modified":"2024-07-19T18:57:03","modified_gmt":"2024-07-19T18:57:03","slug":"guide-local-gratuit","status":"publish","type":"page","link":"https:\/\/thetenerifechannel.com\/fr\/guide-local-gratuit\/","title":{"rendered":"Guide local gratuit"},"content":{"rendered":"<section class=\"l-section wpb_row us_custom_a61e2493 height_auto full_height valign_center with_shape\"><div class=\"l-section-shape type_custom pos_bottom\" style=\"height:45%;color:var(--color-content-bg-alt)\"><svg xmlns=\"http:\/\/www.w3.org\/2000\/svg\" viewBox=\"0 0 64 8\" preserveAspectRatio=\"none\" width=\"100%\" height=\"100%\">\r\n\t<path fill=\"currentColor\" d=\"M64 8 L0 8 L0 0 L64 0 Z\"\/>\r\n<\/svg><\/div><div class=\"l-section-h i-cf\"><div class=\"g-cols vc_row via_grid cols_1 laptops-cols_inherit tablets-cols_inherit mobiles-cols_1 valign_top type_default stacking_default\"><div class=\"wpb_column vc_column_container\"><div class=\"vc_column-inner\"><div class=\"g-cols wpb_row us_custom_0482f416 via_grid cols_2 laptops-cols_inherit tablets-cols_1 mobiles-cols_1 valign_middle type_default stacking_default\" style=\"--columns-gap:0rem;\"><div class=\"wpb_column vc_column_container\"><div class=\"vc_column-inner\"><h2 class=\"w-text\"><span class=\"w-text-h\"><span class=\"w-text-value\">VOTRE GUIDE LOCAL GRATUIT !<\/span><\/span><\/h2><p class=\"w-text us_custom_b7b762a5\"><span class=\"w-text-h\"><span class=\"w-text-value\">Bonjour, bienvenue sur le Tenerife Channel. Je m&#039;appelle Naomi et j&#039;ai la chance de vivre sur cette \u00eele magnifique.<\/span><\/span><\/p><div class=\"w-text us_custom_c901145c\"><span class=\"w-text-h\"><span class=\"w-text-value\">Laissez-moi \u00eatre votre guide local pour Tenerife.<\/span><\/span><\/div><div class=\"w-text us_custom_b47fcc5d\"><span class=\"w-text-h\"><span class=\"w-text-value\">J&#039;ai cr\u00e9\u00e9 ce PDF gratuit pour simplifier le processus et vous fournir toutes les informations dont vous avez besoin.<\/span><\/span><\/div><div class=\"w-image us_custom_214cff5d hide_on_tablets hide_on_mobiles align_none\"><div class=\"w-image-h\"><img fetchpriority=\"high\" decoding=\"async\" width=\"749\" height=\"1024\" src=\"https:\/\/thetenerifechannel.com\/wp-content\/uploads\/2023\/10\/naomi-749x1024.jpeg\" class=\"attachment-large size-large\" alt=\"\" loading=\"eager\" srcset=\"https:\/\/thetenerifechannel.com\/wp-content\/uploads\/2023\/10\/naomi-749x1024.jpeg 749w, https:\/\/thetenerifechannel.com\/wp-content\/uploads\/2023\/10\/naomi-600x821.jpeg 600w, https:\/\/thetenerifechannel.com\/wp-content\/uploads\/2023\/10\/naomi-219x300.jpeg 219w, https:\/\/thetenerifechannel.com\/wp-content\/uploads\/2023\/10\/naomi.jpeg 936w\" sizes=\"(max-width: 749px) 100vw, 749px\" \/><\/div><\/div><\/div><\/div><div class=\"wpb_column vc_column_container\"><div class=\"vc_column-inner\"><div class=\"w-vwrapper us_custom_e5038688 align_none valign_top\">\n<div class=\"wpcf7 no-js\" id=\"wpcf7-f9599-o1\" lang=\"fr-FR\" dir=\"ltr\" data-wpcf7-id=\"9599\">\n<div class=\"screen-reader-response\"><p role=\"status\" aria-live=\"polite\" aria-atomic=\"true\"><\/p> <ul><\/ul><\/div>\n<form action=\"\/fr\/wp-json\/wp\/v2\/pages\/4832#wpcf7-f9599-o1\" method=\"post\" class=\"wpcf7-form init\" aria-label=\"Formulaire de contact\" novalidate=\"novalidate\" data-status=\"init\">\n<fieldset class=\"hidden-fields-container\"><input type=\"hidden\" name=\"_wpcf7\" value=\"9599\" \/><input type=\"hidden\" name=\"_wpcf7_version\" value=\"6.1.5\" \/><input type=\"hidden\" name=\"_wpcf7_locale\" value=\"fr_FR\" \/><input type=\"hidden\" name=\"_wpcf7_unit_tag\" value=\"wpcf7-f9599-o1\" \/><input type=\"hidden\" name=\"_wpcf7_container_post\" value=\"0\" \/><input type=\"hidden\" name=\"_wpcf7_posted_data_hash\" value=\"\" \/><input type=\"hidden\" name=\"_wpcf7_recaptcha_response\" value=\"\" \/>\n<\/fieldset>\n<p><script>\ndocument.addEventListener('wpcf7mailsent', function(event) {\n location = 'https:\/\/thetenerifechannel.com\/your-free-guide\/';\n}, false);\n\ndocument.addEventListener('DOMContentLoaded', function() {\n var phoneInput = document.querySelector('input[name= \"Phone-number\"]');\n if (phoneInput) {\n phoneInput.addEventListener('input', function(e) {\n \/\/ Remove spaces and keep only digits and '+'\n var cleaned = e.target.value.replace(\/[^d+]\/g, '');\n \/\/ Ensure only one '+' at the beginning\n cleaned = cleaned.replace(\/^+?\/, '+').replace(\/+\/g, '');\n e.target.value = cleaned;\n });\n }\n});\n<\/script>\n<\/p>\n<p><label> Votre nom (obligatoire)<br \/>\n<span class=\"wpcf7-form-control-wrap\" data-name=\"your-name\"><input size=\"40\" maxlength=\"400\" class=\"wpcf7-form-control wpcf7-text wpcf7-validates-as-required\" aria-required=\"true\" aria-invalid=\"false\" placeholder=\"\" value=\"\" type=\"text\" name=\"your-name\" \/><\/span> <\/label>\n<\/p>\n<p><label> Votre Email (obligatoire)<br \/>\n<span class=\"wpcf7-form-control-wrap\" data-name=\"your-email\"><input size=\"40\" maxlength=\"400\" class=\"wpcf7-form-control wpcf7-email wpcf7-validates-as-required wpcf7-text wpcf7-validates-as-email\" aria-required=\"true\" aria-invalid=\"false\" placeholder=\"\" value=\"\" type=\"email\" name=\"your-email\" \/><\/span> <\/label>\n<\/p>\n<p><label> Date d'arriv\u00e9e pr\u00e9vue (obligatoire)<br \/>\n<span class=\"wpcf7-form-control-wrap\" data-name=\"arrival-date\"><input class=\"wpcf7-form-control wpcf7-date wpcf7-validates-as-required wpcf7-validates-as-date\" aria-required=\"true\" aria-invalid=\"false\" value=\"\" type=\"date\" name=\"arrival-date\" \/><\/span> <\/label>\n<\/p>\n<p><label> Num\u00e9ro de t\u00e9l\u00e9phone avec indicatif de pays<br \/>\n<span class=\"wpcf7-form-control-wrap\" data-name=\"Phone-number\"><input size=\"40\" maxlength=\"400\" class=\"wpcf7-form-control wpcf7-tel wpcf7-validates-as-required wpcf7-text wpcf7-validates-as-tel\" id=\"phone-number\" aria-required=\"true\" aria-invalid=\"false\" placeholder=\"0034\" value=\"\" type=\"tel\" name=\"Phone-number\" \/><\/span> <\/label>\n<\/p>\n<div style=\"margin-top: 2rem; margin-bottom: 1rem;\">\n\t<p><span class=\"wpcf7-form-control-wrap\" data-name=\"agree-to-terms\"><span class=\"wpcf7-form-control wpcf7-checkbox wpcf7-validates-as-required\"><span class=\"wpcf7-list-item first last\"><label><input type=\"checkbox\" name=\"agree-to-terms[]\" value=\"J&#039;ai lu et j&#039;accepte les termes et conditions du site web, en plus de m&#039;abonner \u00e0 notre lettre d&#039;information*.\" \/><span class=\"wpcf7-list-item-label\">J&#039;ai lu et j&#039;accepte les termes et conditions du site web, en plus de m&#039;abonner \u00e0 notre lettre d&#039;information*.<\/span><\/label><\/span><\/span><\/span>\n\t<\/p>\n<\/div>\n<input class=\"wpcf7-form-control wpcf7-hidden\" value=\"fr\" type=\"hidden\" name=\"language-code\" \/>\n<span class=\"wpcf7-form-control-wrap recaptcha\" data-name=\"recaptcha\"><span data-sitekey=\"6LcO1PEpAAAAADVlAd8e39ScIg9kMDJuZqJKMs5O\" class=\"wpcf7-form-control wpcf7-recaptcha g-recaptcha\"><\/span>\r\n<noscript>\r\n\t<div class=\"grecaptcha-noscript\">\r\n\t\t<iframe loading=\"lazy\" src=\"https:\/\/www.google.com\/recaptcha\/api\/fallback?k=6LcO1PEpAAAAADVlAd8e39ScIg9kMDJuZqJKMs5O\" frameborder=\"0\" scrolling=\"no\" width=\"310\" height=\"430\">\r\n\t\t<\/iframe>\r\n\t\t<textarea name=\"g-recaptcha-response\" rows=\"3\" cols=\"40\" placeholder=\"reCaptcha Response Here\">\r\n\t\t<\/textarea>\r\n\t<\/div>\r\n<\/noscript>\r\n<\/span>\n<div style=\"margin-top: 2rem;\">\n\t<p><input class=\"wpcf7-form-control wpcf7-submit has-spinner mobile-submit\" type=\"submit\" value=\"Obtenez votre guide gratuit\" \/>\n\t<\/p>\n<\/div><div class=\"wpcf7-response-output\" aria-hidden=\"true\"><\/div>\n<\/form>\n<\/div>\n<\/div><\/div><\/div><\/div><\/div><\/div><\/div><\/div><\/section><section class=\"l-section wpb_row us_custom_a61e2493 hide_on_default hide_on_laptops hide_on_tablets hide_on_mobiles height_auto full_height valign_center with_shape\"><div class=\"l-section-shape type_custom pos_bottom\" style=\"height:45%;color:var(--color-content-bg-alt)\"><svg xmlns=\"http:\/\/www.w3.org\/2000\/svg\" viewBox=\"0 0 64 8\" preserveAspectRatio=\"none\" width=\"100%\" height=\"100%\">\r\n\t<path fill=\"currentColor\" d=\"M64 8 L0 8 L0 0 L64 0 Z\"\/>\r\n<\/svg><\/div><div class=\"l-section-h i-cf\"><div class=\"g-cols vc_row via_grid cols_1 laptops-cols_inherit tablets-cols_inherit mobiles-cols_1 valign_top type_default stacking_default\"><div class=\"wpb_column vc_column_container\"><div class=\"vc_column-inner\"><div class=\"g-cols wpb_row us_custom_575a0da4 via_grid cols_2 laptops-cols_inherit tablets-cols_1 mobiles-cols_1 valign_middle type_default stacking_default\" style=\"--columns-gap:0rem;\"><div class=\"wpb_column vc_column_container\"><div class=\"vc_column-inner\"><h2 class=\"w-text\"><span class=\"w-text-h\"><span class=\"w-text-value\">VOTRE GUIDE LOCAL GRATUIT !<\/span><\/span><\/h2><div class=\"w-separator size_small\"><\/div><p class=\"w-text us_custom_b7b762a5\"><span class=\"w-text-h\"><span class=\"w-text-value\">Bonjour, bienvenue sur le Tenerife Channel. Je m&#039;appelle Naomi et j&#039;ai la chance de vivre sur cette \u00eele magnifique.<\/span><\/span><\/p><div class=\"w-text us_custom_c901145c\"><span class=\"w-text-h\"><span class=\"w-text-value\">Laissez-moi \u00eatre votre guide local pour Tenerife.<\/span><\/span><\/div><div class=\"w-text us_custom_b47fcc5d\"><span class=\"w-text-h\"><span class=\"w-text-value\">J&#039;ai cr\u00e9\u00e9 ce PDF gratuit pour simplifier le processus et vous fournir toutes les informations dont vous avez besoin.<\/span><\/span><\/div><div class=\"w-vwrapper us_custom_bc2dc839 align_none valign_top\">\n<div class=\"wpcf7 no-js\" id=\"wpcf7-f9599-o2\" lang=\"fr-FR\" dir=\"ltr\" data-wpcf7-id=\"9599\">\n<div class=\"screen-reader-response\"><p role=\"status\" aria-live=\"polite\" aria-atomic=\"true\"><\/p> <ul><\/ul><\/div>\n<form action=\"\/fr\/wp-json\/wp\/v2\/pages\/4832#wpcf7-f9599-o2\" method=\"post\" class=\"wpcf7-form init\" aria-label=\"Formulaire de contact\" novalidate=\"novalidate\" data-status=\"init\">\n<fieldset class=\"hidden-fields-container\"><input type=\"hidden\" name=\"_wpcf7\" value=\"9599\" \/><input type=\"hidden\" name=\"_wpcf7_version\" value=\"6.1.5\" \/><input type=\"hidden\" name=\"_wpcf7_locale\" value=\"fr_FR\" \/><input type=\"hidden\" name=\"_wpcf7_unit_tag\" value=\"wpcf7-f9599-o2\" \/><input type=\"hidden\" name=\"_wpcf7_container_post\" value=\"0\" \/><input type=\"hidden\" name=\"_wpcf7_posted_data_hash\" value=\"\" \/><input type=\"hidden\" name=\"_wpcf7_recaptcha_response\" value=\"\" \/>\n<\/fieldset>\n<p><script>\ndocument.addEventListener('wpcf7mailsent', function(event) {\n location = 'https:\/\/thetenerifechannel.com\/your-free-guide\/';\n}, false);\n\ndocument.addEventListener('DOMContentLoaded', function() {\n var phoneInput = document.querySelector('input[name= \"Phone-number\"]');\n if (phoneInput) {\n phoneInput.addEventListener('input', function(e) {\n \/\/ Remove spaces and keep only digits and '+'\n var cleaned = e.target.value.replace(\/[^d+]\/g, '');\n \/\/ Ensure only one '+' at the beginning\n cleaned = cleaned.replace(\/^+?\/, '+').replace(\/+\/g, '');\n e.target.value = cleaned;\n });\n }\n});\n<\/script>\n<\/p>\n<p><label> Votre nom (obligatoire)<br \/>\n<span class=\"wpcf7-form-control-wrap\" data-name=\"your-name\"><input size=\"40\" maxlength=\"400\" class=\"wpcf7-form-control wpcf7-text wpcf7-validates-as-required\" aria-required=\"true\" aria-invalid=\"false\" placeholder=\"\" value=\"\" type=\"text\" name=\"your-name\" \/><\/span> <\/label>\n<\/p>\n<p><label> Votre Email (obligatoire)<br \/>\n<span class=\"wpcf7-form-control-wrap\" data-name=\"your-email\"><input size=\"40\" maxlength=\"400\" class=\"wpcf7-form-control wpcf7-email wpcf7-validates-as-required wpcf7-text wpcf7-validates-as-email\" aria-required=\"true\" aria-invalid=\"false\" placeholder=\"\" value=\"\" type=\"email\" name=\"your-email\" \/><\/span> <\/label>\n<\/p>\n<p><label> Date d'arriv\u00e9e pr\u00e9vue (obligatoire)<br \/>\n<span class=\"wpcf7-form-control-wrap\" data-name=\"arrival-date\"><input class=\"wpcf7-form-control wpcf7-date wpcf7-validates-as-required wpcf7-validates-as-date\" aria-required=\"true\" aria-invalid=\"false\" value=\"\" type=\"date\" name=\"arrival-date\" \/><\/span> <\/label>\n<\/p>\n<p><label> Num\u00e9ro de t\u00e9l\u00e9phone avec indicatif de pays<br \/>\n<span class=\"wpcf7-form-control-wrap\" data-name=\"Phone-number\"><input size=\"40\" maxlength=\"400\" class=\"wpcf7-form-control wpcf7-tel wpcf7-validates-as-required wpcf7-text wpcf7-validates-as-tel\" aria-required=\"true\" aria-invalid=\"false\" placeholder=\"0034\" value=\"\" type=\"tel\" name=\"Phone-number\" \/><\/span> <\/label>\n<\/p>\n<div style=\"margin-top: 2rem; margin-bottom: 1rem;\">\n\t<p><span class=\"wpcf7-form-control-wrap\" data-name=\"agree-to-terms\"><span class=\"wpcf7-form-control wpcf7-checkbox wpcf7-validates-as-required\"><span class=\"wpcf7-list-item first last\"><label><input type=\"checkbox\" name=\"agree-to-terms[]\" value=\"J&#039;ai lu et j&#039;accepte les termes et conditions du site web, en plus de m&#039;abonner \u00e0 notre lettre d&#039;information*.\" \/><span class=\"wpcf7-list-item-label\">J&#039;ai lu et j&#039;accepte les termes et conditions du site web, en plus de m&#039;abonner \u00e0 notre lettre d&#039;information*.<\/span><\/label><\/span><\/span><\/span>\n\t<\/p>\n<\/div>\n<input class=\"wpcf7-form-control wpcf7-hidden\" value=\"fr\" type=\"hidden\" name=\"language-code\" \/>\n<span class=\"wpcf7-form-control-wrap recaptcha\" data-name=\"recaptcha\"><span data-sitekey=\"6LcO1PEpAAAAADVlAd8e39ScIg9kMDJuZqJKMs5O\" class=\"wpcf7-form-control wpcf7-recaptcha g-recaptcha\"><\/span>\r\n<noscript>\r\n\t<div class=\"grecaptcha-noscript\">\r\n\t\t<iframe loading=\"lazy\" src=\"https:\/\/www.google.com\/recaptcha\/api\/fallback?k=6LcO1PEpAAAAADVlAd8e39ScIg9kMDJuZqJKMs5O\" frameborder=\"0\" scrolling=\"no\" width=\"310\" height=\"430\">\r\n\t\t<\/iframe>\r\n\t\t<textarea name=\"g-recaptcha-response\" rows=\"3\" cols=\"40\" placeholder=\"reCaptcha Response Here\">\r\n\t\t<\/textarea>\r\n\t<\/div>\r\n<\/noscript>\r\n<\/span>\n<div style=\"margin-top: 2rem;\">\n\t<p><input class=\"wpcf7-form-control wpcf7-submit has-spinner mobile-submit\" type=\"submit\" value=\"Obtenez votre guide gratuit\" \/>\n\t<\/p>\n<\/div><div class=\"wpcf7-response-output\" aria-hidden=\"true\"><\/div>\n<\/form>\n<\/div>\n<\/div><\/div><\/div><div class=\"wpb_column vc_column_container us_custom_b1748d9b hide_on_tablets hide_on_mobiles\"><div class=\"vc_column-inner\"><div class=\"w-image us_custom_214cff5d align_none\"><div class=\"w-image-h\"><img fetchpriority=\"high\" decoding=\"async\" width=\"749\" height=\"1024\" src=\"https:\/\/thetenerifechannel.com\/wp-content\/uploads\/2023\/10\/naomi-749x1024.jpeg\" class=\"attachment-large size-large\" alt=\"\" loading=\"eager\" srcset=\"https:\/\/thetenerifechannel.com\/wp-content\/uploads\/2023\/10\/naomi-749x1024.jpeg 749w, https:\/\/thetenerifechannel.com\/wp-content\/uploads\/2023\/10\/naomi-600x821.jpeg 600w, https:\/\/thetenerifechannel.com\/wp-content\/uploads\/2023\/10\/naomi-219x300.jpeg 219w, https:\/\/thetenerifechannel.com\/wp-content\/uploads\/2023\/10\/naomi.jpeg 936w\" sizes=\"(max-width: 749px) 100vw, 749px\" \/><\/div><\/div><\/div><\/div><\/div><\/div><\/div><\/div><\/div><\/section><section class=\"l-section wpb_row us_custom_e39e2dc9 hide_on_default hide_on_laptops hide_on_tablets hide_on_mobiles height_auto with_shape\"><div class=\"l-section-shape type_custom pos_bottom\" style=\"height:45%;color:var(--color-content-bg-alt)\"><svg xmlns=\"http:\/\/www.w3.org\/2000\/svg\" viewBox=\"0 0 64 8\" preserveAspectRatio=\"none\" width=\"100%\" height=\"100%\">\r\n\t<path fill=\"currentColor\" d=\"M64 8 L0 8 L0 0 L64 0 Z\"\/>\r\n<\/svg><\/div><div class=\"l-section-h i-cf\"><div class=\"g-cols vc_row via_grid cols_1 laptops-cols_inherit tablets-cols_inherit mobiles-cols_1 valign_top type_default stacking_default\"><div class=\"wpb_column vc_column_container\"><div class=\"vc_column-inner\"><div class=\"g-cols wpb_row us_custom_af5e24ac via_grid cols_2 laptops-cols_inherit tablets-cols_1 mobiles-cols_1 valign_middle type_default stacking_default\" style=\"--columns-gap:0rem;\"><div class=\"wpb_column vc_column_container\"><div class=\"vc_column-inner\"><h2 class=\"w-text\"><span class=\"w-text-h\"><span class=\"w-text-value\">VOTRE GUIDE LOCAL GRATUIT !<\/span><\/span><\/h2><div class=\"w-separator size_small\"><\/div><p class=\"w-text us_custom_b7b762a5\"><span class=\"w-text-h\"><span class=\"w-text-value\">Bonjour, bienvenue sur le Tenerife Channel. Je m&#039;appelle Naomi et j&#039;ai la chance de vivre sur cette \u00eele magnifique.<\/span><\/span><\/p><div class=\"w-text us_custom_c901145c\"><span class=\"w-text-h\"><span class=\"w-text-value\">Laissez-moi \u00eatre votre guide local pour Tenerife.<\/span><\/span><\/div><div class=\"w-text us_custom_b47fcc5d\"><span class=\"w-text-h\"><span class=\"w-text-value\">J&#039;ai cr\u00e9\u00e9 ce PDF gratuit pour simplifier le processus et vous fournir toutes les informations dont vous avez besoin.<\/span><\/span><\/div><div class=\"w-hwrapper us_custom_e2da1c40 valign_top align_none\"><form class=\"w-form  us-field-style_1 us_custom_37bd319f layout_ver show_message_after_sending for_cform us_form_1\" action=\"https:\/\/thetenerifechannel.com\/fr\/wp-json\/wp\/v2\/pages\/4832\" method=\"post\"><div class=\"w-form-h\"><div class=\"w-form-row for_email\">\r\n\t\t<div class=\"w-form-row-field\">\r\n\t\t\t\t\t\t<input aria-label=\"E-mail\" type=\"email\" name=\"us_form_1_email_1\" value placeholder=\"E-mail\"\/>\r\n\t\t\t<\/div>\r\n\t\t<div class=\"w-form-row-state\">Veuillez saisir une adresse e-mail valide.<\/div>\r\n<\/div>\r\n<div class=\"w-form-row for_checkboxes required\">\r\n\t\t<div class=\"w-form-row-field\">\r\n\t\t\t\t\t<label>\r\n\t\t\t\t<input type=\"checkbox\" name=\"us_form_1_checkboxes_1[]\" data-required=\"true\" value=\"I have read and agree to the website terms and conditions, in addition to subscribing to our newsletter *\"\/>\r\n\t\t\t\t<span>I have read and agree to the website terms and conditions, in addition to subscribing to our newsletter *<\/span>\r\n\t\t\t<\/label>\r\n\t\t\t\t<\/div>\r\n\t\t<div class=\"w-form-row-state\">S\u00e9lectionner une option<\/div>\r\n<\/div>\r\n<input type=\"hidden\" name=\"action\" value=\"us_ajax_cform\" \/>\r\n<input type=\"hidden\" name=\"post_id\" value=\"0\" \/>\r\n<input type=\"hidden\" name=\"form_index\" value=\"1\" \/>\r\n<div class=\"w-form-row for_submit align_center\"><button class=\"w-btn us-btn-style_1\" type=\"submit\" aria-label=\"Envoyer\"><span class=\"g-preloader type_1\"><\/span><span class=\"w-btn-label\">Envoyer<\/span><\/button><\/div><\/div><div class=\"w-form-message\"><\/div><div class=\"w-form-json hidden\" onclick='return {&quot;ajaxurl&quot;:&quot;https:\\\/\\\/thetenerifechannel.com\\\/wp-admin\\\/admin-ajax.php&quot;,&quot;messages&quot;:{&quot;err_empty&quot;:&quot;Vous devez remplir ce champ&quot;,&quot;err_size&quot;:&quot;La taille du fichier ne peut pas d\\u00e9passer %s Mo&quot;,&quot;err_extension&quot;:&quot;Le type de fichier %s n&#039;est pas autoris\\u00e9&quot;,&quot;err_recaptcha_keys&quot;:&quot;Les cl\\u00e9s reCAPTCHA sont incorrectes&quot;}}'><\/div><\/form><\/div><div class=\"w-text us_custom_b562f174\"><span class=\"w-text-h\"><span class=\"w-text-value\">Nous n&#039;envoyons pas de spams et ne partageons pas vos donn\u00e9es.<\/span><\/span><\/div><\/div><\/div><div class=\"wpb_column vc_column_container us_custom_b1748d9b hide_on_tablets hide_on_mobiles\"><div class=\"vc_column-inner\"><div class=\"w-image us_custom_4481559d align_none\"><div class=\"w-image-h\"><img fetchpriority=\"high\" decoding=\"async\" width=\"749\" height=\"1024\" src=\"https:\/\/thetenerifechannel.com\/wp-content\/uploads\/2023\/10\/naomi-749x1024.jpeg\" class=\"attachment-large size-large\" alt=\"\" loading=\"eager\" srcset=\"https:\/\/thetenerifechannel.com\/wp-content\/uploads\/2023\/10\/naomi-749x1024.jpeg 749w, https:\/\/thetenerifechannel.com\/wp-content\/uploads\/2023\/10\/naomi-600x821.jpeg 600w, https:\/\/thetenerifechannel.com\/wp-content\/uploads\/2023\/10\/naomi-219x300.jpeg 219w, https:\/\/thetenerifechannel.com\/wp-content\/uploads\/2023\/10\/naomi.jpeg 936w\" sizes=\"(max-width: 749px) 100vw, 749px\" \/><\/div><\/div><\/div><\/div><\/div><\/div><\/div><\/div><\/div><\/section>\n","protected":false},"excerpt":{"rendered":"VOTRE GUIDE LOCAL GRATUIT !Bonjour, bienvenue sur le Tenerife Channel. Je m&#039;appelle Naomi et j&#039;ai la chance de vivre sur cette \u00eele magnifique.Laissez-moi \u00eatre votre guide local pour Tenerife.J&#039;ai cr\u00e9\u00e9 ce PDF gratuit pour simplifier le processus et vous fournir toutes les informations dont vous avez besoin. Votre nom (obligatoire) Votre Email (obligatoire) Date d'arriv\u00e9e...","protected":false},"author":15,"featured_media":0,"parent":0,"menu_order":0,"comment_status":"closed","ping_status":"closed","template":"","meta":{"_acf_changed":false,"_joinchat":[],"footnotes":""},"class_list":["post-4832","page","type-page","status-publish","hentry"],"acf":[],"_links":{"self":[{"href":"https:\/\/thetenerifechannel.com\/fr\/wp-json\/wp\/v2\/pages\/4832","targetHints":{"allow":["GET"]}}],"collection":[{"href":"https:\/\/thetenerifechannel.com\/fr\/wp-json\/wp\/v2\/pages"}],"about":[{"href":"https:\/\/thetenerifechannel.com\/fr\/wp-json\/wp\/v2\/types\/page"}],"author":[{"embeddable":true,"href":"https:\/\/thetenerifechannel.com\/fr\/wp-json\/wp\/v2\/users\/15"}],"replies":[{"embeddable":true,"href":"https:\/\/thetenerifechannel.com\/fr\/wp-json\/wp\/v2\/comments?post=4832"}],"version-history":[{"count":0,"href":"https:\/\/thetenerifechannel.com\/fr\/wp-json\/wp\/v2\/pages\/4832\/revisions"}],"wp:attachment":[{"href":"https:\/\/thetenerifechannel.com\/fr\/wp-json\/wp\/v2\/media?parent=4832"}],"curies":[{"name":"wp","href":"https:\/\/api.w.org\/{rel}","templated":true}]}}