{"id":4835,"date":"2023-08-04T07:41:43","date_gmt":"2023-08-04T07:41:43","guid":{"rendered":"https:\/\/thetenerifechannel.com\/conditions-generales-dutilisation\/"},"modified":"2024-02-07T23:22:55","modified_gmt":"2024-02-07T23:22:55","slug":"conditions-generales-dutilisation","status":"publish","type":"page","link":"https:\/\/thetenerifechannel.com\/fr\/conditions-generales-dutilisation\/","title":{"rendered":"Conditions g\u00e9n\u00e9rales d&#8217;utilisation"},"content":{"rendered":"<section class=\"l-section wpb_row height_huge\"><div class=\"l-section-h i-cf\"><div class=\"g-cols vc_row via_grid cols_1 laptops-cols_inherit tablets-cols_inherit mobiles-cols_1 valign_top type_default stacking_default\"><div class=\"wpb_column vc_column_container\"><div class=\"vc_column-inner\"><div class=\"wpb_text_column\"><div class=\"wpb_wrapper\"><p class=\"p1\"><span class=\"s1\"><b>CONDITIONS G\u00c9N\u00c9RALES<\/b><\/span><\/p>\n<p class=\"p2\"><b>CONDITIONS D&#8217;ACHAT EN LIGNE<\/b><\/p>\n<p class=\"p3\"><b>I. PROPRI\u00c9T\u00c9 DU SITE WEB<\/b><\/p>\n<p class=\"p4\">BELMION INVERSIONES SL (ci-apr\u00e8s d\u00e9nomm\u00e9e BELMION), soci\u00e9t\u00e9 de droit espagnol dont le code fiscal est le suivant B-67653071 est le propri\u00e9taire du site thetenerifechannel.com (ci-apr\u00e8s, le site).<\/p>\n<p class=\"p5\"><span class=\"s2\">Service client\u00e8le : <a href=\"mailto:belmioninversiones@protonmail.com\"><br \/>\n  <span class=\"s3\">belmioninversiones@protonmail.com<\/span><br \/>\n<\/a><\/span><\/p>\n<p class=\"p3\"><b>II. CONDITIONS G\u00c9N\u00c9RALES<\/b><\/p>\n<p class=\"p4\">Les pr\u00e9sentes conditions d&#8217;achat en ligne r\u00e9gissent express\u00e9ment les relations entre BELMION et les consommateurs qui commandent les services ou produits propos\u00e9s sur le site.<\/p>\n<p class=\"p4\">Les pr\u00e9sentes conditions d&#8217;achat ont \u00e9t\u00e9 r\u00e9dig\u00e9es conform\u00e9ment aux dispositions de la loi espagnole 34\/2002 sur les services de la soci\u00e9t\u00e9 de l&#8217;information et le commerce \u00e9lectronique, de la loi 7\/1998 sur les conditions g\u00e9n\u00e9rales de contrat, du d\u00e9cret royal 1906\/1999 r\u00e9glementant les contrats par t\u00e9l\u00e9phone et par voie \u00e9lectronique au moyen des conditions g\u00e9n\u00e9rales vis\u00e9es \u00e0 l&#8217;article 5.3 de la loi 7\/1998, le d\u00e9cret royal l\u00e9gislatif 1\/2007 du 16 novembre 2007, approuvant le texte consolid\u00e9 de la loi g\u00e9n\u00e9rale espagnole de protection des consommateurs et des usagers et d&#8217;autres lois compl\u00e9mentaires, la loi 7\/1996 sur le commerce de d\u00e9tail (modifi\u00e9e par la disposition finale 2.2 de la loi 3\/2014, du 27 mars 2014), le d\u00e9cret royal 1906\/1999 sur le commerce \u00e9lectronique, le d\u00e9cret royal 1906\/1999, r\u00e9glementant le contrat t\u00e9l\u00e9phonique et \u00e9lectronique au moyen de conditions g\u00e9n\u00e9rales, conform\u00e9ment \u00e0 l&#8217;article 5. Ref. BOE-A-2014-3329), la loi 6\/2020, du 11 novembre 2020, r\u00e9glementant certains aspects des services \u00e9lectroniques confidentiels, publi\u00e9e le 12 novembre au Bulletin officiel de l&#8217;\u00c9tat, et toute autre disposition l\u00e9gale applicable.<\/p>\n<p class=\"p4\">Avant d&#8217;effectuer votre achat en ligne, rappelez-vous que vous devez donner votre consentement expr\u00e8s au traitement de vos donn\u00e9es personnelles par BELMION INVERSIONES SL en remplissant le formulaire pr\u00e9vu \u00e0 cet effet sur notre site Web.<\/p>\n<p class=\"p3\"><strong>INFORMATIONS PR\u00c9CONTRACTUELLES<\/strong><\/p>\n<p class=\"p4\">Les pr\u00e9sentes conditions d&#8217;achat en ligne ont pour objet de r\u00e9gir les conditions g\u00e9n\u00e9rales de fourniture des services offerts par BELMION par l&#8217;interm\u00e9diaire du site web <a href=\"http:\/\/thetenerifechannel.com\"><br \/>\n  <span class=\"s4\">thetenerifechannel.com<\/span><br \/>\n<\/a>. Les services qui sont actuellement fournis par BELMION et qui font l&#8217;objet du contrat avec les consommateurs sont les services relatifs \u00e0 la vente de certains types de billets pour les diff\u00e9rentes excursions que l&#8217;entreprise propose.<\/p>\n<p class=\"p4\">Les produits et services propos\u00e9s par BELMION peuvent \u00eatre acquis par tout consommateur r\u00e9sidant en Espagne ou dans un autre \u00c9tat membre de l&#8217;Union europ\u00e9enne ou de l&#8217;Espace \u00e9conomique europ\u00e9en, ainsi que par les consommateurs r\u00e9sidant dans un \u00c9tat non membre de l&#8217;Union europ\u00e9enne ou de l&#8217;Espace \u00e9conomique europ\u00e9en, mais auxquels s&#8217;applique le droit espagnol.<\/p>\n<p class=\"p4\">Le service de vente des billets BELMION ainsi que de tout autre produit propos\u00e9 sur nos sites Internet est mis en place \u00e0 titre on\u00e9reux, et le prix TTC de chaque produit est affich\u00e9 sur le site \u00e0 tout moment.<\/p>\n<p class=\"p4\">L&#8217;acc\u00e8s aux informations contenues dans nos sites web n&#8217;est soumis \u00e0 aucune forme de paiement.<\/p>\n<p class=\"p4\">Le consommateur comprend que les informations contenues sur nos sites web, y compris les informations g\u00e9n\u00e9rales sur le catalogue de services ainsi que sur les autres produits propos\u00e9s sur les sites web, et les conditions g\u00e9n\u00e9rales d&#8217;achat en ligne et d&#8217;ex\u00e9cution du contrat, sont suffisantes pour exclure toute erreur dans le consentement de ces derni\u00e8res.<\/p>\n<p class=\"p3\"><strong>1.1. Proc\u00e9dures<\/strong><\/p>\n<p class=\"p4\">Afin de proc\u00e9der \u00e0 l&#8217;utilisation des diff\u00e9rents services offerts sur les sites web, le consommateur doit suivre toutes les directions et instructions affich\u00e9es sur l&#8217;\u00e9cran \u00e0 chaque \u00e9tape du processus d&#8217;achat, en fournissant \u00e0 cette fin les informations requises dans les formulaires pr\u00e9vus sur les sites web, ce qui implique la lecture pr\u00e9alable et l&#8217;acceptation de toutes les conditions g\u00e9n\u00e9rales d&#8217;achat en ligne qui y sont \u00e9nonc\u00e9es ; le consommateur reconna\u00eet ainsi conna\u00eetre et accepter les proc\u00e9dures susmentionn\u00e9es comme \u00e9tant n\u00e9cessaires pour acc\u00e9der aux produits et services offerts sur le site web.<\/p>\n<p class=\"p4\">Le consommateur finalisera le processus d&#8217;achat apr\u00e8s en avoir accompli toutes les phases, envoy\u00e9 \u00e9lectroniquement le bon de commande et rempli l&#8217;obligation de paiement par l&#8217;une des diff\u00e9rentes m\u00e9thodes disponibles, soit par &#8220;carte de cr\u00e9dit&#8221;, soit en utilisant le syst\u00e8me &#8220;Paypal&#8221;.<\/p>\n<p class=\"p4\">Les pr\u00e9sentes conditions g\u00e9n\u00e9rales d&#8217;achat en ligne feront partie du contrat au moment de l&#8217;acceptation expresse du consommateur, attest\u00e9e par le fait de compl\u00e9ter et d&#8217;envoyer les donn\u00e9es saisies au cours de la proc\u00e9dure d&#8217;achat.<\/p>\n<p class=\"p4\">L&#8217;utilisation de l&#8217;un des services du site web implique l&#8217;acceptation sans r\u00e9serve de toutes et chacune des conditions g\u00e9n\u00e9rales d&#8217;utilisation des sites web ainsi que des conditions g\u00e9n\u00e9rales d&#8217;achat en ligne et, le cas \u00e9ch\u00e9ant, des conditions sp\u00e9cifiques d&#8217;achat qui sont mises \u00e0 la disposition du consommateur avant la r\u00e9alisation du processus d&#8217;achat, et qui r\u00e9gissent l&#8217;acquisition des billets ainsi que l&#8217;acquisition de tous les autres produits et services offerts sur le site web.<\/p>\n<p class=\"p3\"><strong>1.2. Documentation et langue<\/strong><\/p>\n<p class=\"p4\">En cas d&#8217;acquisition de produits, \u00e0 l&#8217;issue du processus d&#8217;achat, le consommateur recevra par e-mail une facture simplifi\u00e9e (ticket ou bon) pour l&#8217;achat effectu\u00e9 \u00e0 l&#8217;aide d&#8217;un code-barres ou d&#8217;un code QR valide, qui pourra \u00eatre \u00e9chang\u00e9 contre des tickets sur place et\/ou donnant acc\u00e8s \u00e0 l&#8217;activit\u00e9 r\u00e9serv\u00e9e.<\/p>\n<p class=\"p4\">Le consommateur ne peut pas exercer le droit de r\u00e9tractation, \u00e9tant donn\u00e9 que l&#8217;une des exceptions l\u00e9galement reconnues, \u00e9nonc\u00e9es \u00e0 l&#8217;article 103, lettre L, du d\u00e9cret l\u00e9gislatif royal 1\/2007 du 16 novembre 2007 portant approbation du texte consolid\u00e9 de la loi g\u00e9n\u00e9rale espagnole pour la protection des consommateurs et des utilisateurs (TRLGDCU) et d&#8217;autres lois compl\u00e9mentaires, s&#8217;applique dans ce cas. L&#8217;article stipule litt\u00e9ralement : &#8220;Le droit de r\u00e9tractation ne s&#8217;applique pas aux contrats portant sur les \u00e9l\u00e9ments suivants : La fourniture de services d&#8217;h\u00e9bergement \u00e0 des fins autres que le logement, le transport de marchandises, la location de v\u00e9hicules, la restauration ou les services li\u00e9s aux activit\u00e9s de loisirs si le contrat pr\u00e9voit une date ou une p\u00e9riode d&#8217;ex\u00e9cution d\u00e9termin\u00e9e.&#8221;<\/p>\n<p class=\"p4\">Pour toute incidence, r\u00e9clamation ou exercice de ses droits, le consommateur peut envoyer un courrier \u00e9lectronique \u00e0 l&#8217;adresse suivante : <a href=\"mailto:belmioninversiones@protonmail.com\"><br \/>\n  <span class=\"s4\">belmioninversiones@protonmail.com<\/span><br \/>\n<\/a><\/p>\n<p class=\"p3\">Plans d&#8217;urgence :<\/p>\n<p class=\"p7\"><span class=\"s5\">Mont Teide, parcs \u00e0 th\u00e8me, observation des baleines et des dauphins et toutes autres activit\u00e9s<\/span><\/p>\n<p class=\"p4\">S&#8217;il n&#8217;est pas possible de r\u00e9aliser l&#8217;activit\u00e9 en raison de conditions m\u00e9t\u00e9orologiques d\u00e9favorables ou pour des raisons techniques, le montant total est rembours\u00e9.<\/p>\n<p class=\"p3\"><strong>ANNULATIONS<\/strong><\/p>\n<p class=\"p4\">Les demandes de modification ou d&#8217;annulation des r\u00e9servations pour toute activit\u00e9 motiv\u00e9es par la fermeture de celle-ci en raison de conditions m\u00e9t\u00e9orologiques ne donnent lieu \u00e0 aucune facturation. Nous essaierons de modifier la date en fonction des disponibilit\u00e9s, ou d&#8217;annuler votre billet sans frais jusqu&#8217;\u00e0 18h00 le jour pr\u00e9c\u00e9dant la date r\u00e9serv\u00e9e. Pass\u00e9 ce d\u00e9lai, ou si la r\u00e9servation est effectu\u00e9e apr\u00e8s 18 heures la veille, il ne sera plus possible d&#8217;effectuer des modifications ou des annulations et aucun remboursement ne sera effectu\u00e9.<\/p>\n<p class=\"p4\">Pour toutes les activit\u00e9s, les changements de date ou les annulations peuvent \u00eatre effectu\u00e9s gratuitement jusqu&#8217;\u00e0 24 heures avant l&#8217;activit\u00e9, en fonction des disponibilit\u00e9s. Pass\u00e9 ce d\u00e9lai, 100 % du montant sera factur\u00e9.<\/p>\n<p class=\"p3\">L&#8217;utilisation de codes promotionnels sur le site web<\/p>\n<p class=\"p4\">Les consommateurs peuvent recevoir, en m\u00eame temps que leur bon, un code promotionnel \u00e0 utiliser lors d&#8217;achats futurs sur ce site.<\/p>\n<p class=\"p4\">Ces codes promotionnels, re\u00e7us par le consommateur avec son bon pour l&#8217;achat d&#8217;une activit\u00e9, ne seront valables que pour l&#8217;achat futur de n&#8217;importe quelle activit\u00e9 du catalogue qui s&#8217;applique. Cela inclut son utilisation pour r\u00e9server la m\u00eame activit\u00e9 pour laquelle le code promotionnel a \u00e9t\u00e9 re\u00e7u, si l&#8217;activit\u00e9 n&#8217;a pas \u00e9t\u00e9 annul\u00e9e par le consommateur. Les codes promotionnels ne sont pas cumulables avec d&#8217;autres promotions et ne peuvent \u00eatre utilis\u00e9s qu&#8217;une seule fois.<\/p>\n<p class=\"p3\"><strong>1.4. Modification des conditions g\u00e9n\u00e9rales d&#8217;achat en ligne<\/strong><\/p>\n<p class=\"p4\">BELMION se r\u00e9serve le droit de modifier \u00e0 tout moment les pr\u00e9sentes Conditions G\u00e9n\u00e9rales d&#8217;Achat en Ligne ou, le cas \u00e9ch\u00e9ant, les Conditions Particuli\u00e8res d&#8217;Achat applicables, ainsi que toute autre condition g\u00e9n\u00e9rale ou sp\u00e9cifique, r\u00e8glement d&#8217;utilisation ou notice applicable. L&#8217;obligation d&#8217;informer les consommateurs est consid\u00e9r\u00e9e comme remplie par la modification des conditions g\u00e9n\u00e9rales figurant sur les sites web BELMION.<\/p>\n<p class=\"p4\">En tout \u00e9tat de cause, il sera toujours possible de lire, avant d&#8217;acheter des produits ou des services, les conditions g\u00e9n\u00e9rales d&#8217;achat en ligne et, le cas \u00e9ch\u00e9ant, les conditions sp\u00e9cifiques d&#8217;achat qui peuvent s&#8217;appliquer. En outre, l&#8217;entreprise se r\u00e9serve le droit de modifier \u00e0 tout moment l&#8217;affichage, les param\u00e8tres et l&#8217;emplacement du site web, ainsi que son contenu et ses conditions d&#8217;utilisation.<\/p>\n<p class=\"p3\"><strong>PROTECTION DES DONN\u00c9ES PERSONNELLES<\/strong><\/p>\n<p class=\"p4\">Les donn\u00e9es personnelles que le consommateur saisit sur le site Web et toute autre donn\u00e9e g\u00e9n\u00e9r\u00e9e par la suite dans le cadre de sa relation avec nous seront incorpor\u00e9es dans le registre des activit\u00e9s de traitement d\u00e9tenu par Belmion Inversiones SL. Les donn\u00e9es seront trait\u00e9es dans le but de d\u00e9velopper, de maintenir et de contr\u00f4ler la relation entre le consommateur et nous et, en particulier, de traiter l&#8217;achat de billets ou d&#8217;autres produits ainsi que les demandes que le consommateur peut nous adresser et de maintenir la communication afin d&#8217;am\u00e9liorer nos services et \u00e0 des fins statistiques.<\/p>\n<p class=\"p3\"><strong>LE DROIT APPLICABLE. JURIDICTION<\/strong><\/p>\n<p class=\"p4\">Les pr\u00e9sentes conditions g\u00e9n\u00e9rales sont r\u00e9gies par la loi espagnole. Les parties peuvent choisir de soumettre la r\u00e9solution de tout litige aux tribunaux du domicile du consommateur et renoncer ainsi express\u00e9ment \u00e0 toute autre juridiction.<\/p>\n<\/div><\/div><\/div><\/div><\/div><\/div><\/section>\n","protected":false},"excerpt":{"rendered":"CONDITIONS G\u00c9N\u00c9RALES CONDITIONS D&#8217;ACHAT EN LIGNE I. PROPRI\u00c9T\u00c9 DU SITE WEB BELMION INVERSIONES SL (ci-apr\u00e8s d\u00e9nomm\u00e9e BELMION), soci\u00e9t\u00e9 de droit espagnol dont le code fiscal est le suivant B-67653071 est le propri\u00e9taire du site thetenerifechannel.com (ci-apr\u00e8s, le site). Service client\u00e8le : belmioninversiones@protonmail.com II. CONDITIONS G\u00c9N\u00c9RALES Les pr\u00e9sentes conditions d&#8217;achat en ligne r\u00e9gissent express\u00e9ment les relations...","protected":false},"author":15,"featured_media":0,"parent":0,"menu_order":0,"comment_status":"closed","ping_status":"closed","template":"","meta":{"_acf_changed":false,"_joinchat":[],"footnotes":""},"class_list":["post-4835","page","type-page","status-publish","hentry"],"acf":[],"_links":{"self":[{"href":"https:\/\/thetenerifechannel.com\/fr\/wp-json\/wp\/v2\/pages\/4835","targetHints":{"allow":["GET"]}}],"collection":[{"href":"https:\/\/thetenerifechannel.com\/fr\/wp-json\/wp\/v2\/pages"}],"about":[{"href":"https:\/\/thetenerifechannel.com\/fr\/wp-json\/wp\/v2\/types\/page"}],"author":[{"embeddable":true,"href":"https:\/\/thetenerifechannel.com\/fr\/wp-json\/wp\/v2\/users\/15"}],"replies":[{"embeddable":true,"href":"https:\/\/thetenerifechannel.com\/fr\/wp-json\/wp\/v2\/comments?post=4835"}],"version-history":[{"count":0,"href":"https:\/\/thetenerifechannel.com\/fr\/wp-json\/wp\/v2\/pages\/4835\/revisions"}],"wp:attachment":[{"href":"https:\/\/thetenerifechannel.com\/fr\/wp-json\/wp\/v2\/media?parent=4835"}],"curies":[{"name":"wp","href":"https:\/\/api.w.org\/{rel}","templated":true}]}}