{"id":4855,"date":"2023-08-01T14:55:13","date_gmt":"2023-08-01T14:55:13","guid":{"rendered":"https:\/\/thetenerifechannel.com\/videos\/"},"modified":"2024-02-07T23:22:54","modified_gmt":"2024-02-07T23:22:54","slug":"videos","status":"publish","type":"page","link":"https:\/\/thetenerifechannel.com\/fr\/videos\/","title":{"rendered":"Vid\u00e9os"},"content":{"rendered":"<section class=\"l-section wpb_row us_custom_6a4d3d6c height_huge\"><div class=\"l-section-h i-cf\"><div class=\"g-cols vc_row via_grid cols_1 laptops-cols_inherit tablets-cols_inherit mobiles-cols_1 valign_middle type_default stacking_default\"><div class=\"wpb_column vc_column_container\"><div class=\"vc_column-inner\"><div class=\"wpb_text_column us_custom_a71212be\"><div class=\"wpb_wrapper\"><p style=\"text-align: center;\"><strong>SECTION VID\u00c9OS<\/strong><\/p>\n<\/div><\/div><div class=\"wpb_text_column\"><div class=\"wpb_wrapper\"><h1 style=\"text-align: center;\"><span style=\"color: #8bcdc5;\">La cha\u00eene Tenerife<\/span><\/h1>\n<p style=\"text-align: center;\"><strong>Vous cherchez ce qu&#8217;il y a \u00e0 faire lors de vos prochaines vacances \u00e0 Tenerife, mais vous vous sentez un peu d\u00e9pass\u00e9 par toutes les informations disponibles ?<\/strong><\/p>\n<p style=\"text-align: center;\">Alors laissez-nous vous emmener en visite virtuelle. Nous vous donnons des conseils d&#8217;initi\u00e9s pour vous aider \u00e0 faire les bons choix.<\/p>\n<p style=\"text-align: center;\">Nos vid\u00e9os fournissent toutes les informations sur les vacances que vous recherchez en un seul endroit.<\/p>\n<p style=\"text-align: center;\">Alors, asseyez-vous, d\u00e9tendez-vous et commencez \u00e0 planifier votre prochaine aventure avec nous.<\/p>\n<\/div><\/div><div class=\"w-separator size_custom\" style=\"height:30px\" id=\"oef6\"><style><\/style><\/div><\/div><\/div><\/div><\/div><\/section><section class=\"l-section wpb_row us_custom_f3f68ac4 height_huge with_img\" id=\"1\"><div class=\"l-section-img\" role=\"img\" aria-label=\"Image\" data-img-width=\"1200\" data-img-height=\"1000\" style=\"background-image: url(https:\/\/thetenerifechannel.com\/wp-content\/uploads\/2023\/08\/fondo.jpg);\"><\/div><div class=\"l-section-h i-cf\"><div class=\"g-cols vc_row via_grid cols_1 laptops-cols_inherit tablets-cols_inherit mobiles-cols_1 valign_middle type_default stacking_default\"><div class=\"wpb_column vc_column_container\"><div class=\"vc_column-inner\"><div class=\"wpb_text_column us_custom_a71212be\"><div class=\"wpb_wrapper\"><p><strong>D\u00e9couvrez nos vid\u00e9os !<\/strong><\/p>\n<\/div><\/div><div class=\"w-separator size_custom with_line width_default thick_5 style_solid color_primary align_left\" style=\"height:\"><div class=\"w-separator-h\"><\/div><\/div><div class=\"w-separator size_custom\" style=\"height:30px\" id=\"p717\"><style><\/style><\/div><div class=\"w-video us_custom_06cb23bc align_none ratio_initial has_iframe\"><div class=\"w-video-h\"><iframe title=\"Youtube video player\" src=\"\/\/www.youtube.com\/embed\/DWk8gHUOJfE?autoplay=0&controls=1&origin=https:\/\/thetenerifechannel.com\/fr\/&loop=0&mute=0\" allowfullscreen=\"1\" loading=\"lazy\"><\/iframe><\/div><\/div><div class=\"w-separator size_custom\" style=\"height:30px\" id=\"zb78\"><style><\/style><\/div><div class=\"w-separator size_custom\" style=\"height:30px\" id=\"xcb3\"><style><\/style><\/div><div class=\"w-separator size_custom\" style=\"height:30px\" id=\"we37\"><style><\/style><\/div><div class=\"g-cols wpb_row via_grid cols_2 laptops-cols_inherit tablets-cols_inherit mobiles-cols_1 valign_top type_default stacking_default\" style=\"--columns-gap:3rem;\"><div class=\"wpb_column vc_column_container\"><div class=\"vc_column-inner\"><div class=\"wpb_text_column us_custom_a71212be\"><div class=\"wpb_wrapper\"><p><strong>Localisation des sites<\/strong><\/p>\n<\/div><\/div><div class=\"w-separator size_custom with_line width_default thick_5 style_solid color_primary align_left\" style=\"height:\"><div class=\"w-separator-h\"><\/div><\/div><div class=\"w-separator size_custom\" style=\"height:40px\"><\/div><div class=\"w-video us_custom_06cb23bc align_none ratio_initial has_iframe\"><div class=\"w-video-h\"><iframe title=\"Youtube video player\" src=\"\/\/www.youtube.com\/embed\/FYUgJ4Kk8VU?autoplay=0&controls=1&origin=https:\/\/thetenerifechannel.com\/fr\/&loop=0&mute=0\" allowfullscreen=\"1\" loading=\"lazy\"><\/iframe><\/div><\/div><div class=\"w-separator size_medium\"><\/div><div class=\"w-video us_custom_06cb23bc align_none ratio_initial has_iframe\"><div class=\"w-video-h\"><iframe title=\"Youtube video player\" src=\"\/\/www.youtube.com\/embed\/h-YkvjziVEM?autoplay=0&controls=1&origin=https:\/\/thetenerifechannel.com\/fr\/&loop=0&mute=0\" allowfullscreen=\"1\" loading=\"lazy\"><\/iframe><\/div><\/div><div class=\"w-separator size_medium\"><\/div><div class=\"w-video us_custom_06cb23bc align_none ratio_initial has_iframe\"><div class=\"w-video-h\"><iframe title=\"Youtube video player\" src=\"\/\/www.youtube.com\/embed\/6DM3DiEWTiw?autoplay=0&controls=1&origin=https:\/\/thetenerifechannel.com\/fr\/&loop=0&mute=0\" allowfullscreen=\"1\" loading=\"lazy\"><\/iframe><\/div><\/div><div class=\"w-separator size_medium\"><\/div><div class=\"w-video us_custom_06cb23bc align_none ratio_initial has_iframe\"><div class=\"w-video-h\"><iframe title=\"Youtube video player\" src=\"\/\/www.youtube.com\/embed\/0QhQMH_G7gg?autoplay=0&controls=1&origin=https:\/\/thetenerifechannel.com\/fr\/&loop=0&mute=0\" allowfullscreen=\"1\" loading=\"lazy\"><\/iframe><\/div><\/div><div class=\"w-separator size_medium\"><\/div><div class=\"w-video us_custom_06cb23bc align_none ratio_initial has_iframe\"><div class=\"w-video-h\"><iframe title=\"Youtube video player\" src=\"\/\/www.youtube.com\/embed\/yItZZO6vZ80?autoplay=0&controls=1&origin=https:\/\/thetenerifechannel.com\/fr\/&loop=0&mute=0\" allowfullscreen=\"1\" loading=\"lazy\"><\/iframe><\/div><\/div><div class=\"w-separator size_medium\"><\/div><div class=\"w-video us_custom_06cb23bc align_none ratio_initial has_iframe\"><div class=\"w-video-h\"><iframe title=\"Youtube video player\" src=\"\/\/www.youtube.com\/embed\/q0uRFNF1vFw?autoplay=0&controls=1&origin=https:\/\/thetenerifechannel.com\/fr\/&loop=0&mute=0\" allowfullscreen=\"1\" loading=\"lazy\"><\/iframe><\/div><\/div><div class=\"w-separator size_medium\"><\/div><div class=\"w-video us_custom_06cb23bc align_none ratio_initial has_iframe\"><div class=\"w-video-h\"><iframe title=\"Youtube video player\" src=\"\/\/www.youtube.com\/embed\/97om7r6rO28?autoplay=0&controls=1&origin=https:\/\/thetenerifechannel.com\/fr\/&loop=0&mute=0\" allowfullscreen=\"1\" loading=\"lazy\"><\/iframe><\/div><\/div><div class=\"w-separator size_medium\"><\/div><div class=\"w-video us_custom_06cb23bc align_none ratio_initial has_iframe\"><div class=\"w-video-h\"><iframe title=\"Youtube video player\" src=\"\/\/www.youtube.com\/embed\/bXywKEopyPo?autoplay=0&controls=1&origin=https:\/\/thetenerifechannel.com\/fr\/&loop=0&mute=0\" allowfullscreen=\"1\" loading=\"lazy\"><\/iframe><\/div><\/div><div class=\"w-separator size_medium\"><\/div><div class=\"w-video us_custom_06cb23bc align_none ratio_initial has_iframe\"><div class=\"w-video-h\"><iframe title=\"Youtube video player\" src=\"\/\/www.youtube.com\/embed\/uG89FKEJUpk?autoplay=0&controls=1&origin=https:\/\/thetenerifechannel.com\/fr\/&loop=0&mute=0\" allowfullscreen=\"1\" loading=\"lazy\"><\/iframe><\/div><\/div><div class=\"w-separator size_medium\"><\/div><div class=\"w-separator size_medium\"><\/div><div class=\"w-separator size_medium\"><\/div><\/div><\/div><div class=\"wpb_column vc_column_container\"><div class=\"vc_column-inner\"><div class=\"wpb_text_column us_custom_a71212be\"><div class=\"wpb_wrapper\"><p><strong>Ce qu&#8217;il faut faire<\/strong><\/p>\n<\/div><\/div><div class=\"w-separator size_custom with_line width_default thick_5 style_solid color_primary align_left\" style=\"height:\"><div class=\"w-separator-h\"><\/div><\/div><div class=\"w-separator size_custom\" style=\"height:40px\"><\/div><div class=\"w-video us_custom_06cb23bc align_none ratio_initial has_iframe\"><div class=\"w-video-h\"><iframe title=\"Youtube video player\" src=\"\/\/www.youtube.com\/embed\/f8UcoGWpJfE?autoplay=0&controls=1&origin=https:\/\/thetenerifechannel.com\/fr\/&loop=0&mute=0\" allowfullscreen=\"1\" loading=\"lazy\"><\/iframe><\/div><\/div><div class=\"w-separator size_medium\"><\/div><div class=\"w-video us_custom_06cb23bc align_none ratio_initial has_iframe\"><div class=\"w-video-h\"><iframe title=\"Youtube video player\" src=\"\/\/www.youtube.com\/embed\/H5payJHeDL0?autoplay=0&controls=1&origin=https:\/\/thetenerifechannel.com\/fr\/&loop=0&mute=0\" allowfullscreen=\"1\" loading=\"lazy\"><\/iframe><\/div><\/div><div class=\"w-separator size_medium\"><\/div><div class=\"w-video us_custom_06cb23bc align_none ratio_initial has_iframe\"><div class=\"w-video-h\"><iframe title=\"Youtube video player\" src=\"\/\/www.youtube.com\/embed\/g2ASYXJr-kw?autoplay=0&controls=1&origin=https:\/\/thetenerifechannel.com\/fr\/&loop=0&mute=0\" allowfullscreen=\"1\" loading=\"lazy\"><\/iframe><\/div><\/div><div class=\"w-separator size_medium\"><\/div><div class=\"w-video us_custom_06cb23bc align_none ratio_initial has_iframe\"><div class=\"w-video-h\"><iframe title=\"Youtube video player\" src=\"\/\/www.youtube.com\/embed\/0xV-veMKERU?autoplay=0&controls=1&origin=https:\/\/thetenerifechannel.com\/fr\/&loop=0&mute=0\" allowfullscreen=\"1\" loading=\"lazy\"><\/iframe><\/div><\/div><div class=\"w-separator size_medium\"><\/div><div class=\"w-video us_custom_06cb23bc align_none ratio_initial has_iframe\"><div class=\"w-video-h\"><iframe title=\"Youtube video player\" src=\"\/\/www.youtube.com\/embed\/_50xw2nSLsA?autoplay=0&controls=1&origin=https:\/\/thetenerifechannel.com\/fr\/&loop=0&mute=0\" allowfullscreen=\"1\" loading=\"lazy\"><\/iframe><\/div><\/div><div class=\"w-separator size_medium\"><\/div><div class=\"w-video us_custom_06cb23bc align_none ratio_initial has_iframe\"><div class=\"w-video-h\"><iframe title=\"Youtube video player\" src=\"\/\/www.youtube.com\/embed\/bXywKEopyPo?autoplay=0&controls=1&origin=https:\/\/thetenerifechannel.com\/fr\/&loop=0&mute=0\" allowfullscreen=\"1\" loading=\"lazy\"><\/iframe><\/div><\/div><div class=\"w-separator size_medium\"><\/div><div class=\"w-video us_custom_06cb23bc align_none ratio_initial has_iframe\"><div class=\"w-video-h\"><iframe title=\"Youtube video player\" src=\"\/\/www.youtube.com\/embed\/yItZZO6vZ80?autoplay=0&controls=1&origin=https:\/\/thetenerifechannel.com\/fr\/&loop=0&mute=0\" allowfullscreen=\"1\" loading=\"lazy\"><\/iframe><\/div><\/div><div class=\"w-separator size_medium\"><\/div><div class=\"w-video us_custom_06cb23bc align_none ratio_initial has_iframe\"><div class=\"w-video-h\"><iframe title=\"Youtube video player\" src=\"\/\/www.youtube.com\/embed\/TxoVCUdtEZ8?autoplay=0&controls=1&origin=https:\/\/thetenerifechannel.com\/fr\/&loop=0&mute=0\" allowfullscreen=\"1\" loading=\"lazy\"><\/iframe><\/div><\/div><div class=\"w-separator size_medium\"><\/div><div class=\"w-video us_custom_06cb23bc align_none ratio_initial has_iframe\"><div class=\"w-video-h\"><iframe title=\"Youtube video player\" src=\"\/\/www.youtube.com\/embed\/q0uRFNF1vFw?autoplay=0&controls=1&origin=https:\/\/thetenerifechannel.com\/fr\/&loop=0&mute=0\" allowfullscreen=\"1\" loading=\"lazy\"><\/iframe><\/div><\/div><div class=\"w-separator size_medium\"><\/div><div class=\"w-video us_custom_06cb23bc align_none ratio_initial has_iframe\"><div class=\"w-video-h\"><iframe title=\"Youtube video player\" src=\"\/\/www.youtube.com\/embed\/uG89FKEJUpk?autoplay=0&controls=1&origin=https:\/\/thetenerifechannel.com\/fr\/&loop=0&mute=0\" allowfullscreen=\"1\" loading=\"lazy\"><\/iframe><\/div><\/div><div class=\"w-separator size_medium\"><\/div><div class=\"w-separator size_medium\"><\/div><\/div><\/div><\/div><\/div><\/div><\/div><\/div><\/section>\n","protected":false},"excerpt":{"rendered":"SECTION VID\u00c9OS La cha\u00eene Tenerife Vous cherchez ce qu&#8217;il y a \u00e0 faire lors de vos prochaines vacances \u00e0 Tenerife, mais vous vous sentez un peu d\u00e9pass\u00e9 par toutes les informations disponibles ? Alors laissez-nous vous emmener en visite virtuelle. Nous vous donnons des conseils d&#8217;initi\u00e9s pour vous aider \u00e0 faire les bons choix. Nos...","protected":false},"author":15,"featured_media":0,"parent":0,"menu_order":0,"comment_status":"closed","ping_status":"closed","template":"","meta":{"_acf_changed":false,"_joinchat":[],"footnotes":""},"class_list":["post-4855","page","type-page","status-publish","hentry"],"acf":[],"_links":{"self":[{"href":"https:\/\/thetenerifechannel.com\/fr\/wp-json\/wp\/v2\/pages\/4855","targetHints":{"allow":["GET"]}}],"collection":[{"href":"https:\/\/thetenerifechannel.com\/fr\/wp-json\/wp\/v2\/pages"}],"about":[{"href":"https:\/\/thetenerifechannel.com\/fr\/wp-json\/wp\/v2\/types\/page"}],"author":[{"embeddable":true,"href":"https:\/\/thetenerifechannel.com\/fr\/wp-json\/wp\/v2\/users\/15"}],"replies":[{"embeddable":true,"href":"https:\/\/thetenerifechannel.com\/fr\/wp-json\/wp\/v2\/comments?post=4855"}],"version-history":[{"count":0,"href":"https:\/\/thetenerifechannel.com\/fr\/wp-json\/wp\/v2\/pages\/4855\/revisions"}],"wp:attachment":[{"href":"https:\/\/thetenerifechannel.com\/fr\/wp-json\/wp\/v2\/media?parent=4855"}],"curies":[{"name":"wp","href":"https:\/\/api.w.org\/{rel}","templated":true}]}}