{"id":6792,"date":"2024-02-02T10:08:42","date_gmt":"2024-02-02T10:08:42","guid":{"rendered":"https:\/\/thetenerifechannel.com\/votre-guide-gratuit\/"},"modified":"2024-07-18T09:46:52","modified_gmt":"2024-07-18T09:46:52","slug":"votre-guide-gratuit","status":"publish","type":"page","link":"https:\/\/thetenerifechannel.com\/fr\/votre-guide-gratuit\/","title":{"rendered":"Votre guide gratuit"},"content":{"rendered":"<section class=\"l-section wpb_row height_huge\"><div class=\"l-section-h i-cf\"><div class=\"g-cols vc_row via_grid cols_2 laptops-cols_inherit tablets-cols_inherit mobiles-cols_1 valign_top type_default stacking_default\"><div class=\"wpb_column vc_column_container\"><div class=\"vc_column-inner\"><h5 class=\"w-text\"><span class=\"w-text-h\"><span class=\"w-text-value\">Vous recevrez bient\u00f4t votre guide gratuit et votre code de r\u00e9duction pour les excursions. Si vous ne voyez pas l&#8217;e-mail, veuillez v\u00e9rifier votre bo\u00eete de courrier ind\u00e9sirable au cas o\u00f9 il aurait \u00e9t\u00e9 filtr\u00e9 incorrectement. Nous nous r\u00e9jouissons de vous voir bient\u00f4t !<\/span><\/span><\/h5><\/div><\/div><\/div><\/div><\/section>\n","protected":false},"excerpt":{"rendered":"Vous recevrez bient\u00f4t votre guide gratuit et votre code de r\u00e9duction pour les excursions. Si vous ne voyez pas l&#8217;e-mail, veuillez v\u00e9rifier votre bo\u00eete de courrier ind\u00e9sirable au cas o\u00f9 il aurait \u00e9t\u00e9 filtr\u00e9 incorrectement. Nous nous r\u00e9jouissons de vous voir bient\u00f4t !","protected":false},"author":15,"featured_media":0,"parent":0,"menu_order":0,"comment_status":"closed","ping_status":"closed","template":"","meta":{"_acf_changed":false,"_joinchat":[],"footnotes":""},"class_list":["post-6792","page","type-page","status-publish","hentry"],"acf":[],"_links":{"self":[{"href":"https:\/\/thetenerifechannel.com\/fr\/wp-json\/wp\/v2\/pages\/6792","targetHints":{"allow":["GET"]}}],"collection":[{"href":"https:\/\/thetenerifechannel.com\/fr\/wp-json\/wp\/v2\/pages"}],"about":[{"href":"https:\/\/thetenerifechannel.com\/fr\/wp-json\/wp\/v2\/types\/page"}],"author":[{"embeddable":true,"href":"https:\/\/thetenerifechannel.com\/fr\/wp-json\/wp\/v2\/users\/15"}],"replies":[{"embeddable":true,"href":"https:\/\/thetenerifechannel.com\/fr\/wp-json\/wp\/v2\/comments?post=6792"}],"version-history":[{"count":0,"href":"https:\/\/thetenerifechannel.com\/fr\/wp-json\/wp\/v2\/pages\/6792\/revisions"}],"wp:attachment":[{"href":"https:\/\/thetenerifechannel.com\/fr\/wp-json\/wp\/v2\/media?parent=6792"}],"curies":[{"name":"wp","href":"https:\/\/api.w.org\/{rel}","templated":true}]}}