{"id":68406,"date":"2025-07-22T18:02:33","date_gmt":"2025-07-22T18:02:33","guid":{"rendered":"https:\/\/thetenerifechannel.com\/transferts-depuis-laeroport\/"},"modified":"2025-07-22T18:22:33","modified_gmt":"2025-07-22T18:22:33","slug":"transferts-depuis-laeroport","status":"publish","type":"page","link":"https:\/\/thetenerifechannel.com\/fr\/transferts-depuis-laeroport\/","title":{"rendered":"Transferts depuis l&#8217;a\u00e9roport"},"content":{"rendered":"<section class=\"l-section wpb_row us_custom_c70c97eb height_huge width_custom\" style=\"--site-content-width:1500px;\"><div class=\"l-section-h i-cf\"><div class=\"g-cols vc_row via_grid cols_2-1 laptops-cols_inherit tablets-cols_1 mobiles-cols_1 valign_middle type_default\"><div class=\"wpb_column vc_column_container\"><div class=\"vc_column-inner\"><h1 class=\"w-text us_custom_f348dc7e\"><span class=\"w-text-h\"><span class=\"w-text-value\">Transferts d&#039;a\u00e9roport et services de navette \u00e0 Tenerife<\/span><\/span><\/h1><div class=\"w-separator size_medium\"><\/div><div class=\"w-text\"><span class=\"w-text-h\"><span class=\"w-text-value\">Faites en sorte que votre arriv\u00e9e \u00e0 Tenerife se d\u00e9roule sans encombre gr\u00e2ce \u00e0 nos options de transfert a\u00e9roportuaire et de service de navette fiables.<\/span><\/span><\/div><div class=\"w-text\"><span class=\"w-text-h\"><span class=\"w-text-value\">Pr\u00e9-r\u00e9servez facilement votre transfert aupr\u00e8s de notre partenaire de confiance et profitez-en :<\/span><\/span><\/div><div class=\"w-separator size_small\"><\/div><div class=\"w-hwrapper us_custom_7b59516b valign_baseline wrap align_none\" style=\"--hwrapper-gap:1rem\"><div class=\"w-text us_custom_d7ac7758 has_text_color\"><span class=\"w-text-h\"><span class=\"w-text-value\">\ud83d\ude90 Transferts priv\u00e9s<\/span><\/span><\/div><div class=\"w-text\"><span class=\"w-text-h\"><span class=\"w-text-value\">Id\u00e9al pour les couples, les familles ou les groupes qui recherchent le confort et l&#039;intimit\u00e9.<\/span><\/span><\/div><\/div><div class=\"w-separator size_custom\" style=\"height:1rem\"><\/div><div class=\"w-hwrapper us_custom_7b59516b valign_baseline wrap align_none\" style=\"--hwrapper-gap:1rem\"><div class=\"w-text us_custom_4c093b37 has_text_color\"><span class=\"w-text-h\"><span class=\"w-text-value\">\ud83d\ude8c Services de navettes partag\u00e9es<\/span><\/span><\/div><div class=\"w-text\"><span class=\"w-text-h\"><span class=\"w-text-value\">Un moyen \u00e9conomique de se rendre \u00e0 destination<\/span><\/span><\/div><\/div><div class=\"w-separator size_custom\" style=\"height:1rem\"><\/div><div class=\"w-hwrapper us_custom_7b59516b valign_baseline wrap align_none\" style=\"--hwrapper-gap:1rem\"><div class=\"w-text us_custom_4c093b37 has_text_color\"><span class=\"w-text-h\"><span class=\"w-text-value\">\ud83d\ude97 Options Premium et VIP<\/span><\/span><\/div><div class=\"w-text\"><span class=\"w-text-h\"><span class=\"w-text-value\">Voyagez avec style gr\u00e2ce \u00e0 des v\u00e9hicules haut de gamme<\/span><\/span><\/div><\/div><div class=\"w-separator size_small\"><\/div><div class=\"w-text\"><span class=\"w-text-h\"><span class=\"w-text-value\">\ud83e\uddd2 Si\u00e8ges b\u00e9b\u00e9, bagages volumineux et demandes sp\u00e9ciales disponibles sur demande<\/span><\/span><\/div><div class=\"w-separator size_medium\"><\/div><div class=\"w-text\"><span class=\"w-text-h\"><span class=\"w-text-value\">La r\u00e9servation est rapide, s\u00e9curis\u00e9e et g\u00e9r\u00e9e directement par notre plateforme partenaire. Il vous suffit de s\u00e9lectionner votre a\u00e9roport, d&#039;indiquer votre destination et le tour est jou\u00e9. <\/span><\/span><\/div><div class=\"w-separator size_medium\"><\/div><div class=\"w-btn-wrapper align_none\"><a class=\"w-btn us-btn-style_1\" href=\"https:\/\/www.shuttlespaintransfers.com\/en\/tenerife-airport-transfers\/partner\/the-tenerife-channel\" target=\"_blank\" rel=\"noopener\"><span class=\"w-btn-label\">Cliquez ici pour r\u00e9server votre transfert<\/span><\/a><\/div><div class=\"w-hwrapper us_custom_7b59516b valign_baseline wrap align_none\" style=\"--hwrapper-gap:1rem\"><\/div><\/div><\/div><div class=\"wpb_column vc_column_container\"><div class=\"vc_column-inner\"><div class=\"w-image us_custom_be776f20 style_shadow-2 has_ratio align_none\"><div class=\"w-image-h\"><div style=\"padding-bottom:100%\"><\/div><div class=\"w-image-shadow\" style=\"background-image:url(https:\/\/thetenerifechannel.com\/wp-content\/uploads\/2025\/07\/Tenerife-airport-transfers-1.jpg);\"><\/div><img decoding=\"async\" width=\"600\" height=\"400\" src=\"https:\/\/thetenerifechannel.com\/wp-content\/uploads\/2025\/07\/Tenerife-airport-transfers-1.jpg\" class=\"attachment-large size-large\" alt=\"\" loading=\"lazy\" \/><\/div><\/div><\/div><\/div><\/div><\/div><\/section>\n","protected":false},"excerpt":{"rendered":"Transferts d&#039;a\u00e9roport et services de navette \u00e0 TenerifeFaites en sorte que votre arriv\u00e9e \u00e0 Tenerife se d\u00e9roule sans encombre gr\u00e2ce \u00e0 nos options de transfert a\u00e9roportuaire et de service de navette fiables.Pr\u00e9-r\u00e9servez facilement votre transfert aupr\u00e8s de notre partenaire de confiance et profitez-en :\ud83d\ude90 Transferts priv\u00e9sId\u00e9al pour les couples, les familles ou les groupes qui...","protected":false},"author":14,"featured_media":0,"parent":0,"menu_order":0,"comment_status":"closed","ping_status":"closed","template":"","meta":{"_acf_changed":false,"_joinchat":[],"footnotes":""},"class_list":["post-68406","page","type-page","status-publish","hentry"],"acf":[],"_links":{"self":[{"href":"https:\/\/thetenerifechannel.com\/fr\/wp-json\/wp\/v2\/pages\/68406","targetHints":{"allow":["GET"]}}],"collection":[{"href":"https:\/\/thetenerifechannel.com\/fr\/wp-json\/wp\/v2\/pages"}],"about":[{"href":"https:\/\/thetenerifechannel.com\/fr\/wp-json\/wp\/v2\/types\/page"}],"author":[{"embeddable":true,"href":"https:\/\/thetenerifechannel.com\/fr\/wp-json\/wp\/v2\/users\/14"}],"replies":[{"embeddable":true,"href":"https:\/\/thetenerifechannel.com\/fr\/wp-json\/wp\/v2\/comments?post=68406"}],"version-history":[{"count":0,"href":"https:\/\/thetenerifechannel.com\/fr\/wp-json\/wp\/v2\/pages\/68406\/revisions"}],"wp:attachment":[{"href":"https:\/\/thetenerifechannel.com\/fr\/wp-json\/wp\/v2\/media?parent=68406"}],"curies":[{"name":"wp","href":"https:\/\/api.w.org\/{rel}","templated":true}]}}