{"id":8140,"date":"2024-05-04T10:22:33","date_gmt":"2024-05-04T10:22:33","guid":{"rendered":"https:\/\/thetenerifechannel.com\/thank-you-google-ads\/"},"modified":"2025-05-22T15:14:02","modified_gmt":"2025-05-22T15:14:02","slug":"thank-you-google-ads","status":"publish","type":"page","link":"https:\/\/thetenerifechannel.com\/fr\/thank-you-google-ads\/","title":{"rendered":"Thank You Google Ads"},"content":{"rendered":"<section class=\"l-section wpb_row us_custom_a18b170c height_small\"><div class=\"l-section-h i-cf\"><div class=\"g-cols vc_row via_grid cols_1 laptops-cols_inherit tablets-cols_inherit mobiles-cols_1 valign_top type_default stacking_default\"><div class=\"wpb_column vc_column_container\"><div class=\"vc_column-inner\"><div class=\"g-cols wpb_row us_custom_576401bd via_grid cols_1 laptops-cols_inherit tablets-cols_inherit mobiles-cols_1 valign_top type_default stacking_default\" style=\"--columns-gap:3rem;\"><div class=\"wpb_column vc_column_container us_custom_887a049b\"><div class=\"vc_column-inner\"><div class=\"w-hwrapper us_custom_545af9fa valign_middle align_center\"><h4 class=\"w-text us_custom_2509bbe8 has_text_color\"><span class=\"w-text-h\"><span class=\"w-text-value\">The Tenerife Channel<\/span><\/span><\/h4><\/div><div class=\"w-vwrapper us_custom_806e6237 align_none valign_top\" style=\"--vwrapper-gap:0.5rem\"><h2 class=\"w-text us_custom_845f7bc5\"><span class=\"w-text-h\"><span class=\"w-text-value\">Merci de votre r\u00e9servation<\/span><\/span><\/h2><div class=\"w-text us_custom_eb849559\"><span class=\"w-text-h\"><span class=\"w-text-value\">Merci d&#039;avoir r\u00e9serv\u00e9 avec le Tenerife Channel. Toutes les informations dont vous avez besoin<br \/>\nvous seront envoy\u00e9es par courrier \u00e9lectronique. (veuillez \u00e9galement v\u00e9rifier votre dossier spam)<\/span><\/span><\/div><\/div><\/div><\/div><\/div><div class=\"g-cols wpb_row us_custom_703b2333 via_grid cols_2 laptops-cols_inherit tablets-cols_inherit mobiles-cols_1 valign_middle type_default stacking_default\" style=\"--columns-gap:3rem;\"><div class=\"wpb_column vc_column_container us_custom_aeb88c20 has_bg_color\"><div class=\"vc_column-inner\"><h2 class=\"w-text us_custom_d8cdcea7\"><span class=\"w-text-h\"><span class=\"w-text-value\">Obtenez notre guide local gratuit<\/span><\/span><\/h2><div class=\"w-text us_custom_eb849559\"><span class=\"w-text-h\"><span class=\"w-text-value\">Nous avons cr\u00e9\u00e9 un guide local gratuit pour vous aider \u00e0 profiter au maximum de votre s\u00e9jour \u00e0 T\u00e9n\u00e9riffe.<\/span><\/span><\/div>\n<div class=\"wpcf7 no-js\" id=\"wpcf7-f6352-o1\" lang=\"fr-FR\" dir=\"ltr\" data-wpcf7-id=\"6352\">\n<div class=\"screen-reader-response\"><p role=\"status\" aria-live=\"polite\" aria-atomic=\"true\"><\/p> <ul><\/ul><\/div>\n<form action=\"\/fr\/wp-json\/wp\/v2\/pages\/8140#wpcf7-f6352-o1\" method=\"post\" class=\"wpcf7-form init\" aria-label=\"Formulaire de contact\" novalidate=\"novalidate\" data-status=\"init\">\n<fieldset class=\"hidden-fields-container\"><input type=\"hidden\" name=\"_wpcf7\" value=\"6352\" \/><input type=\"hidden\" name=\"_wpcf7_version\" value=\"6.1.5\" \/><input type=\"hidden\" name=\"_wpcf7_locale\" value=\"fr_FR\" \/><input type=\"hidden\" name=\"_wpcf7_unit_tag\" value=\"wpcf7-f6352-o1\" \/><input type=\"hidden\" name=\"_wpcf7_container_post\" value=\"0\" \/><input type=\"hidden\" name=\"_wpcf7_posted_data_hash\" value=\"\" \/><input type=\"hidden\" name=\"_wpcf7_recaptcha_response\" value=\"\" \/>\n<\/fieldset>\n<p><label><span class=\"wpcf7-form-control-wrap\" data-name=\"your-email\"><input size=\"40\" maxlength=\"400\" class=\"wpcf7-form-control wpcf7-email wpcf7-validates-as-required wpcf7-text wpcf7-validates-as-email\" aria-required=\"true\" aria-invalid=\"false\" placeholder=\"Adresse \u00e9lectronique *\" value=\"\" type=\"email\" name=\"your-email\" \/><\/span><\/label><br \/>\n<label><span class=\"wpcf7-form-control-wrap\" data-name=\"acceptance\"><span class=\"wpcf7-form-control wpcf7-acceptance\"><span class=\"wpcf7-list-item\"><label><input type=\"checkbox\" name=\"acceptance\" value=\"1\" aria-invalid=\"false\" \/><span class=\"wpcf7-list-item-label\">J'ai lu et j'accepte les conditions g\u00e9n\u00e9rales du site web, ainsi que l'inscription \u00e0 notre lettre d'information *.<\/span><\/label><\/span><\/span><\/span><\/label>\n<\/p>\n<p><input class=\"wpcf7-form-control wpcf7-submit has-spinner\" type=\"submit\" value=\"Subscribe\" \/>\n<\/p>\n<p style=\"text-align:center\">Nous ne faisons pas de spam ! Lisez notre politique de confidentialit\u00e9 pour plus d'informations.\n<\/p><div class=\"wpcf7-response-output\" aria-hidden=\"true\"><\/div>\n<\/form>\n<\/div>\n<\/div><\/div><div class=\"wpb_column vc_column_container us_custom_00bc2f38 has_bg_color\"><div class=\"vc_column-inner\"><div class=\"w-vwrapper us_custom_eff0a581 align_center valign_top\"><h4 class=\"w-text us_custom_8b3d6790 has_text_color\"><span class=\"w-text-h\"><span class=\"w-text-value\">Vous avez besoin d&#039;une voiture pendant votre s\u00e9jour ?<\/span><\/span><\/h4><div class=\"wpb_text_column us_custom_8b3d6790 has_text_color\"><div class=\"wpb_wrapper\"><p>Consultez nos partenaires de confiance chez Sanasty Car Hire Tenerife pour une prise en charge rapide \u00e0 l&#8217;a\u00e9roport et une livraison \u00e0 l&#8217;h\u00f4tel.<\/p>\n<\/div><\/div><div class=\"w-btn-wrapper align_none\"><a class=\"w-btn us-btn-style_1\" target=\"_blank\" href=\"https:\/\/sanasty.com\/\" rel=\"noopener\"><span class=\"w-btn-label\">R\u00e9servez votre voiture<\/span><\/a><\/div><\/div><\/div><\/div><\/div><\/div><\/div><\/div><\/div><\/section>\n","protected":false},"excerpt":{"rendered":"The Tenerife ChannelMerci de votre r\u00e9servationMerci d&#039;avoir r\u00e9serv\u00e9 avec le Tenerife Channel. Toutes les informations dont vous avez besoin vous seront envoy\u00e9es par courrier \u00e9lectronique. (veuillez \u00e9galement v\u00e9rifier votre dossier spam)Obtenez notre guide local gratuitNous avons cr\u00e9\u00e9 un guide local gratuit pour vous aider \u00e0 profiter au maximum de votre s\u00e9jour \u00e0 T\u00e9n\u00e9riffe. J'ai lu...","protected":false},"author":14,"featured_media":0,"parent":0,"menu_order":0,"comment_status":"closed","ping_status":"closed","template":"","meta":{"_acf_changed":false,"_joinchat":[],"footnotes":""},"class_list":["post-8140","page","type-page","status-publish","hentry"],"acf":[],"_links":{"self":[{"href":"https:\/\/thetenerifechannel.com\/fr\/wp-json\/wp\/v2\/pages\/8140","targetHints":{"allow":["GET"]}}],"collection":[{"href":"https:\/\/thetenerifechannel.com\/fr\/wp-json\/wp\/v2\/pages"}],"about":[{"href":"https:\/\/thetenerifechannel.com\/fr\/wp-json\/wp\/v2\/types\/page"}],"author":[{"embeddable":true,"href":"https:\/\/thetenerifechannel.com\/fr\/wp-json\/wp\/v2\/users\/14"}],"replies":[{"embeddable":true,"href":"https:\/\/thetenerifechannel.com\/fr\/wp-json\/wp\/v2\/comments?post=8140"}],"version-history":[{"count":0,"href":"https:\/\/thetenerifechannel.com\/fr\/wp-json\/wp\/v2\/pages\/8140\/revisions"}],"wp:attachment":[{"href":"https:\/\/thetenerifechannel.com\/fr\/wp-json\/wp\/v2\/media?parent=8140"}],"curies":[{"name":"wp","href":"https:\/\/api.w.org\/{rel}","templated":true}]}}