{"id":9230,"date":"2024-06-19T08:16:27","date_gmt":"2024-06-19T08:16:27","guid":{"rendered":"https:\/\/thetenerifechannel.com\/location-de-voiture-tenerife\/"},"modified":"2025-07-22T20:24:17","modified_gmt":"2025-07-22T20:24:17","slug":"location-de-voiture-tenerife","status":"publish","type":"page","link":"https:\/\/thetenerifechannel.com\/fr\/location-de-voiture-tenerife\/","title":{"rendered":"Location de voiture Tenerife"},"content":{"rendered":"<section class=\"l-section wpb_row us_custom_b75650c0 .vertical_center height_huge full_height valign_center width_full\"><div class=\"l-section-h i-cf\"><div class=\"g-cols vc_row via_grid cols_1 laptops-cols_inherit tablets-cols_inherit mobiles-cols_1 valign_middle type_default stacking_default\"><div class=\"wpb_column vc_column_container\"><div class=\"vc_column-inner\"><div class=\"w-btn-wrapper align_center\"><a class=\"w-btn us-btn-style_1\" target=\"_blank\" title=\"Portfolio\" href=\"https:\/\/sanasty.com\/\" rel=\"noopener\"><span class=\"w-btn-label\">R\u00e9servez votre voiture de location maintenant<\/span><\/a><\/div><\/div><\/div><\/div><\/div><\/section><section class=\"l-section wpb_row us_custom_8cceadb7 height_auto\" id=\"third\"><div class=\"l-section-h i-cf\"><div class=\"g-cols vc_row via_grid cols_1 laptops-cols_inherit tablets-cols_inherit mobiles-cols_1 valign_top type_default stacking_default\"><div class=\"wpb_column vc_column_container\"><div class=\"vc_column-inner\"><div class=\"w-separator size_small\"><\/div><h2 class=\"w-text us_custom_edfcb414\"><span class=\"w-text-h\"><span class=\"w-text-value\">Pourquoi nous nous sommes associ\u00e9s \u00e0 Sanasty Car Rental<\/span><\/span><\/h2><div class=\"w-separator size_large\"><\/div><div class=\"g-cols wpb_row us_custom_5c83da34 via_grid cols_2 laptops-cols_inherit tablets-cols_inherit mobiles-cols_1 valign_top type_default stacking_default\" style=\"--columns-gap:2rem;\"><div class=\"wpb_column vc_column_container\"><div class=\"vc_column-inner\"><div class=\"w-iconbox iconpos_left style_default color_primary align_left no_text\"><div class=\"w-iconbox-icon\" style=\"font-size:2rem;\"><i class=\"far fa-thumbs-up\"><\/i><\/div><div class=\"w-iconbox-meta\"><h3 class=\"w-iconbox-title\" style=\"font-size:1.5rem;\">Pas de frais suppl\u00e9mentaires, pas de co\u00fbts cach\u00e9s<\/h3><\/div><\/div><\/div><\/div><div class=\"wpb_column vc_column_container\"><div class=\"vc_column-inner\"><div class=\"w-iconbox iconpos_left style_default color_primary align_left no_text\"><div class=\"w-iconbox-icon\" style=\"font-size:2rem;\"><i class=\"far fa-thumbs-up\"><\/i><\/div><div class=\"w-iconbox-meta\"><h3 class=\"w-iconbox-title\" style=\"font-size:1.5rem;\">Pas besoin de carte de cr\u00e9dit<\/h3><\/div><\/div><\/div><\/div><div class=\"wpb_column vc_column_container\"><div class=\"vc_column-inner\"><div class=\"w-iconbox iconpos_left style_default color_primary align_left no_text\"><div class=\"w-iconbox-icon\" style=\"font-size:2rem;\"><i class=\"far fa-thumbs-up\"><\/i><\/div><div class=\"w-iconbox-meta\"><h3 class=\"w-iconbox-title\" style=\"font-size:1.5rem;\">Kilom\u00e9trage illimit\u00e9<\/h3><\/div><\/div><\/div><\/div><div class=\"wpb_column vc_column_container\"><div class=\"vc_column-inner\"><div class=\"w-iconbox iconpos_left style_default color_primary align_left no_text\"><div class=\"w-iconbox-icon\" style=\"font-size:2rem;\"><i class=\"far fa-thumbs-up\"><\/i><\/div><div class=\"w-iconbox-meta\"><h3 class=\"w-iconbox-title\" style=\"font-size:1.5rem;\">Prise en charge\/d\u00e9pose \u00e0 l&#039;a\u00e9roport de Tenerife Sud<\/h3><\/div><\/div><\/div><\/div><div class=\"wpb_column vc_column_container\"><div class=\"vc_column-inner\"><div class=\"w-iconbox iconpos_left style_default color_primary align_left no_text\"><div class=\"w-iconbox-icon\" style=\"font-size:2rem;\"><i class=\"far fa-thumbs-up\"><\/i><\/div><div class=\"w-iconbox-meta\"><h3 class=\"w-iconbox-title\" style=\"font-size:1.5rem;\">Assurance multirisque<\/h3><\/div><\/div><\/div><\/div><div class=\"wpb_column vc_column_container\"><div class=\"vc_column-inner\"><div class=\"w-iconbox iconpos_left style_default color_primary align_left no_text\"><div class=\"w-iconbox-icon\" style=\"font-size:2rem;\"><i class=\"far fa-thumbs-up\"><\/i><\/div><div class=\"w-iconbox-meta\"><h3 class=\"w-iconbox-title\" style=\"font-size:1.5rem;\">Livraison et retour \u00e0 l&#039;h\u00f4tel dans le sud<\/h3><\/div><\/div><\/div><\/div><div class=\"wpb_column vc_column_container\"><div class=\"vc_column-inner\"><div class=\"w-iconbox iconpos_left style_default color_primary align_left no_text\"><div class=\"w-iconbox-icon\" style=\"font-size:2rem;\"><i class=\"far fa-thumbs-up\"><\/i><\/div><div class=\"w-iconbox-meta\"><h3 class=\"w-iconbox-title\" style=\"font-size:1.5rem;\">Taxes incluses dans le prix<\/h3><\/div><\/div><\/div><\/div><div class=\"wpb_column vc_column_container\"><div class=\"vc_column-inner\"><div class=\"w-iconbox iconpos_left style_default color_primary align_left no_text\"><div class=\"w-iconbox-icon\" style=\"font-size:2rem;\"><i class=\"far fa-thumbs-up\"><\/i><\/div><div class=\"w-iconbox-meta\"><h3 class=\"w-iconbox-title\" style=\"font-size:1.5rem;\">Entreprise anglophone<\/h3><\/div><\/div><\/div><\/div><\/div><\/div><\/div><\/div><\/div><\/section><section class=\"l-section wpb_row height_huge\"><div class=\"l-section-h i-cf\"><div class=\"g-cols vc_row via_grid cols_1 laptops-cols_inherit tablets-cols_inherit mobiles-cols_1 valign_top type_default stacking_default\"><div class=\"wpb_column vc_column_container\"><div class=\"vc_column-inner\"><h2 class=\"w-text us_custom_edfcb414\"><span class=\"w-text-h\"><span class=\"w-text-value\">Louer une voiture \u00e0 Tenerife<\/span><\/span><\/h2><div class=\"w-tabs style_default switch_click accordion has_scrolling\" style=\"--sections-title-size:inherit\"><div class=\"w-tabs-sections titles-align_none icon_chevron cpos_right\"><div class=\"w-tabs-section\" id=\"b431\" itemscope itemprop=\"mainEntity\" itemtype=\"https:\/\/schema.org\/Question\"><button class=\"w-tabs-section-header\" aria-controls=\"content-b431\" aria-expanded=\"false\"><h3 class=\"w-tabs-section-title\" itemprop=\"name\">Quel est le co\u00fbt moyen d&#039;une location de voiture \u00e0 T\u00e9n\u00e9rife ?<\/h3><div class=\"w-tabs-section-control\"><\/div><\/button><div  class=\"w-tabs-section-content\" id=\"content-b431\" itemscope itemprop=\"acceptedAnswer\" itemtype=\"https:\/\/schema.org\/Answer\"><div class=\"w-tabs-section-content-h i-cf\" itemprop=\"text\"><div class=\"wpb_text_column\"><div class=\"wpb_wrapper\"><p>Le <strong>co\u00fbt moyen de la location d&#8217;une voiture \u00e0 Tenerife est de \u00a3122 par jour<\/strong>, mais les prix peuvent varier en fonction de la <strong>saison, du type de voiture et de la dur\u00e9e de la location<\/strong>. Vous pouvez trouver des <strong>offres moins ch\u00e8res en r\u00e9servant \u00e0 l&#8217;avance<\/strong> ou en optant pour une <strong>dur\u00e9e de location plus longue<\/strong>. En outre, les <strong>voitures compactes<\/strong> ont tendance \u00e0 \u00eatre plus abordables, tandis que les <strong>locations de voitures de luxe ou de SUV<\/strong> peuvent \u00eatre plus ch\u00e8res.  <\/p>\n<\/div><\/div><\/div><\/div><\/div><div class=\"w-tabs-section\" id=\"s629\" itemscope itemprop=\"mainEntity\" itemtype=\"https:\/\/schema.org\/Question\"><button class=\"w-tabs-section-header\" aria-controls=\"content-s629\" aria-expanded=\"false\"><h3 class=\"w-tabs-section-title\" itemprop=\"name\">Quel est le mod\u00e8le de voiture de location le plus populaire \u00e0 Tenerife ?<\/h3><div class=\"w-tabs-section-control\"><\/div><\/button><div  class=\"w-tabs-section-content\" id=\"content-s629\" itemscope itemprop=\"acceptedAnswer\" itemtype=\"https:\/\/schema.org\/Answer\"><div class=\"w-tabs-section-content-h i-cf\" itemprop=\"text\"><div class=\"wpb_text_column\"><div class=\"wpb_wrapper\"><p><strong>Le type de voiture le plus populaire \u00e0 T\u00e9n\u00e9rife est la voiture compacte<\/strong>, et il est facile de comprendre pourquoi. Les voitures compactes sont <strong>abordables, \u00e9conomes en carburant et parfaites pour naviguer sur les routes sinueuses et les rues anim\u00e9es de T\u00e9n\u00e9rife<\/strong>. Elles permettent \u00e9galement de se garer plus facilement dans les lieux touristiques populaires comme <strong>Costa Adeje ou Santa Cruz<\/strong>. <\/p>\n<p>Que vous partiez \u00e0 la d\u00e9couverte du <strong>mont Teide, des plages de Los Cristianos ou des montagnes d&#8217;Anaga<\/strong>, une voiture compacte offre un \u00e9quilibre id\u00e9al entre <strong>confort, \u00e9conomie et commodit\u00e9<\/strong>. R\u00e9servez t\u00f4t pour b\u00e9n\u00e9ficier des meilleures offres ! <\/p>\n<\/div><\/div><\/div><\/div><\/div><div class=\"w-tabs-section\" id=\"y831\" itemscope itemprop=\"mainEntity\" itemtype=\"https:\/\/schema.org\/Question\"><button class=\"w-tabs-section-header\" aria-controls=\"content-y831\" aria-expanded=\"false\"><h3 class=\"w-tabs-section-title\" itemprop=\"name\">Quels sont les \u00e9l\u00e9ments \u00e0 prendre en compte lors de la location d&#039;une voiture \u00e0 T\u00e9n\u00e9rife ?<\/h3><div class=\"w-tabs-section-control\"><\/div><\/button><div  class=\"w-tabs-section-content\" id=\"content-y831\" itemscope itemprop=\"acceptedAnswer\" itemtype=\"https:\/\/schema.org\/Answer\"><div class=\"w-tabs-section-content-h i-cf\" itemprop=\"text\"><div class=\"wpb_text_column\"><div class=\"wpb_wrapper\"><p>Lorsque vous louez une voiture \u00e0 Tenerife, <strong>Sanasty<\/strong> se distingue comme une soci\u00e9t\u00e9 de location locale <strong>fiable et abordable<\/strong>. Contrairement aux grandes marques internationales, <strong>Sanasty propose des prix transparents sans frais cach\u00e9s<\/strong>, ce qui vous permet d&#8217;obtenir la <strong>meilleure offre<\/strong> sans surprise. <\/p>\n<p>R\u00e9server avec <strong>Sanasty<\/strong>, c&#8217;est aussi b\u00e9n\u00e9ficier d&#8217;<strong>un service personnalis\u00e9, d&#8217;un kilom\u00e9trage illimit\u00e9<\/strong> et d&#8217;<strong>options d&#8217;assurance adapt\u00e9es \u00e0 vos besoins<\/strong>. Pour une exp\u00e9rience sans tracas et \u00e0 moindre co\u00fbt, <strong>r\u00e9servez votre voiture avec Sanasty d\u00e8s aujourd&#8217;hui !<\/strong> <\/p>\n<\/div><\/div><\/div><\/div><\/div><div class=\"w-tabs-section\" id=\"ua5d\" itemscope itemprop=\"mainEntity\" itemtype=\"https:\/\/schema.org\/Question\"><button class=\"w-tabs-section-header\" aria-controls=\"content-ua5d\" aria-expanded=\"false\"><h3 class=\"w-tabs-section-title\" itemprop=\"name\">Quels sont les conseils essentiels pour louer une voiture \u00e0 Tenerife avec Sanasty ?<\/h3><div class=\"w-tabs-section-control\"><\/div><\/button><div  class=\"w-tabs-section-content\" id=\"content-ua5d\" itemscope itemprop=\"acceptedAnswer\" itemtype=\"https:\/\/schema.org\/Answer\"><div class=\"w-tabs-section-content-h i-cf\" itemprop=\"text\"><div class=\"wpb_text_column\"><div class=\"wpb_wrapper\"><p><strong>Vous recherchez une location de voiture sans souci \u00e0 Tenerife ?<\/strong> Voici quelques conseils pour profiter au mieux de votre exp\u00e9rience avec <strong>Sanasty<\/strong>, un prestataire local de confiance offrant des <strong>prix transparents, un kilom\u00e9trage illimit\u00e9 et un service personnalis\u00e9<\/strong>.<\/p>\n<ul>\n<li>Vous pr\u00e9voyez d&#8217;explorer le <a href=\"https:\/\/thetenerifechannel.com\/fr\/cat\u00e9gorie-de-produit\/teide-tenerife-fr\/\">mont Teide<\/a> ou Anaga ? Optez pour un <strong>SUV<\/strong>. Vous restez pr\u00e8s de la c\u00f4te ? Une <strong>voiture compacte<\/strong> est id\u00e9ale pour se garer facilement et \u00e9conomiser du carburant.<\/li>\n<li>Tenerife est une destination tr\u00e8s pris\u00e9e et les voitures de location partent vite ! Effectuez <strong>votre r\u00e9servation \u00e0 l&#8217;avance<\/strong> pour garantir le v\u00e9hicule de votre choix au meilleur prix.<\/li>\n<\/ul>\n<\/div><\/div><\/div><\/div><\/div><\/div><\/div><\/div><\/div><\/div><\/div><\/section><section class=\"l-section wpb_row hide_on_default hide_on_laptops hide_on_tablets hide_on_mobiles height_huge\"><div class=\"l-section-h i-cf\"><div class=\"g-cols vc_row via_grid cols_1 laptops-cols_inherit tablets-cols_inherit mobiles-cols_1 valign_top type_default stacking_default\"><div class=\"wpb_column vc_column_container\"><div class=\"vc_column-inner\"><div class=\"wpb_text_column\"><div class=\"wpb_wrapper\"><h3>Quel est le co\u00fbt moyen d&#8217;une location de voiture \u00e0 T\u00e9n\u00e9rife ?<\/h3>\n<\/div><\/div><div class=\"wpb_text_column\"><div class=\"wpb_wrapper\"><p style=\"text-align: left;\">Le <strong>co\u00fbt moyen de la location d&#8217;une voiture \u00e0 Tenerife est de \u00a3122 par jour<\/strong>, mais les prix peuvent varier en fonction de la <strong>saison, du type de voiture et de la dur\u00e9e de la location<\/strong>. Vous pouvez trouver des <strong>offres moins ch\u00e8res en r\u00e9servant \u00e0 l&#8217;avance<\/strong> ou en optant pour une <strong>dur\u00e9e de location plus longue<\/strong>. En outre, les <strong>voitures compactes<\/strong> ont tendance \u00e0 \u00eatre plus abordables, tandis que les <strong>locations de voitures de luxe ou de SUV<\/strong> peuvent \u00eatre plus ch\u00e8res.  <\/p>\n<\/div><\/div><div class=\"w-separator size_medium\"><\/div><div class=\"wpb_text_column\"><div class=\"wpb_wrapper\"><h3>Quel est le mod\u00e8le de voiture de location le plus populaire \u00e0 Tenerife ?<\/h3>\n<\/div><\/div><div class=\"wpb_text_column\"><div class=\"wpb_wrapper\"><p><strong>Le type de voiture le plus populaire \u00e0 T\u00e9n\u00e9rife est la voiture compacte<\/strong>, et il est facile de comprendre pourquoi. Les voitures compactes sont <strong>abordables, \u00e9conomes en carburant et parfaites pour naviguer sur les routes sinueuses et les rues anim\u00e9es de T\u00e9n\u00e9rife<\/strong>. Elles permettent \u00e9galement de se garer plus facilement dans les lieux touristiques populaires comme <strong>Costa Adeje ou Santa Cruz<\/strong>. <\/p>\n<p>Que vous partiez \u00e0 la d\u00e9couverte du <strong>mont Teide, des plages de Los Cristianos ou des montagnes d&#8217;Anaga<\/strong>, une voiture compacte offre un \u00e9quilibre id\u00e9al entre <strong>confort, \u00e9conomie et commodit\u00e9<\/strong>. R\u00e9servez t\u00f4t pour b\u00e9n\u00e9ficier des meilleures offres ! <\/p>\n<\/div><\/div><div class=\"w-separator size_medium\"><\/div><div class=\"wpb_text_column\"><div class=\"wpb_wrapper\"><h3>Quels sont les \u00e9l\u00e9ments \u00e0 prendre en compte lors de la location d&#8217;une voiture \u00e0 T\u00e9n\u00e9rife ?<\/h3>\n<\/div><\/div><div class=\"wpb_text_column\"><div class=\"wpb_wrapper\"><p>Lorsque vous louez une voiture \u00e0 Tenerife, <strong>Sanasty<\/strong> se distingue comme une soci\u00e9t\u00e9 de location locale <strong>fiable et abordable<\/strong>. Contrairement aux grandes marques internationales, <strong>Sanasty propose des prix transparents sans frais cach\u00e9s<\/strong>, ce qui vous permet d&#8217;obtenir la <strong>meilleure offre<\/strong> sans surprise. <\/p>\n<p>R\u00e9server avec <strong>Sanasty<\/strong>, c&#8217;est aussi b\u00e9n\u00e9ficier d&#8217;<strong>un service personnalis\u00e9, d&#8217;un kilom\u00e9trage illimit\u00e9<\/strong> et d&#8217;<strong>options d&#8217;assurance adapt\u00e9es \u00e0 vos besoins<\/strong>. Pour une exp\u00e9rience sans tracas et \u00e0 moindre co\u00fbt, <strong>r\u00e9servez votre voiture avec Sanasty d\u00e8s aujourd&#8217;hui !<\/strong> <\/p>\n<\/div><\/div><div class=\"w-separator size_medium\"><\/div><div class=\"wpb_text_column\"><div class=\"wpb_wrapper\"><h3>Quels sont les conseils essentiels pour louer une voiture \u00e0 Tenerife avec Sanasty ?<\/h3>\n<\/div><\/div><div class=\"wpb_text_column\"><div class=\"wpb_wrapper\"><p><strong>Vous recherchez une location de voiture sans souci \u00e0 Tenerife ?<\/strong> Voici quelques conseils pour profiter au mieux de votre exp\u00e9rience avec <strong>Sanasty<\/strong>, un prestataire local de confiance offrant des <strong>prix transparents, un kilom\u00e9trage illimit\u00e9 et un service personnalis\u00e9<\/strong>.<\/p>\n<ul>\n<li>Vous pr\u00e9voyez d&#8217;explorer le <a href=\"https:\/\/thetenerifechannel.com\/fr\/cat\u00e9gorie-de-produit\/teide-tenerife-fr\/\">mont Teide<\/a> ou Anaga ? Optez pour un <strong>SUV<\/strong>. Vous restez pr\u00e8s de la c\u00f4te ? Une <strong>voiture compacte<\/strong> est id\u00e9ale pour se garer facilement et \u00e9conomiser du carburant.<\/li>\n<li>Tenerife est une destination tr\u00e8s pris\u00e9e et les voitures de location partent vite ! Effectuez <strong>votre r\u00e9servation \u00e0 l&#8217;avance<\/strong> pour garantir le v\u00e9hicule de votre choix au meilleur prix.<\/li>\n<\/ul>\n<\/div><\/div><\/div><\/div><\/div><\/div><\/section>\n","protected":false},"excerpt":{"rendered":"R\u00e9servez votre voiture de location maintenantPourquoi nous nous sommes associ\u00e9s \u00e0 Sanasty Car RentalPas de frais suppl\u00e9mentaires, pas de co\u00fbts cach\u00e9sPas besoin de carte de cr\u00e9ditKilom\u00e9trage illimit\u00e9Prise en charge\/d\u00e9pose \u00e0 l&#039;a\u00e9roport de Tenerife SudAssurance multirisqueLivraison et retour \u00e0 l&#039;h\u00f4tel dans le sudTaxes incluses dans le prixEntreprise anglophoneLouer une voiture \u00e0 TenerifeQuel est le co\u00fbt moyen...","protected":false},"author":14,"featured_media":0,"parent":0,"menu_order":0,"comment_status":"closed","ping_status":"closed","template":"","meta":{"_acf_changed":false,"_joinchat":[],"footnotes":""},"class_list":["post-9230","page","type-page","status-publish","hentry"],"acf":[],"_links":{"self":[{"href":"https:\/\/thetenerifechannel.com\/fr\/wp-json\/wp\/v2\/pages\/9230","targetHints":{"allow":["GET"]}}],"collection":[{"href":"https:\/\/thetenerifechannel.com\/fr\/wp-json\/wp\/v2\/pages"}],"about":[{"href":"https:\/\/thetenerifechannel.com\/fr\/wp-json\/wp\/v2\/types\/page"}],"author":[{"embeddable":true,"href":"https:\/\/thetenerifechannel.com\/fr\/wp-json\/wp\/v2\/users\/14"}],"replies":[{"embeddable":true,"href":"https:\/\/thetenerifechannel.com\/fr\/wp-json\/wp\/v2\/comments?post=9230"}],"version-history":[{"count":0,"href":"https:\/\/thetenerifechannel.com\/fr\/wp-json\/wp\/v2\/pages\/9230\/revisions"}],"wp:attachment":[{"href":"https:\/\/thetenerifechannel.com\/fr\/wp-json\/wp\/v2\/media?parent=9230"}],"curies":[{"name":"wp","href":"https:\/\/api.w.org\/{rel}","templated":true}]}}