{"id":10060,"date":"2024-07-25T15:53:00","date_gmt":"2024-07-25T15:53:00","guid":{"rendered":"https:\/\/thetenerifechannel.com\/excursions\/non%20class\u00e9\/shogun-5-heures\/"},"modified":"2026-03-09T13:56:50","modified_gmt":"2026-03-09T13:56:50","slug":"shogun-5-heures","status":"publish","type":"product","link":"https:\/\/thetenerifechannel.com\/fr\/excursions\/shogun-5-heures\/","title":{"rendered":"Shogun &#8211; 5 heures"},"content":{"rendered":"<p class=\"whitespace-pre-wrap break-words\"><span>Vivez l&#8217;exp\u00e9rience \u00e0 bord d&#8217;un <\/span>authentique voilier oriental, enti\u00e8rement construit en bois dur de teck<span>, \u00e0 l&#8217;usage priv\u00e9 d&#8217;un cheikh arabe.<br \/>\n<\/span><span>Shogun dispose de 2 niveaux, de 3 services disponibles (dont un adapt\u00e9 aux personnes handicap\u00e9es), d&#8217;un open bar, d&#8217;une grande table centrale o\u00f9 votre repas vous sera servi.<\/span><\/p>\n<p class=\"whitespace-pre-wrap break-words\">Cette excursion de 5 heures vous permettra d&#8217;observer les globic\u00e9phales et les grands dauphins dans leur habitat naturel. Apr\u00e8s cette \u00e9tonnante rencontre avec la faune, nous jetterons l&#8217;ancre dans la baie de Masca, pr\u00e8s des \u00e9tonnantes falaises de Los Gigantes. Vous pourrez y profiter d&#8217;une baignade rafra\u00eechissante et d&#8217;un savoureux d\u00e9jeuner.  <\/p>\n","protected":false},"excerpt":{"rendered":"<p><span>Vivez l&#8217;exp\u00e9rience de 5 heures d&#8217;observation des baleines \u00e0 bord d&#8217;un <\/span>authentique voilier oriental.<br \/>\nProfitez d&#8217;un arr\u00eat baignade et d&#8217;un d\u00e9licieux d\u00e9jeuner et visitez les magnifiques falaises de Los Gigantes et de Masca.<\/p>\n","protected":false},"featured_media":10021,"template":"","meta":{"_acf_changed":false,"_joinchat":[]},"product_brand":[],"product_cat":[145],"product_tag":[],"class_list":{"0":"post-10060","1":"product","2":"type-product","3":"status-publish","4":"has-post-thumbnail","6":"product_cat-observation-des-baleines-a-tenerife","7":"pa_depart-from-nord-de-lile","8":"pa_depart-from-sud-de-lile","10":"first","11":"instock","12":"virtual","13":"sold-individually","14":"purchasable","15":"product-type-booking"},"acf":[],"_links":{"self":[{"href":"https:\/\/thetenerifechannel.com\/fr\/wp-json\/wp\/v2\/product\/10060","targetHints":{"allow":["GET"]}}],"collection":[{"href":"https:\/\/thetenerifechannel.com\/fr\/wp-json\/wp\/v2\/product"}],"about":[{"href":"https:\/\/thetenerifechannel.com\/fr\/wp-json\/wp\/v2\/types\/product"}],"wp:featuredmedia":[{"embeddable":true,"href":"https:\/\/thetenerifechannel.com\/fr\/wp-json\/wp\/v2\/media\/10021"}],"wp:attachment":[{"href":"https:\/\/thetenerifechannel.com\/fr\/wp-json\/wp\/v2\/media?parent=10060"}],"wp:term":[{"taxonomy":"product_brand","embeddable":true,"href":"https:\/\/thetenerifechannel.com\/fr\/wp-json\/wp\/v2\/product_brand?post=10060"},{"taxonomy":"product_cat","embeddable":true,"href":"https:\/\/thetenerifechannel.com\/fr\/wp-json\/wp\/v2\/product_cat?post=10060"},{"taxonomy":"product_tag","embeddable":true,"href":"https:\/\/thetenerifechannel.com\/fr\/wp-json\/wp\/v2\/product_tag?post=10060"}],"curies":[{"name":"wp","href":"https:\/\/api.w.org\/{rel}","templated":true}]}}