{"id":109029,"date":"2026-02-09T13:26:42","date_gmt":"2026-02-09T13:26:42","guid":{"rendered":"https:\/\/thetenerifechannel.com\/?post_type=product&#038;p=109029"},"modified":"2026-02-09T14:12:58","modified_gmt":"2026-02-09T14:12:58","slug":"pack-safari-sports-nautiques-copy","status":"publish","type":"product","link":"https:\/\/thetenerifechannel.com\/fr\/excursions\/pack-safari-sports-nautiques-copy\/","title":{"rendered":"Packs de sports nautiques"},"content":{"rendered":"<p data-start=\"167\" data-end=\"201\">Choisissez parmi nos diff\u00e9rents packs de sports nautiques : jet ski, parachute ascensionnel ou p\u00eache \u00e0 la mouche. Chaque pack offre une exp\u00e9rience unique : ressentez l&#8217;adr\u00e9naline en chevauchant les vagues sur un jet-ski, envolez-vous au-dessus de l&#8217;oc\u00e9an en parachute ascensionnel ou survolez l&#8217;eau \u00e0 bord d&#8217;un poisson mouche. Profitez d&#8217;une vue imprenable sur la c\u00f4te, d&#8217;une brise marine rafra\u00eechissante et d&#8217;un plaisir sans fin pour chaque activit\u00e9. Parfait pour tous ceux qui recherchent l&#8217;aventure, l&#8217;excitation et des souvenirs inoubliables sur l&#8217;eau.   <\/p>\n<ul style=\"list-style-type: circle;\">\n<li><strong>PACK SP\u00c9CIAL SPORTS DE MER<\/strong> = 20 min Circuit Jet Ski + 10 min Parascending + 10 min P\u00eache \u00e0 la mouche<\/li>\n<li><strong>BOOSTER PACK 1<\/strong> = 40 min Jet Ski + 10 min Parascending<\/li>\n<li><strong>BOOSTER PACK 2<\/strong> = 1 heure de Jet Ski + 10 min de Parascending<\/li>\n<li><strong>BOOSTER PACK 3<\/strong> = 1 heure de Jet Ski + 10 min de Parascending + 10 min de P\u00eache \u00e0 la Mouche<\/li>\n<li><strong>PACK SAFARI <\/strong>(uniquement disponible \u00e0 partir de 10h00) = 2 heures de jet ski + 10 min de parapente + 10 min de p\u00eache \u00e0 la mouche<\/li>\n<\/ul>\n<p>&nbsp;<\/p>\n<ul>\n<li>Rendez-vous sur la plage la plus proche de votre h\u00e9bergement.<\/li>\n<li>Billet \u00e9lectronique.<\/li>\n<li>Gilet de sauvetage (obligatoire)<\/li>\n<\/ul>\n<p><strong>Non inclus :<\/strong><\/p>\n<ul>\n<li>Transport<\/li>\n<li>Photo souvenir<\/li>\n<\/ul>\n<p><strong>Lors de la r\u00e9servation, veuillez nous contacter pour v\u00e9rifier la disponibilit\u00e9.<\/strong><\/p>\n<p>*Age minimum du passager : 10 ans<br \/>\n*Jet ski simple : \u00e2ge minimum : 16 ans (autorisation des parents requise)<br \/>\n*Jet ski double : \u00e2ge minimum 18 ans<br \/>\n*Restriction de poids jet ski double : 150-170 kg.<\/p>\n<p>&nbsp;<\/p>\n","protected":false},"excerpt":{"rendered":"<p data-start=\"167\" data-end=\"201\">Profitez de nos packs de sports nautiques ! Pr\u00e9parez-vous \u00e0 une journ\u00e9e inoubliable sur l&#8217;eau !<br \/>\nChoisissez parmi diff\u00e9rentes dur\u00e9es pour le jet ski, le parachute ascensionnel ou la p\u00eache \u00e0 la mouche, et profitez des sensations fortes, des vues et du plaisir que chaque activit\u00e9 a \u00e0 offrir. Parfait pour tous ceux qui recherchent l&#8217;aventure, l&#8217;excitation et des souvenirs inoubliables. <\/p>\n","protected":false},"featured_media":97862,"template":"","meta":{"_acf_changed":false,"_joinchat":[]},"product_brand":[],"product_cat":[169],"product_tag":[],"class_list":{"0":"post-109029","1":"product","2":"type-product","3":"status-publish","4":"has-post-thumbnail","6":"product_cat-sports-nautiques-tenerife","7":"pa_depart-from-sud-de-lile","9":"first","10":"instock","11":"virtual","12":"sold-individually","13":"purchasable","14":"product-type-booking"},"acf":[],"_links":{"self":[{"href":"https:\/\/thetenerifechannel.com\/fr\/wp-json\/wp\/v2\/product\/109029","targetHints":{"allow":["GET"]}}],"collection":[{"href":"https:\/\/thetenerifechannel.com\/fr\/wp-json\/wp\/v2\/product"}],"about":[{"href":"https:\/\/thetenerifechannel.com\/fr\/wp-json\/wp\/v2\/types\/product"}],"wp:featuredmedia":[{"embeddable":true,"href":"https:\/\/thetenerifechannel.com\/fr\/wp-json\/wp\/v2\/media\/97862"}],"wp:attachment":[{"href":"https:\/\/thetenerifechannel.com\/fr\/wp-json\/wp\/v2\/media?parent=109029"}],"wp:term":[{"taxonomy":"product_brand","embeddable":true,"href":"https:\/\/thetenerifechannel.com\/fr\/wp-json\/wp\/v2\/product_brand?post=109029"},{"taxonomy":"product_cat","embeddable":true,"href":"https:\/\/thetenerifechannel.com\/fr\/wp-json\/wp\/v2\/product_cat?post=109029"},{"taxonomy":"product_tag","embeddable":true,"href":"https:\/\/thetenerifechannel.com\/fr\/wp-json\/wp\/v2\/product_tag?post=109029"}],"curies":[{"name":"wp","href":"https:\/\/api.w.org\/{rel}","templated":true}]}}