{"id":109331,"date":"2026-02-10T13:06:13","date_gmt":"2026-02-10T13:06:13","guid":{"rendered":"https:\/\/thetenerifechannel.com\/?post_type=product&#038;p=109331"},"modified":"2026-02-19T11:32:41","modified_gmt":"2026-02-19T11:32:41","slug":"essayer-de-plonger-copy","status":"publish","type":"product","link":"https:\/\/thetenerifechannel.com\/fr\/excursions\/essayer-de-plonger-copy\/","title":{"rendered":"Plong\u00e9e en apn\u00e9e ou d\u00e9couverte de la plong\u00e9e sous-marine (\u00e0 partir de Las Galletas)"},"content":{"rendered":"<section class=\"l-section wpb_row height_huge\"><div class=\"l-section-h i-cf\"><div class=\"g-cols vc_row via_grid cols_1 laptops-cols_inherit tablets-cols_inherit mobiles-cols_1 valign_top type_default stacking_default\"><div class=\"wpb_column vc_column_container\"><div class=\"vc_column-inner\"><div class=\"wpb_text_column\"><div class=\"wpb_wrapper\"><p><strong>D\u00c9COUVREZ LA PLONG\u00c9E SOUS-MARINE<\/strong><\/p>\n<p>D\u00e9couvrez un monde sous-marin incroyable \u00e0 T\u00e9n\u00e9rife gr\u00e2ce \u00e0 nos exp\u00e9riences de plong\u00e9e sous-marine !<br data-start=\"500\" data-end=\"503\">Plongez dans les eaux cristallines de T\u00e9n\u00e9rife avec une aventure inoubliable pour d\u00e9butants. Explorez la magie des fonds marins en toute s\u00e9curit\u00e9, guid\u00e9 par nos instructeurs passionn\u00e9s. Ouvert \u00e0 tous, aucune exp\u00e9rience pr\u00e9alable n&#8217;est requise.<br data-start=\"725\" data-end=\"728\">Sous la conduite d&#8217;un instructeur certifi\u00e9, vous embarquerez pour un voyage inoubliable sur l&#8217;un de nos 30 sites de plong\u00e9e &#8211; une exp\u00e9rience unique parmi les poissons tropicaux et les paysages volcaniques \u00e9poustouflants !  <\/p>\n<p data-start=\"86\" data-end=\"131\"><strong data-start=\"86\" data-end=\"129\">L&#8217;exp\u00e9rience de plong\u00e9e pour d\u00e9butants comprend<\/strong><\/p>\n<ul data-start=\"132\" data-end=\"355\">\n<li data-start=\"132\" data-end=\"212\">\n<p data-start=\"134\" data-end=\"212\">Une explication simple et rassurante de l&#8217;\u00e9quipement et des techniques de base de la plong\u00e9e.<\/p>\n<\/li>\n<li data-start=\"213\" data-end=\"263\">\n<p data-start=\"215\" data-end=\"263\">Une plong\u00e9e progressive jusqu&#8217;\u00e0 6 m\u00e8tres de profondeur.<\/p>\n<\/li>\n<li data-start=\"264\" data-end=\"304\">\n<p data-start=\"266\" data-end=\"304\">Un accompagnement individuel \u00e0 votre rythme<\/p>\n<\/li>\n<li data-start=\"305\" data-end=\"332\">\n<p data-start=\"307\" data-end=\"332\">Equipement complet fourni<\/p>\n<\/li>\n<li data-start=\"333\" data-end=\"355\">\n<p data-start=\"335\" data-end=\"355\">Assurance activit\u00e9<\/p>\n<\/li>\n<\/ul>\n<p data-start=\"357\" data-end=\"474\"><strong data-start=\"357\" data-end=\"376\">Dur\u00e9e totale :<\/strong> environ 2,5 heures (briefing, mise \u00e0 l&#8217;eau et plong\u00e9e d&#8217;environ 20 minutes).<\/p>\n<p>&nbsp;<\/p>\n<p><strong>SNORKELING<\/strong><\/p>\n<p>Le snorkeling est un moyen simple et agr\u00e9able de d\u00e9couvrir les merveilles qui se cachent sous les eaux de Tenerife, sans avoir besoin d&#8217;une formation en plong\u00e9e. C&#8217;est une activit\u00e9 id\u00e9ale pour toute la famille. Petits et grands peuvent explorer le monde marin en toute simplicit\u00e9.  <\/p>\n<p><strong>Ce que nous offrons :<\/strong><\/p>\n<ul>\n<li>D\u00e9part en bateau<\/li>\n<li>Des guides sp\u00e9cialis\u00e9s sont disponibles moyennant un suppl\u00e9ment.<\/li>\n<li>Observation de poissons tropicaux, de tortues, de raies et d&#8217;autres esp\u00e8ces marines<\/li>\n<li>\u00c9quipement fourni : masque, tuba, palmes et combinaison courte.<\/li>\n<li>Supervision dans un environnement d\u00e9tendu et s\u00fbr<\/li>\n<li>Des sorties en petits groupes pour une exp\u00e9rience plus conviviale et personnelle<\/li>\n<\/ul>\n<p><strong>Dur\u00e9e :<\/strong> 2 &#8211; 2,5 heures (briefing et exploration)<\/p>\n<p><strong>Qui peut s&#8217;inscrire ?<\/strong><br \/>\nTout le monde peut participer, que vous soyez d\u00e9butant ou exp\u00e9riment\u00e9. Il n&#8217;est pas n\u00e9cessaire d&#8217;\u00eatre un parfait nageur, il suffit d&#8217;\u00eatre \u00e0 l&#8217;aise dans l&#8217;eau. Pour ceux qui le souhaitent, nous fournissons des gilets de flottaison afin de garantir une exp\u00e9rience s\u00fbre et confortable.  <\/p>\n<p>&nbsp;<\/p>\n<p><strong>PAS<\/strong> <strong>INCLUDE :<\/strong><\/p>\n<ul>\n<li>Transport<\/li>\n<li>Photos de l&#8217;emballage<\/li>\n<\/ul>\n<p><span>\u00c2ge minimum : 6 ans (avec l&#8217;autorisation des tuteurs) (pour l&#8217;activit\u00e9 DISCOVER SCUBA DIVING)<\/span><\/p>\n<p><span>Vous n&#8217;avez pas de probl\u00e8mes respiratoires, cardiaques ou auditifs.  <\/span><\/p>\n<p>Ne soyez pas enceinte.<\/p>\n<p><span>Ne prenez pas l&#8217;avion et ne faites aucune activit\u00e9 en altitude (parapente, parachutisme, mont\u00e9e au Teide) dans les 12 heures qui suivent (pour l&#8217;activit\u00e9 de plong\u00e9e sous-marine).<\/span><\/p>\n<\/div><\/div><\/div><\/div><\/div><\/div><\/section>\n","protected":false},"excerpt":{"rendered":"<p>Plongez dans l&#8217;aventure ! D\u00e9couvrez le monde sous-marin vibrant gr\u00e2ce \u00e0 nos excursions de plong\u00e9e avec masque et tuba et de plong\u00e9e sous-marine !<br \/>\nQu&#8217;il s&#8217;agisse de plong\u00e9e avec tuba ou de plong\u00e9e sous-marine, vivez votre premi\u00e8re immersion sous l&#8217;eau dans un environnement convivial, accueillant et 100 % s\u00fbr. Que vous soyez seul, en couple, en famille ou entre amis, nous nous occupons de tout pour que vous puissiez vous d\u00e9tendre et profiter du moment. <\/p>\n","protected":false},"featured_media":109335,"template":"","meta":{"_acf_changed":false,"_joinchat":[]},"product_brand":[],"product_cat":[169],"product_tag":[],"class_list":{"0":"post-109331","1":"product","2":"type-product","3":"status-publish","4":"has-post-thumbnail","6":"product_cat-sports-nautiques-tenerife","8":"first","9":"instock","10":"virtual","11":"sold-individually","12":"purchasable","13":"product-type-booking"},"acf":[],"_links":{"self":[{"href":"https:\/\/thetenerifechannel.com\/fr\/wp-json\/wp\/v2\/product\/109331","targetHints":{"allow":["GET"]}}],"collection":[{"href":"https:\/\/thetenerifechannel.com\/fr\/wp-json\/wp\/v2\/product"}],"about":[{"href":"https:\/\/thetenerifechannel.com\/fr\/wp-json\/wp\/v2\/types\/product"}],"wp:featuredmedia":[{"embeddable":true,"href":"https:\/\/thetenerifechannel.com\/fr\/wp-json\/wp\/v2\/media\/109335"}],"wp:attachment":[{"href":"https:\/\/thetenerifechannel.com\/fr\/wp-json\/wp\/v2\/media?parent=109331"}],"wp:term":[{"taxonomy":"product_brand","embeddable":true,"href":"https:\/\/thetenerifechannel.com\/fr\/wp-json\/wp\/v2\/product_brand?post=109331"},{"taxonomy":"product_cat","embeddable":true,"href":"https:\/\/thetenerifechannel.com\/fr\/wp-json\/wp\/v2\/product_cat?post=109331"},{"taxonomy":"product_tag","embeddable":true,"href":"https:\/\/thetenerifechannel.com\/fr\/wp-json\/wp\/v2\/product_tag?post=109331"}],"curies":[{"name":"wp","href":"https:\/\/api.w.org\/{rel}","templated":true}]}}