{"id":110214,"date":"2026-02-14T14:44:06","date_gmt":"2026-02-14T14:44:06","guid":{"rendered":"https:\/\/thetenerifechannel.com\/?post_type=product&#038;p=110214"},"modified":"2026-04-17T11:14:15","modified_gmt":"2026-04-17T11:14:15","slug":"tour-de-lile-candelaria-la-orotava-garachico-masca-depuis-le-sud-copy-2","status":"publish","type":"product","link":"https:\/\/thetenerifechannel.com\/fr\/excursions\/tour-de-lile-candelaria-la-orotava-garachico-masca-depuis-le-sud-copy-2\/","title":{"rendered":"Saveurs et vins (du sud)"},"content":{"rendered":"<section class=\"l-section wpb_row height_huge\"><div class=\"l-section-h i-cf\"><div class=\"g-cols vc_row via_grid cols_1 laptops-cols_inherit tablets-cols_inherit mobiles-cols_1 valign_top type_default stacking_default\"><div class=\"wpb_column vc_column_container\"><div class=\"vc_column-inner\"><div class=\"wpb_text_column\"><div class=\"wpb_wrapper\"><div class=\"flex-shrink-0 flex flex-col relative items-end\">\n<div class=\"pt-0.5\">\n<div class=\"gizmo-shadow-stroke flex h-6 w-6 items-center justify-center overflow-hidden rounded-full\">\n<p data-pm-slice=\"1 1 &#091;&#093;\">Saveurs et vins de T\u00e9n\u00e9riffe : Un voyage pour les sens<\/p>\n<p>D\u00e9couvrez les saveurs authentiques et les vins r\u00e9put\u00e9s du sud de T\u00e9n\u00e9rife lors de cette excursion d&#8217;une demi-journ\u00e9e. Visitez la Finca Las Margaritas pour d\u00e9couvrir la culture traditionnelle de la banane et go\u00fbter des produits locaux comme le gofio, le miel de palme et les fruits tropicaux. Admirez les panoramas montagneux \u00e0 couper le souffle en route vers la Bodega Lagar de Chasna, o\u00f9 une d\u00e9gustation de vins est associ\u00e9e \u00e0 la meilleure gastronomie canarienne. Retournez \u00e0 votre h\u00e9bergement en ayant le temps de continuer \u00e0 profiter de votre journ\u00e9e.   <\/p>\n<\/div>\n<\/div>\n<\/div>\n<div class=\"relative flex w-full flex-col lg:w-&#091;calc(100%-115px)&#093; agent-turn\">\n<div class=\"flex-col gap-1 md:gap-3\">\n<div class=\"flex flex-grow flex-col max-w-full\">\n<div class=\"min-h-&#091;20px&#093; text-message flex flex-col items-start gap-3 whitespace-pre-wrap break-words &#091;.text-message+&amp;&#093;:mt-5 overflow-x-auto\" data-message-author-role=\"assistant\" data-message-id=\"1b594d4d-875f-4ede-8698-e67da448c8b8\">\n<p>Dur\u00e9e : environ 4-5 heures.<\/p>\n<p><strong>Lors de la r\u00e9servation, veuillez pr\u00e9ciser vos intol\u00e9rances, allergies ou pr\u00e9f\u00e9rences alimentaires, telles que le menu v\u00e9g\u00e9tarien\/v\u00e9g\u00e9talien<\/strong><strong>.<\/strong><\/p>\n<p><strong>Inclus :<\/strong><\/p>\n<\/div>\n<\/div>\n<\/div>\n<\/div>\n<ul>\n<li>Bus discr\u00e9tionnaire climatis\u00e9<\/li>\n<li>Guide officiel<\/li>\n<li><span>Visite d&#8217;une bananeraie, visite d&#8217;une cave, d\u00e9gustation de produits et de vins canariens.<\/span><\/li>\n<\/ul>\n<p><strong>Non inclus :<\/strong><\/p>\n<ul>\n<li>D\u00e9jeuner<\/li>\n<\/ul>\n<\/div><\/div><\/div><\/div><\/div><\/div><\/section>\n","protected":false},"excerpt":{"rendered":"<p data-pm-slice=\"1 1 []\">D\u00e9couvrez les saveurs et les vins authentiques du sud de T\u00e9n\u00e9rife lors d&#8217;un voyage pittoresque \u00e0 travers la culture locale, la gastronomie et des paysages \u00e0 couper le souffle.<\/p>\n","protected":false},"featured_media":110243,"template":"","meta":{"_acf_changed":false,"_joinchat":[]},"product_brand":[],"product_cat":[274,152,179],"product_tag":[384,403,408],"class_list":{"0":"post-110214","1":"product","2":"type-product","3":"status-publish","4":"has-post-thumbnail","6":"product_cat-aventure-dans-la-nature","7":"product_cat-circuits-ile-bus-tenerife","8":"product_cat-sans-categorie","9":"product_tag-a-groupe-couples","10":"product_tag-a-vibe-explore","11":"product_tag-a-vibe-romance","12":"pa_depart-from-sud-de-lile","14":"first","15":"instock","16":"virtual","17":"sold-individually","18":"purchasable","19":"product-type-booking"},"acf":[],"_links":{"self":[{"href":"https:\/\/thetenerifechannel.com\/fr\/wp-json\/wp\/v2\/product\/110214","targetHints":{"allow":["GET"]}}],"collection":[{"href":"https:\/\/thetenerifechannel.com\/fr\/wp-json\/wp\/v2\/product"}],"about":[{"href":"https:\/\/thetenerifechannel.com\/fr\/wp-json\/wp\/v2\/types\/product"}],"wp:featuredmedia":[{"embeddable":true,"href":"https:\/\/thetenerifechannel.com\/fr\/wp-json\/wp\/v2\/media\/110243"}],"wp:attachment":[{"href":"https:\/\/thetenerifechannel.com\/fr\/wp-json\/wp\/v2\/media?parent=110214"}],"wp:term":[{"taxonomy":"product_brand","embeddable":true,"href":"https:\/\/thetenerifechannel.com\/fr\/wp-json\/wp\/v2\/product_brand?post=110214"},{"taxonomy":"product_cat","embeddable":true,"href":"https:\/\/thetenerifechannel.com\/fr\/wp-json\/wp\/v2\/product_cat?post=110214"},{"taxonomy":"product_tag","embeddable":true,"href":"https:\/\/thetenerifechannel.com\/fr\/wp-json\/wp\/v2\/product_tag?post=110214"}],"curies":[{"name":"wp","href":"https:\/\/api.w.org\/{rel}","templated":true}]}}