{"id":111570,"date":"2026-02-19T12:25:35","date_gmt":"2026-02-19T12:25:35","guid":{"rendered":"https:\/\/thetenerifechannel.com\/?post_type=product&#038;p=111570"},"modified":"2026-03-09T15:01:27","modified_gmt":"2026-03-09T15:01:27","slug":"opera-60-luxury-charter-copy","status":"publish","type":"product","link":"https:\/\/thetenerifechannel.com\/fr\/excursions\/opera-60-luxury-charter-copy\/","title":{"rendered":"Bateau \u00e0 voile cool"},"content":{"rendered":"<section class=\"l-section wpb_row height_huge\"><div class=\"l-section-h i-cf\"><div class=\"g-cols vc_row via_grid cols_1 laptops-cols_inherit tablets-cols_inherit mobiles-cols_1 valign_top type_default stacking_default\"><div class=\"wpb_column vc_column_container\"><div class=\"vc_column-inner\"><div class=\"wpb_text_column\"><div class=\"wpb_wrapper\"><p data-pm-slice=\"1 1 &#091;&#093;\">Partez de Puerto Col\u00f3n, Costa Adeje, \u00e0 bord du bateau Cool Sailing pour une aventure inoubliable de 3 heures avec un petit groupe de 11 personnes maximum. D\u00e9gustez des boissons et de d\u00e9licieux sandwichs en vous d\u00e9tendant sur le pont.<\/p>\n<p>Rep\u00e9rez les baleines et les dauphins pendant la partie principale de l&#8217;excursion et plongez dans des eaux cristallines pour une baignade rafra\u00eechissante gr\u00e2ce au mat\u00e9riel de plong\u00e9e avec tuba fourni. Un m\u00e9lange parfait d&#8217;aventure, de plaisir et de d\u00e9tente sur la magnifique c\u00f4te de T\u00e9n\u00e9riffe !<\/p>\n<p>&nbsp;<\/p>\n<p><strong>INCLUS :<\/strong><\/p>\n<ul>\n<li>Groupe r\u00e9duit : jusqu&#8217;\u00e0 11 passagers.<\/li>\n<li>Sandwichs et boissons inclus (eau, fanta citron et orange, cola, vin blanc et bi\u00e8re).<\/li>\n<li>Arr\u00eat natation.<\/li>\n<li>Mat\u00e9riel de plong\u00e9e avec tuba.<\/li>\n<\/ul>\n<p><strong>NON COMPRIS :<br \/>\n<\/strong><\/p>\n<ul>\n<li>Serviettes<\/li>\n<li>Transport<\/li>\n<\/ul>\n<\/div><\/div><\/div><\/div><\/div><\/div><\/section>\n","protected":false},"excerpt":{"rendered":"<p>Participez \u00e0 une croisi\u00e8re exclusive de 3 heures pour seulement 11 personnes : observez les baleines et les dauphins, prenez un bain rafra\u00eechissant et cr\u00e9ez des souvenirs inoubliables en pleine mer !<\/p>\n","protected":false},"featured_media":111720,"template":"","meta":{"_acf_changed":false,"_joinchat":[]},"product_brand":[],"product_cat":[229,145],"product_tag":[266],"class_list":{"0":"post-111570","1":"product","2":"type-product","3":"status-publish","4":"has-post-thumbnail","6":"product_cat-charters-prives-tenerife","7":"product_cat-observation-des-baleines-a-tenerife","8":"product_tag-cartes-de-visite","9":"pa_depart-from-sud-de-lile","11":"first","12":"instock","13":"virtual","14":"sold-individually","15":"purchasable","16":"product-type-booking"},"acf":[],"_links":{"self":[{"href":"https:\/\/thetenerifechannel.com\/fr\/wp-json\/wp\/v2\/product\/111570","targetHints":{"allow":["GET"]}}],"collection":[{"href":"https:\/\/thetenerifechannel.com\/fr\/wp-json\/wp\/v2\/product"}],"about":[{"href":"https:\/\/thetenerifechannel.com\/fr\/wp-json\/wp\/v2\/types\/product"}],"wp:featuredmedia":[{"embeddable":true,"href":"https:\/\/thetenerifechannel.com\/fr\/wp-json\/wp\/v2\/media\/111720"}],"wp:attachment":[{"href":"https:\/\/thetenerifechannel.com\/fr\/wp-json\/wp\/v2\/media?parent=111570"}],"wp:term":[{"taxonomy":"product_brand","embeddable":true,"href":"https:\/\/thetenerifechannel.com\/fr\/wp-json\/wp\/v2\/product_brand?post=111570"},{"taxonomy":"product_cat","embeddable":true,"href":"https:\/\/thetenerifechannel.com\/fr\/wp-json\/wp\/v2\/product_cat?post=111570"},{"taxonomy":"product_tag","embeddable":true,"href":"https:\/\/thetenerifechannel.com\/fr\/wp-json\/wp\/v2\/product_tag?post=111570"}],"curies":[{"name":"wp","href":"https:\/\/api.w.org\/{rel}","templated":true}]}}