{"id":111607,"date":"2026-02-19T13:09:42","date_gmt":"2026-02-19T13:09:42","guid":{"rendered":"https:\/\/thetenerifechannel.com\/?post_type=product&#038;p=111607"},"modified":"2026-03-09T15:02:16","modified_gmt":"2026-03-09T15:02:16","slug":"bateau-a-voile-cool-copy","status":"publish","type":"product","link":"https:\/\/thetenerifechannel.com\/fr\/excursions\/bateau-a-voile-cool-copy\/","title":{"rendered":"White Dreams (bateau \u00e0 moteur)"},"content":{"rendered":"<section class=\"l-section wpb_row height_huge\"><div class=\"l-section-h i-cf\"><div class=\"g-cols vc_row via_grid cols_1 laptops-cols_inherit tablets-cols_inherit mobiles-cols_1 valign_top type_default stacking_default\"><div class=\"wpb_column vc_column_container\"><div class=\"vc_column-inner\"><div class=\"wpb_text_column\"><div class=\"wpb_wrapper\"><p data-start=\"96\" data-end=\"348\">Montez \u00e0 bord du bateau \u00e0 moteur White Dream \u00e0 Puerto Col\u00f3n, Costa Adeje, pour une aventure inoubliable de 3 heures avec un petit groupe de 12 personnes maximum. D\u00e9tendez-vous sur le pont avec des boissons rafra\u00eechissantes et des plats d\u00e9licieux pendant que vous naviguez le long de la magnifique c\u00f4te de T\u00e9n\u00e9riffe. <\/p>\n<p data-start=\"350\" data-end=\"553\">Pendant la partie principale de l&#8217;excursion, rep\u00e9rez les baleines et les dauphins, et plongez dans les eaux cristallines gr\u00e2ce au mat\u00e9riel de plong\u00e9e avec tuba fourni. Un m\u00e9lange parfait d&#8217;excitation, d&#8217;amusement et de d\u00e9tente en mer ! <\/p>\n<p>&nbsp;<\/p>\n<p><strong>INCLUS :<\/strong><\/p>\n<ul>\n<li>Groupe r\u00e9duit : jusqu&#8217;\u00e0 12 passagers.<\/li>\n<li>Boissons <em>(eau, fanta citron et orange, cola, cola zero, sprite, vin blanc, bi\u00e8re et cava)<\/em> et repas inclus <em>(tapas &#8211; pizza, omelette espagnole, fromage, jambon serrano, \u00e9chine de porc, salami, chorizo ; \u00e9galement fruits, snacks et pain).<\/em><\/li>\n<li>Arr\u00eat natation.<\/li>\n<li>Mat\u00e9riel de plong\u00e9e avec tuba.<\/li>\n<\/ul>\n<p><strong>NON COMPRIS :<br \/>\n<\/strong><\/p>\n<ul>\n<li>Serviettes<\/li>\n<li>Transport<\/li>\n<\/ul>\n<\/div><\/div><\/div><\/div><\/div><\/div><\/section>\n","protected":false},"excerpt":{"rendered":"<p data-pm-slice=\"1 1 []\">Embarquez pour une croisi\u00e8re inoubliable de 3 heures pour seulement 12 personnes ! Rep\u00e9rez les baleines et les dauphins, plongez dans des eaux cristallines \u00e9tincelantes et cr\u00e9ez des souvenirs inoubliables ! <\/p>\n","protected":false},"featured_media":111762,"template":"","meta":{"_acf_changed":false,"_joinchat":[]},"product_brand":[],"product_cat":[229,145],"product_tag":[266],"class_list":{"0":"post-111607","1":"product","2":"type-product","3":"status-publish","4":"has-post-thumbnail","6":"product_cat-charters-prives-tenerife","7":"product_cat-observation-des-baleines-a-tenerife","8":"product_tag-cartes-de-visite","9":"pa_depart-from-sud-de-lile","11":"first","12":"instock","13":"virtual","14":"sold-individually","15":"purchasable","16":"product-type-booking"},"acf":[],"_links":{"self":[{"href":"https:\/\/thetenerifechannel.com\/fr\/wp-json\/wp\/v2\/product\/111607","targetHints":{"allow":["GET"]}}],"collection":[{"href":"https:\/\/thetenerifechannel.com\/fr\/wp-json\/wp\/v2\/product"}],"about":[{"href":"https:\/\/thetenerifechannel.com\/fr\/wp-json\/wp\/v2\/types\/product"}],"wp:featuredmedia":[{"embeddable":true,"href":"https:\/\/thetenerifechannel.com\/fr\/wp-json\/wp\/v2\/media\/111762"}],"wp:attachment":[{"href":"https:\/\/thetenerifechannel.com\/fr\/wp-json\/wp\/v2\/media?parent=111607"}],"wp:term":[{"taxonomy":"product_brand","embeddable":true,"href":"https:\/\/thetenerifechannel.com\/fr\/wp-json\/wp\/v2\/product_brand?post=111607"},{"taxonomy":"product_cat","embeddable":true,"href":"https:\/\/thetenerifechannel.com\/fr\/wp-json\/wp\/v2\/product_cat?post=111607"},{"taxonomy":"product_tag","embeddable":true,"href":"https:\/\/thetenerifechannel.com\/fr\/wp-json\/wp\/v2\/product_tag?post=111607"}],"curies":[{"name":"wp","href":"https:\/\/api.w.org\/{rel}","templated":true}]}}