{"id":115126,"date":"2026-03-11T11:41:28","date_gmt":"2026-03-11T11:41:28","guid":{"rendered":"https:\/\/thetenerifechannel.com\/?post_type=product&#038;p=115126"},"modified":"2026-04-09T05:22:09","modified_gmt":"2026-04-09T05:22:09","slug":"fiat-500-offshore-copy","status":"publish","type":"product","link":"https:\/\/thetenerifechannel.com\/fr\/excursions\/fiat-500-offshore-copy\/","title":{"rendered":"Ocean Karts"},"content":{"rendered":"<p data-start=\"145\" data-end=\"300\">Vivez l&#8217;aventure aquatique ultime \u00e0 T\u00e9n\u00e9rife !<br data-start=\"129\" data-end=\"132\">Prenez la barre de votre propre Aqua Race Kart &#8211; un bateau \u00e0 r\u00e9action \u00e0 une personne avec acc\u00e9l\u00e9ration par p\u00e9dale d&#8217;acc\u00e9l\u00e9rateur, un si\u00e8ge baquet de type course et un volant inspir\u00e9 de la Formule 1.<br data-start=\"318\" data-end=\"321\" data-is-only-node=\"\">Choisissez 20, 30 ou 40 minutes de sensations fortes en glissant librement sur les vagues avec une stabilit\u00e9 et des performances in\u00e9gal\u00e9es.<\/p>\n<p data-start=\"145\" data-end=\"300\">R\u00e9servez d\u00e8s maintenant et profitez de la libert\u00e9, de l&#8217;adr\u00e9naline et du plaisir de cette exp\u00e9rience unique de karting oc\u00e9anique !<\/p>\n<p data-start=\"145\" data-end=\"300\"><span class=\"x19la9d6 x1fc57z9 x6ikm8r x10wlt62 x19co3pv x11tp94h xfibh0p xiy17q3 x1xsqp64 x1lkfr7t xexx8yu xyri2b x18d9i69 x1c1uobl\"><span class=\"xrtxmta x1bhl96m\">\ud83d\udccd<\/span><\/span>Point de rencontre : Amarilla Golf<\/p>\n<ul>\n<li>Une personne par kart,<\/li>\n<li>Conducteur : minimum 16 ans,<\/li>\n<li>Poids maximum : 90 kgs,<\/li>\n<li>Photos incluses dans l&#8217;ARGENT, Photos et vid\u00e9os incluses dans l&#8217;OR.<\/li>\n<\/ul>\n","protected":false},"excerpt":{"rendered":"<p>Prenez la barre de votre propre Aqua Race Kart \u00e0 Tenerife et profitez de 20 \u00e0 40 minutes d&#8217;adr\u00e9naline pure, de libert\u00e9 et de plaisir sur les vagues !<\/p>\n","protected":false},"featured_media":115154,"template":"","meta":{"_acf_changed":false,"_joinchat":[]},"product_brand":[],"product_cat":[169],"product_tag":[387,386,384,385,388],"class_list":{"0":"post-115126","1":"product","2":"type-product","3":"status-publish","4":"has-post-thumbnail","6":"product_cat-sports-nautiques-tenerife","7":"product_tag-a-group-solo","8":"product_tag-a-groupe-amis","9":"product_tag-a-groupe-couples","10":"product_tag-a-groupe-familles","11":"product_tag-a-vibe-adventure","13":"first","14":"instock","15":"sold-individually","16":"shipping-taxable","17":"purchasable","18":"product-type-booking"},"acf":[],"_links":{"self":[{"href":"https:\/\/thetenerifechannel.com\/fr\/wp-json\/wp\/v2\/product\/115126","targetHints":{"allow":["GET"]}}],"collection":[{"href":"https:\/\/thetenerifechannel.com\/fr\/wp-json\/wp\/v2\/product"}],"about":[{"href":"https:\/\/thetenerifechannel.com\/fr\/wp-json\/wp\/v2\/types\/product"}],"wp:featuredmedia":[{"embeddable":true,"href":"https:\/\/thetenerifechannel.com\/fr\/wp-json\/wp\/v2\/media\/115154"}],"wp:attachment":[{"href":"https:\/\/thetenerifechannel.com\/fr\/wp-json\/wp\/v2\/media?parent=115126"}],"wp:term":[{"taxonomy":"product_brand","embeddable":true,"href":"https:\/\/thetenerifechannel.com\/fr\/wp-json\/wp\/v2\/product_brand?post=115126"},{"taxonomy":"product_cat","embeddable":true,"href":"https:\/\/thetenerifechannel.com\/fr\/wp-json\/wp\/v2\/product_cat?post=115126"},{"taxonomy":"product_tag","embeddable":true,"href":"https:\/\/thetenerifechannel.com\/fr\/wp-json\/wp\/v2\/product_tag?post=115126"}],"curies":[{"name":"wp","href":"https:\/\/api.w.org\/{rel}","templated":true}]}}