{"id":121002,"date":"2026-04-09T10:15:28","date_gmt":"2026-04-09T10:15:28","guid":{"rendered":"https:\/\/thetenerifechannel.com\/?post_type=product&#038;p=121002"},"modified":"2026-04-10T09:36:43","modified_gmt":"2026-04-10T09:36:43","slug":"croisiere-de-2-heures-sur-latlantique-avec-le-royal-delfin-copy-2","status":"publish","type":"product","link":"https:\/\/thetenerifechannel.com\/fr\/excursions\/croisiere-de-2-heures-sur-latlantique-avec-le-royal-delfin-copy-2\/","title":{"rendered":"Vision Submarine"},"content":{"rendered":"<section class=\"l-section wpb_row height_huge\"><div class=\"l-section-h i-cf\"><div class=\"g-cols vc_row via_grid cols_1 laptops-cols_inherit tablets-cols_inherit mobiles-cols_1 valign_top type_default stacking_default\"><div class=\"wpb_column vc_column_container\"><div class=\"vc_column-inner\"><div class=\"wpb_text_column\"><div class=\"wpb_wrapper\"><p>Profitez d&#8217;une exp\u00e9rience marine calme et respectueuse de 2 heures sur un grand catamaran stable avec le sous-marin Vision, titulaire d&#8217;une licence compl\u00e8te, \u00e0 Los Cristianos. Avec plus de 40 ans d&#8217;expertise, nous garantissons une approche sans risque, en donnant la priorit\u00e9 au bien-\u00eatre de la vie marine tout en assurant une promenade s\u00fbre et sans heurts. Cette excursion part du port de Los Cristianos.  <\/p>\n<p data-start=\"76\" data-end=\"133\"><strong data-start=\"76\" data-end=\"131\">VISION SUBMARINE &#8211; Observation \u00e9thique des baleines et des dauphins<\/strong><\/p>\n<p data-start=\"135\" data-end=\"393\">Nos excursions privil\u00e9gient avant tout le bien-\u00eatre de la vie marine. Contrairement \u00e0 de nombreux op\u00e9rateurs qui pr\u00e9tendent ne pas poursuivre les animaux mais les stressent quand m\u00eame, nous respectons vraiment les baleines et les dauphins : nous ne les poursuivons jamais, nous ne les enfermons jamais, nous ne faisons jamais pression sur eux et nous les observons enti\u00e8rement selon leurs conditions. <\/p>\n<p data-start=\"395\" data-end=\"686\">Avec plus de 40 ans d&#8217;exp\u00e9rience, un grand catamaran stable et le Vision Submarine \u00e0 Los Cristianos, nous vous offrons une exp\u00e9rience calme et responsable de 2 heures de vie sauvage. Nous collaborons avec des organisations telles que la Captain Paul Watson Foundation UK afin de faire passer la conservation avant le profit. <\/p>\n<p data-start=\"688\" data-end=\"866\">Le tourisme responsable, c&#8217;est donner la priorit\u00e9 aux animaux, accepter les limites, \u00e9duquer honn\u00eatement et agir de mani\u00e8re coh\u00e9rente. Pour nous, la faune n&#8217;est pas un produit &#8211; c&#8217;est un privil\u00e8ge d&#8217;en \u00eatre le t\u00e9moin. <\/p>\n<p><strong style=\"letter-spacing: 0em;\">Inclus :<\/strong><\/p>\n<ul style=\"list-style-type: disc;\">\n<li>Billet \u00e9lectronique.<\/li>\n<li><span>Vision Catamaran sous-marin, offrant une grande stabilit\u00e9.<\/span><\/li>\n<li><span>Catamaran tr\u00e8s stable avec un salon int\u00e9rieur pour pouvoir se mettre compl\u00e8tement \u00e0 l&#8217;abri du soleil ou du vent.<\/span><\/li>\n<li>Guides sp\u00e9cialis\u00e9s \u00e0 bord.<\/li>\n<li><span>Une politique stricte de non-chasse Safari, qui donne toujours la priorit\u00e9 \u00e0 la vie marine.<\/span><\/li>\n<li><span>Permis l\u00e9gaux pour l&#8217;observation des baleines dernier \u00e9quipement de s\u00e9curit\u00e9 \u00e0 bord<\/span><\/li>\n<\/ul>\n<p><strong>Non inclus :<\/strong><\/p>\n<ul>\n<li><span>Les excursions de 2 heures respectant correctement les baleines et les dauphins n&#8217;ont pas le temps de s&#8217;arr\u00eater pour nager, c&#8217;est pourquoi nous ne le proposons pas. Vous devez leur laisser le temps de d\u00e9cider s&#8217;ils veulent s&#8217;approcher ou non.<\/span><\/li>\n<li><span>Boissons et en-cas<\/span><\/li>\n<\/ul>\n<\/div><\/div><\/div><\/div><\/div><\/div><\/section>\n","protected":false},"excerpt":{"rendered":"<p><span>Vision Submarine 100% No Chase, Respectful Tours Guaranteed.<br \/>\n<\/span>Observez les baleines et les dauphins de la bonne mani\u00e8re \u00e0 Tenerife lors d&#8217;une excursion de 2 heures &#8211; le safari original sans poursuite, respectueux, mettant la vie marine au premier plan, \u00e0 bord d&#8217;un grand sous-marin Vision stable, avec un v\u00e9ritable engagement pour la protection de la vie marine.<\/p>\n","protected":false},"featured_media":121009,"template":"","meta":{"_acf_changed":false,"_joinchat":[]},"product_brand":[],"product_cat":[145],"product_tag":[],"class_list":{"0":"post-121002","1":"product","2":"type-product","3":"status-publish","4":"has-post-thumbnail","6":"product_cat-observation-des-baleines-a-tenerife","7":"pa_depart-from-sud-de-lile","9":"first","10":"instock","11":"virtual","12":"sold-individually","13":"purchasable","14":"product-type-booking"},"acf":[],"_links":{"self":[{"href":"https:\/\/thetenerifechannel.com\/fr\/wp-json\/wp\/v2\/product\/121002","targetHints":{"allow":["GET"]}}],"collection":[{"href":"https:\/\/thetenerifechannel.com\/fr\/wp-json\/wp\/v2\/product"}],"about":[{"href":"https:\/\/thetenerifechannel.com\/fr\/wp-json\/wp\/v2\/types\/product"}],"wp:featuredmedia":[{"embeddable":true,"href":"https:\/\/thetenerifechannel.com\/fr\/wp-json\/wp\/v2\/media\/121009"}],"wp:attachment":[{"href":"https:\/\/thetenerifechannel.com\/fr\/wp-json\/wp\/v2\/media?parent=121002"}],"wp:term":[{"taxonomy":"product_brand","embeddable":true,"href":"https:\/\/thetenerifechannel.com\/fr\/wp-json\/wp\/v2\/product_brand?post=121002"},{"taxonomy":"product_cat","embeddable":true,"href":"https:\/\/thetenerifechannel.com\/fr\/wp-json\/wp\/v2\/product_cat?post=121002"},{"taxonomy":"product_tag","embeddable":true,"href":"https:\/\/thetenerifechannel.com\/fr\/wp-json\/wp\/v2\/product_tag?post=121002"}],"curies":[{"name":"wp","href":"https:\/\/api.w.org\/{rel}","templated":true}]}}