{"id":122880,"date":"2026-04-16T12:36:51","date_gmt":"2026-04-16T12:36:51","guid":{"rendered":"https:\/\/thetenerifechannel.com\/?post_type=product&#038;p=122880"},"modified":"2026-04-17T12:50:26","modified_gmt":"2026-04-17T12:50:26","slug":"parc-de-la-jungle-copy","status":"publish","type":"product","link":"https:\/\/thetenerifechannel.com\/fr\/excursions\/parc-de-la-jungle-copy\/","title":{"rendered":"Parc aux singes"},"content":{"rendered":"<section class=\"l-section wpb_row height_huge\"><div class=\"l-section-h i-cf\"><div class=\"g-cols vc_row via_grid cols_1 laptops-cols_inherit tablets-cols_inherit mobiles-cols_1 valign_top type_default stacking_default\"><div class=\"wpb_column vc_column_container\"><div class=\"vc_column-inner\"><div class=\"wpb_text_column\"><div class=\"wpb_wrapper\"><p data-pm-slice=\"1 1 &#091;&#093;\">Rencontrez les animaux au Monkey Park !<br \/>\nDes primates enjou\u00e9s aux oiseaux exotiques, chacun d&#8217;entre eux a une histoire et une personnalit\u00e9 uniques. D\u00e9couvrez la diversit\u00e9 de leurs pensionnaires ainsi que les soins et l&#8217;amour qu&#8217;ils re\u00e7oivent chaque jour. Explorez et tombez amoureux de cette incroyable famille d&#8217;animaux !  <\/p>\n<p><em>Ouvert tous les jours de 09h30 \u00e0 16h00. (15h30 sera la derni\u00e8re heure d&#8217;entr\u00e9e dans le parc).<br \/>\n<\/em><\/p>\n<p>&nbsp;<\/p>\n<p><strong data-start=\"84\" data-end=\"117\">Conseils pour visiter le parc des singes :<\/strong><\/p>\n<ul style=\"list-style-type: disc;\">\n<li>Le parc est petit et peut \u00eatre visit\u00e9 en une heure environ.<\/li>\n<li>La vari\u00e9t\u00e9 des esp\u00e8ces n&#8217;est pas tr\u00e8s grande, car sa mission est de prendre soin de ses animaux et de contribuer \u00e0 la conservation des esp\u00e8ces menac\u00e9es.<\/li>\n<li>Les aires d&#8217;interaction permettent aux visiteurs d&#8217;approcher les animaux, mais il est interdit de les toucher, car il s&#8217;agit d&#8217;animaux sauvages et non d&#8217;animaux de compagnie.<\/li>\n<li>Vous pouvez nourrir les animaux avec les snacks que nous vendons, mais vous ne devez jamais les nourrir avec de la nourriture apport\u00e9e de l&#8217;ext\u00e9rieur du parc.<\/li>\n<\/ul>\n<\/div><\/div><\/div><\/div><\/div><\/div><\/section>\n","protected":false},"excerpt":{"rendered":"<p>Vivez une exp\u00e9rience unique !<br data-start=\"406\" data-end=\"409\">Au Monkey Park, vous vivrez une rencontre inoubliable avec les animaux. D\u00e9couvrez leur beaut\u00e9 et apprenez \u00e0 mieux les conna\u00eetre. <\/p>\n","protected":false},"featured_media":123148,"template":"","meta":{"_acf_changed":false,"_joinchat":[]},"product_brand":[],"product_cat":[159],"product_tag":[386,384,385,454],"class_list":{"0":"post-122880","1":"product","2":"type-product","3":"status-publish","4":"has-post-thumbnail","6":"product_cat-parcs-a-theme-tenerife","7":"product_tag-a-groupe-amis","8":"product_tag-a-groupe-couples","9":"product_tag-a-groupe-familles","10":"product_tag-a-vibe-parks","11":"pa_depart-from-sud-de-lile","13":"first","14":"instock","15":"virtual","16":"sold-individually","17":"purchasable","18":"product-type-booking"},"acf":[],"_links":{"self":[{"href":"https:\/\/thetenerifechannel.com\/fr\/wp-json\/wp\/v2\/product\/122880","targetHints":{"allow":["GET"]}}],"collection":[{"href":"https:\/\/thetenerifechannel.com\/fr\/wp-json\/wp\/v2\/product"}],"about":[{"href":"https:\/\/thetenerifechannel.com\/fr\/wp-json\/wp\/v2\/types\/product"}],"wp:featuredmedia":[{"embeddable":true,"href":"https:\/\/thetenerifechannel.com\/fr\/wp-json\/wp\/v2\/media\/123148"}],"wp:attachment":[{"href":"https:\/\/thetenerifechannel.com\/fr\/wp-json\/wp\/v2\/media?parent=122880"}],"wp:term":[{"taxonomy":"product_brand","embeddable":true,"href":"https:\/\/thetenerifechannel.com\/fr\/wp-json\/wp\/v2\/product_brand?post=122880"},{"taxonomy":"product_cat","embeddable":true,"href":"https:\/\/thetenerifechannel.com\/fr\/wp-json\/wp\/v2\/product_cat?post=122880"},{"taxonomy":"product_tag","embeddable":true,"href":"https:\/\/thetenerifechannel.com\/fr\/wp-json\/wp\/v2\/product_tag?post=122880"}],"curies":[{"name":"wp","href":"https:\/\/api.w.org\/{rel}","templated":true}]}}