{"id":123877,"date":"2026-04-20T13:04:11","date_gmt":"2026-04-20T13:04:11","guid":{"rendered":"https:\/\/thetenerifechannel.com\/excursions\/randonnee\/"},"modified":"2026-04-21T09:46:44","modified_gmt":"2026-04-21T09:46:44","slug":"randonnee","status":"publish","type":"product","link":"https:\/\/thetenerifechannel.com\/fr\/excursions\/randonnee\/","title":{"rendered":"Randonn\u00e9e"},"content":{"rendered":"<section class=\"l-section wpb_row height_huge\"><div class=\"l-section-h i-cf\"><div class=\"g-cols vc_row via_grid cols_1 laptops-cols_inherit tablets-cols_inherit mobiles-cols_1 valign_top type_default stacking_default\"><div class=\"wpb_column vc_column_container\"><div class=\"vc_column-inner\"><div class=\"wpb_text_column\"><div class=\"wpb_wrapper\"><p><strong><span>RANDONN\u00c9E LA LAGUNA &#8211; ANAGA <\/span><\/strong><span>&#8211; Tous les lundis<\/span><\/p>\n<p><span>Profitez d&#8217;une randonn\u00e9e de deux heures \u00e0 travers la luxuriante for\u00eat de lauriers de Las Mercedes dans le parc rural d&#8217;Anaga, suivie d&#8217;un temps libre pour explorer la ville de San Crist\u00f3bal de La Laguna, class\u00e9e au patrimoine mondial de l&#8217;UNESCO.<\/span><\/p>\n<p><u><span>Difficult\u00e9<\/span><\/u><span><u>Dur\u00e9e de la<\/u> randonn\u00e9e : 2\/6<br \/>\n<u>Dur\u00e9e de la<\/u> randonn\u00e9e : 1h30\/2h00 (<u>dur\u00e9e<\/u> de l&#8217;excursion : journ\u00e9e enti\u00e8re) 1h30\/2h00 (dur\u00e9e de l&#8217;excursion : journ\u00e9e compl\u00e8te)<br \/>\n<u>D\u00e9nivel\u00e9<\/u>: +300m\/-300m<br \/>\n<\/span><\/p>\n<p>&nbsp;<\/p>\n<p><strong><span>RANDONN\u00c9E TEIDE LIGHT <\/span><\/strong><span>&#8211; Tous les jeudis<\/span><\/p>\n<p><span>D\u00e9couvrez le parc national du Teide, class\u00e9 au patrimoine mondial de l&#8217;UNESCO, en marchant autour des &#8220;Roques de Garcia&#8221;, entre coul\u00e9es de lave et formes volcaniques. Nous observerons la flore et la faune et vivrons une exp\u00e9rience unique, entour\u00e9s d&#8217;un \u00e9tonnant paysage min\u00e9ral et volcanique ! <\/span><\/p>\n<p><u><span>Difficult\u00e9<\/span><\/u><span><u>Dur\u00e9e de la<\/u> randonn\u00e9e : 2\/6<br \/>\n<u>Dur\u00e9e de la<\/u> randonn\u00e9e : 1h30\/2h00 (<u>dur\u00e9e de<\/u> l&#8217;excursion : journ\u00e9e compl\u00e8te) 1h30\/2h00 (dur\u00e9e de l&#8217;excursion : journ\u00e9e compl\u00e8te)<br \/>\n<u>D\u00e9nivel\u00e9<\/u>: +175m\/-175m<br \/>\n<\/span><\/p>\n<p>&nbsp;<\/p>\n<p><strong><span>CAMINO REAL <\/span><\/strong><span>&#8211; Tous les mercredis<\/span><\/p>\n<p><span>Le long de cet ancien Camino Real, nous serons entour\u00e9s d&#8217;une nature unique, nous aurons une vue impressionnante sur le Teide, vous pourrez observer la flore end\u00e9mique des Canaries, profiter de paysages incroyables.  <\/span><\/p>\n<p><u><span>Difficult\u00e9<\/span><\/u><span>: 3\/6<br \/>\n<u>Point de d\u00e9part<\/u>: Santiago del Teide<br \/>\n<u>Dur\u00e9e de la<\/u> randonn\u00e9e : 3h30\/4h00 (dur\u00e9e de l&#8217;excursion : journ\u00e9e compl\u00e8te)<br \/>\n<u>D\u00e9nivel\u00e9<\/u>: +352m\/-352m<\/span><\/p>\n<p><span>&#8212;&#8212;&#8212;&#8212;&#8212;&#8212;&#8212;&#8212;&#8212;&#8212;&#8212;&#8212;-<br \/>\n<\/span><\/p>\n<p><strong>Inclus : <\/strong><\/p>\n<ul>\n<li>Guide de montagne,<\/li>\n<li><span>Transport depuis votre h\u00e9bergement dans le sud de T\u00e9n\u00e9rife.<\/span><\/li>\n<\/ul>\n<p><strong><span>Non inclus :<\/span><\/strong><\/p>\n<ul>\n<li><span>Apportez de l&#8217;eau et de la nourriture.<\/span><\/li>\n<\/ul>\n<p><span> <\/span><\/p>\n<\/div><\/div><\/div><\/div><\/div><\/div><\/section>\n","protected":false},"excerpt":{"rendered":"<p>D\u00e9couvrez T\u00e9n\u00e9rife \u00e0 pied gr\u00e2ce \u00e0 trois exp\u00e9riences de randonn\u00e9e uniques : explorez les paysages volcaniques du <span class=\"hover:entity-accent entity-underline inline cursor-pointer align-baseline\"><span class=\"whitespace-normal\">Parc national du Teide<\/span><\/span>et parcourez les sentiers luxuriants du <span class=\"hover:entity-accent entity-underline inline cursor-pointer align-baseline\"><span class=\"whitespace-normal\">parc rural d&#8217;Anaga<\/span><\/span>et profitez d&#8217;une promenade dans la nature ax\u00e9e sur les plantes indig\u00e8nes et la riche biodiversit\u00e9 de l&#8217;\u00eele. Chaque itin\u00e9raire r\u00e9v\u00e8le une facette diff\u00e9rente de T\u00e9n\u00e9riffe : sauvage, verte et volcanique. <\/p>\n","protected":false},"featured_media":124001,"template":"","meta":{"_acf_changed":false,"_joinchat":[]},"product_brand":[],"product_cat":[274,152],"product_tag":[],"class_list":{"0":"post-123877","1":"product","2":"type-product","3":"status-publish","4":"has-post-thumbnail","6":"product_cat-aventure-dans-la-nature","7":"product_cat-circuits-ile-bus-tenerife","9":"first","10":"instock","11":"sold-individually","12":"shipping-taxable","13":"purchasable","14":"product-type-booking"},"acf":[],"_links":{"self":[{"href":"https:\/\/thetenerifechannel.com\/fr\/wp-json\/wp\/v2\/product\/123877","targetHints":{"allow":["GET"]}}],"collection":[{"href":"https:\/\/thetenerifechannel.com\/fr\/wp-json\/wp\/v2\/product"}],"about":[{"href":"https:\/\/thetenerifechannel.com\/fr\/wp-json\/wp\/v2\/types\/product"}],"wp:featuredmedia":[{"embeddable":true,"href":"https:\/\/thetenerifechannel.com\/fr\/wp-json\/wp\/v2\/media\/124001"}],"wp:attachment":[{"href":"https:\/\/thetenerifechannel.com\/fr\/wp-json\/wp\/v2\/media?parent=123877"}],"wp:term":[{"taxonomy":"product_brand","embeddable":true,"href":"https:\/\/thetenerifechannel.com\/fr\/wp-json\/wp\/v2\/product_brand?post=123877"},{"taxonomy":"product_cat","embeddable":true,"href":"https:\/\/thetenerifechannel.com\/fr\/wp-json\/wp\/v2\/product_cat?post=123877"},{"taxonomy":"product_tag","embeddable":true,"href":"https:\/\/thetenerifechannel.com\/fr\/wp-json\/wp\/v2\/product_tag?post=123877"}],"curies":[{"name":"wp","href":"https:\/\/api.w.org\/{rel}","templated":true}]}}