{"id":123894,"date":"2026-04-20T13:32:42","date_gmt":"2026-04-20T13:32:42","guid":{"rendered":"https:\/\/thetenerifechannel.com\/?post_type=product&#038;p=123894"},"modified":"2026-04-21T10:03:35","modified_gmt":"2026-04-21T10:03:35","slug":"saveurs-et-vins-du-sud-copy","status":"publish","type":"product","link":"https:\/\/thetenerifechannel.com\/fr\/excursions\/saveurs-et-vins-du-sud-copy\/","title":{"rendered":"Excursions agrotouristiques"},"content":{"rendered":"<section class=\"l-section wpb_row height_huge\"><div class=\"l-section-h i-cf\"><div class=\"g-cols vc_row via_grid cols_1 laptops-cols_inherit tablets-cols_inherit mobiles-cols_1 valign_top type_default stacking_default\"><div class=\"wpb_column vc_column_container\"><div class=\"vc_column-inner\"><div class=\"wpb_text_column\"><div class=\"wpb_wrapper\"><p><strong>Agrotourisme &#8211; Alo\u00e8s et fromage <\/strong>&#8211; Tous les vendredis<\/p>\n<p data-start=\"0\" data-end=\"336\">L&#8217;excursion commencera dans la zone rurale de Tijoco Alto, par la visite d&#8217;une ferme fromag\u00e8re canarienne traditionnelle o\u00f9 vous apprendrez comment les ch\u00e8vres et les brebis sont soign\u00e9es, comment le lait frais est produit et comment il est transform\u00e9 en fromages artisanaux prim\u00e9s. Vous verrez le processus de fabrication du fromage et d\u00e9gusterez diff\u00e9rentes vari\u00e9t\u00e9s. <\/p>\n<p>Nous continuerons ensuite vers Arona, o\u00f9 nous visiterons une ferme d&#8217;aloe vera et apprendrons \u00e0 conna\u00eetre cette plante traditionnelle, sa culture et ses nombreuses utilisations naturelles. Vous verrez \u00e9galement comment l&#8217;aloe vera est r\u00e9colt\u00e9 et aurez l&#8217;occasion de go\u00fbter sa pulpe naturelle et de d\u00e9couvrir des produits d\u00e9riv\u00e9s. <\/p>\n<p>Dur\u00e9e : jusqu&#8217;\u00e0 5 heures<br data-start=\"23\" data-end=\"26\">Heure de d\u00e9but : vers 8h00<br data-start=\"52\" data-end=\"55\">Heure de fin : avant 13h00<\/p>\n<p><strong>Inclus :<\/strong><\/p>\n<ul>\n<li><span>Transport en bus + commentaires guid\u00e9s.<\/span><\/li>\n<li><span><span>Visite d&#8217;une fromagerie et d\u00e9gustation de fromages.<\/span><\/span><\/li>\n<li><span><span>Visite d&#8217;une ferme d&#8217;aloe vera.<\/span><\/span><\/li>\n<\/ul>\n<hr>\n<p><strong>Agrotourisme &#8211; Bananes et vins <\/strong>&#8211; Tous les mardis<\/p>\n<section class=\"text-token-text-primary w-full focus:outline-none &#091;--shadow-height:45px&#093; has-data-writing-block:pointer-events-none has-data-writing-block:-mt-(--shadow-height) has-data-writing-block:pt-(--shadow-height) &#091;&amp;:has(&#091;data-writing-block&#093;)&gt;*&#093;:pointer-events-auto scroll-mt-(--header-height)\" dir=\"auto\" data-turn-id=\"4e5b4365-7f01-4fb7-bbe6-b2c875e02814\" data-testid=\"conversation-turn-63\" data-scroll-anchor=\"false\" data-turn=\"user\"><\/section>\n<section class=\"text-token-text-primary w-full focus:outline-none &#091;--shadow-height:45px&#093; has-data-writing-block:pointer-events-none has-data-writing-block:-mt-(--shadow-height) has-data-writing-block:pt-(--shadow-height) &#091;&amp;:has(&#091;data-writing-block&#093;)&gt;*&#093;:pointer-events-auto scroll-mt-&#091;calc(var(--header-height)+min(200px,max(70px,20svh)))&#093;\" dir=\"auto\" data-turn-id=\"request-WEB:5e23f363-5277-4bdb-a465-f3bcc7638e84-31\" data-testid=\"conversation-turn-64\" data-scroll-anchor=\"true\" data-turn=\"assistant\">\n<div class=\"text-base my-auto mx-auto pb-10 &#091;--thread-content-margin:var(--thread-content-margin-xs,calc(var(--spacing)*4))&#093; @w-sm\/main:&#091;--thread-content-margin:var(--thread-content-margin-sm,calc(var(--spacing)*6))&#093; @w-lg\/main:&#091;--thread-content-margin:var(--thread-content-margin-lg,calc(var(--spacing)*16))&#093; px-(--thread-content-margin)\">\n<div class=\"&#091;--thread-content-max-width:40rem&#093; @w-lg\/main:&#091;--thread-content-max-width:48rem&#093; mx-auto max-w-(--thread-content-max-width) flex-1 group\/turn-messages focus-visible:outline-hidden relative flex w-full min-w-0 flex-col agent-turn\">\n<div class=\"flex max-w-full flex-col gap-4 grow\">\n<div class=\"min-h-8 text-message relative flex w-full flex-col items-end gap-2 text-start break-words whitespace-normal outline-none keyboard-focused:focus-ring &#091;.text-message+&amp;&#093;:mt-1\" dir=\"auto\" tabindex=\"0\" data-message-author-role=\"assistant\" data-message-id=\"226b574a-d386-47bc-8902-04731c5cb45b\" data-message-model-slug=\"gpt-5-3\" data-turn-start-message=\"true\">\n<div class=\"flex w-full flex-col gap-1 empty:hidden\">\n<div class=\"markdown prose dark:prose-invert w-full wrap-break-word light markdown-new-styling\">\n<p data-start=\"0\" data-end=\"185\">Commencez votre excursion par la visite d&#8217;une ferme banani\u00e8re, o\u00f9 vous d\u00e9couvrirez la culture traditionnelle et l&#8217;histoire du gofio, et o\u00f9 vous d\u00e9gusterez des produits locaux et des fruits tropicaux.<\/p>\n<p data-start=\"187\" data-end=\"298\">Continuez jusqu&#8217;au <span class=\"hover:entity-accent entity-underline inline cursor-pointer align-baseline\"><span class=\"whitespace-normal\">Mirador de la Centinela<\/span><\/span> pour un arr\u00eat \u00e0 la d\u00e9couverte du paysage volcanique de l&#8217;\u00eele.<\/p>\n<p data-start=\"300\" data-end=\"524\" data-is-last-node=\"\" data-is-only-node=\"\">L&#8217;excursion se poursuit \u00e0 plus de 1 200 m\u00e8tres d&#8217;altitude pour visiter une exploitation viticole locale, o\u00f9 vous d\u00e9couvrirez le processus de fabrication du vin et d\u00e9gusterez cinq vins accompagn\u00e9s de produits locaux, avant de retourner \u00e0 votre h\u00f4tel.<\/p>\n<p data-start=\"300\" data-end=\"524\" data-is-last-node=\"\" data-is-only-node=\"\">Dur\u00e9e : jusqu&#8217;\u00e0 5 heures<br data-start=\"23\" data-end=\"26\">Heure de d\u00e9but : vers 8h00<br data-start=\"52\" data-end=\"55\">Heure de fin : avant 13h00<\/p>\n<p data-start=\"300\" data-end=\"524\" data-is-last-node=\"\" data-is-only-node=\"\">\n<\/div>\n<p><strong>Inclus :<\/strong><\/p>\n<ul>\n<li><span>Transport en bus + commentaires guid\u00e9s.<\/span><\/li>\n<li>Visite d&#8217;une ferme banani\u00e8re avec d\u00e9gustation de produits locaux.<\/li>\n<li>Visite d&#8217;un domaine viticole avec d\u00e9gustation de cinq vins et de sp\u00e9cialit\u00e9s locales.<\/li>\n<\/ul>\n<\/div>\n<\/div>\n<\/div>\n<\/div>\n<\/div>\n<\/section>\n<\/div><\/div><\/div><\/div><\/div><\/div><\/section>\n","protected":false},"excerpt":{"rendered":"<p data-pm-slice=\"1 1 []\">D\u00e9couvrez le c\u00f4t\u00e9 rural authentique de T\u00e9n\u00e9rife gr\u00e2ce \u00e0 des excursions d&#8217;agrotourisme immersives. Visitez des fermes et des plantations locales, d\u00e9couvrez la culture traditionnelle de la banane et le c\u00e9l\u00e8bre aloe vera de l&#8217;\u00eele, et profitez de d\u00e9gustations guid\u00e9es de fromages artisanaux et de vins canariens. Une exp\u00e9rience unique qui vous rapproche de la culture, de la nature et des saveurs locales.  <\/p>\n","protected":false},"featured_media":123902,"template":"","meta":{"_acf_changed":false,"_joinchat":[]},"product_brand":[],"product_cat":[274,152,179],"product_tag":[384,403,408],"class_list":{"0":"post-123894","1":"product","2":"type-product","3":"status-publish","4":"has-post-thumbnail","6":"product_cat-aventure-dans-la-nature","7":"product_cat-circuits-ile-bus-tenerife","8":"product_cat-sans-categorie","9":"product_tag-a-groupe-couples","10":"product_tag-a-vibe-explore","11":"product_tag-a-vibe-romance","12":"pa_depart-from-sud-de-lile","14":"first","15":"instock","16":"virtual","17":"sold-individually","18":"purchasable","19":"product-type-booking"},"acf":[],"_links":{"self":[{"href":"https:\/\/thetenerifechannel.com\/fr\/wp-json\/wp\/v2\/product\/123894","targetHints":{"allow":["GET"]}}],"collection":[{"href":"https:\/\/thetenerifechannel.com\/fr\/wp-json\/wp\/v2\/product"}],"about":[{"href":"https:\/\/thetenerifechannel.com\/fr\/wp-json\/wp\/v2\/types\/product"}],"wp:featuredmedia":[{"embeddable":true,"href":"https:\/\/thetenerifechannel.com\/fr\/wp-json\/wp\/v2\/media\/123902"}],"wp:attachment":[{"href":"https:\/\/thetenerifechannel.com\/fr\/wp-json\/wp\/v2\/media?parent=123894"}],"wp:term":[{"taxonomy":"product_brand","embeddable":true,"href":"https:\/\/thetenerifechannel.com\/fr\/wp-json\/wp\/v2\/product_brand?post=123894"},{"taxonomy":"product_cat","embeddable":true,"href":"https:\/\/thetenerifechannel.com\/fr\/wp-json\/wp\/v2\/product_cat?post=123894"},{"taxonomy":"product_tag","embeddable":true,"href":"https:\/\/thetenerifechannel.com\/fr\/wp-json\/wp\/v2\/product_tag?post=123894"}],"curies":[{"name":"wp","href":"https:\/\/api.w.org\/{rel}","templated":true}]}}