{"id":124212,"date":"2026-04-21T12:56:15","date_gmt":"2026-04-21T12:56:15","guid":{"rendered":"https:\/\/thetenerifechannel.com\/?post_type=product&#038;p=124212"},"modified":"2026-04-21T13:48:30","modified_gmt":"2026-04-21T13:48:30","slug":"charte-privee-pampano-copy","status":"publish","type":"product","link":"https:\/\/thetenerifechannel.com\/fr\/excursions\/charte-privee-pampano-copy\/","title":{"rendered":"Libbys Private Charter"},"content":{"rendered":"<section class=\"l-section wpb_row height_huge\"><div class=\"l-section-h i-cf\"><div class=\"g-cols vc_row via_grid cols_1 laptops-cols_inherit tablets-cols_inherit mobiles-cols_1 valign_top type_default stacking_default\"><div class=\"wpb_column vc_column_container\"><div class=\"vc_column-inner\"><div class=\"wpb_text_column\"><div class=\"wpb_wrapper\"><p>Profitez d&#8217;un charter priv\u00e9 exclusif \u00e0 T\u00e9n\u00e9rife pour un maximum de 7 personnes ! Passez 3 heures \u00e0 naviguer le long de la magnifique c\u00f4te, avec un arr\u00eat baignade rafra\u00eechissant et une d\u00e9licieuse collation servie \u00e0 bord. L&#8217;exp\u00e9rience parfaite pour se d\u00e9tendre, se relaxer et d\u00e9couvrir les magnifiques eaux de T\u00e9n\u00e9rife dans le confort et le style.  <\/p>\n<p><span class=\"x1rg5ohu x16dsc37 x19la9d6 x1fc57z9 x6ikm8r x10wlt62 x19co3pv x11tp94h xw4jnvo x1qx5ct2 xfibh0p xiy17q3 x1xsqp64 x1lkfr7t xexx8yu xyri2b x18d9i69 x1c1uobl\"><span class=\"xrtxmta x1bhl96m\">\ud83d\udccd<\/span><\/span><span class=\"_aupe copyable-text xkrh14z\">Puerto Colon (Costa Adeje)<\/span><\/p>\n<p><strong>INCLUS :<\/strong><\/p>\n<ul>\n<li>3 heures de visite<\/li>\n<li>Arr\u00eat de natation<\/li>\n<li>Tapas <em>(fromage, tomates, olives, omelette espagnole, jambon serrano, biscuits)<\/em> et boissons <em>(cava, bi\u00e8re, coca cola, fanta, eau)<\/em>.<\/li>\n<\/ul>\n<p><strong>NON COMPRIS :<\/strong><\/p>\n<ul>\n<li>Transport<\/li>\n<\/ul>\n<p>*Veuillez noter que bien qu&#8217;il soit possible d&#8217;apercevoir des baleines ou des dauphins au cours de votre voyage, il ne s&#8217;agit pas d&#8217;une excursion d&#8217;observation des baleines. Le bateau est con\u00e7u pour une exp\u00e9rience relaxante et pittoresque le long de la magnifique c\u00f4te de T\u00e9n\u00e9rife, avec un arr\u00eat baignade et un d\u00e9jeuner inclus, vous offrant le moyen parfait de profiter d&#8217;une luxueuse journ\u00e9e en mer.<\/p>\n<\/div><\/div><\/div><\/div><\/div><\/div><\/section>\n","protected":false},"excerpt":{"rendered":"<p>Profitez d&#8217;une exp\u00e9rience de 3 heures en bateau priv\u00e9, avec un arr\u00eat baignade rafra\u00eechissant et une d\u00e9licieuse collation servie \u00e0 bord.<\/p>\n<p><strong>*Contactez-nous toujours avant de r\u00e9server ce charter priv\u00e9.<\/strong><\/p>\n","protected":false},"featured_media":124221,"template":"","meta":{"_acf_changed":false,"_joinchat":[]},"product_brand":[],"product_cat":[229],"product_tag":[],"class_list":{"0":"post-124212","1":"product","2":"type-product","3":"status-publish","4":"has-post-thumbnail","6":"product_cat-charters-prives-tenerife","8":"first","9":"instock","10":"virtual","11":"sold-individually","12":"purchasable","13":"product-type-booking"},"acf":[],"_links":{"self":[{"href":"https:\/\/thetenerifechannel.com\/fr\/wp-json\/wp\/v2\/product\/124212","targetHints":{"allow":["GET"]}}],"collection":[{"href":"https:\/\/thetenerifechannel.com\/fr\/wp-json\/wp\/v2\/product"}],"about":[{"href":"https:\/\/thetenerifechannel.com\/fr\/wp-json\/wp\/v2\/types\/product"}],"wp:featuredmedia":[{"embeddable":true,"href":"https:\/\/thetenerifechannel.com\/fr\/wp-json\/wp\/v2\/media\/124221"}],"wp:attachment":[{"href":"https:\/\/thetenerifechannel.com\/fr\/wp-json\/wp\/v2\/media?parent=124212"}],"wp:term":[{"taxonomy":"product_brand","embeddable":true,"href":"https:\/\/thetenerifechannel.com\/fr\/wp-json\/wp\/v2\/product_brand?post=124212"},{"taxonomy":"product_cat","embeddable":true,"href":"https:\/\/thetenerifechannel.com\/fr\/wp-json\/wp\/v2\/product_cat?post=124212"},{"taxonomy":"product_tag","embeddable":true,"href":"https:\/\/thetenerifechannel.com\/fr\/wp-json\/wp\/v2\/product_tag?post=124212"}],"curies":[{"name":"wp","href":"https:\/\/api.w.org\/{rel}","templated":true}]}}