{"id":13014,"date":"2024-08-15T17:38:41","date_gmt":"2024-08-15T17:38:41","guid":{"rendered":"https:\/\/thetenerifechannel.com\/excursions\/non%20class\u00e9\/cours-de-surf\/"},"modified":"2026-03-09T13:56:37","modified_gmt":"2026-03-09T13:56:37","slug":"cours-de-surf","status":"publish","type":"product","link":"https:\/\/thetenerifechannel.com\/fr\/excursions\/cours-de-surf\/","title":{"rendered":"Cours de surf"},"content":{"rendered":"<p>Attrapez les vagues avec des sessions de surf de 2 heures \u00e0 Tenerife ! Que vous soyez d\u00e9butant ou exp\u00e9riment\u00e9, vous avez le choix entre des le\u00e7ons priv\u00e9es ou collectives pour tous les niveaux.<\/p>\n<p>Ces sessions avec des instructeurs experts sont con\u00e7ues pour que vous vous amusiez, que vous appreniez rapidement et que vous surfiez sur les vagues en toute s\u00e9curit\u00e9. Essayez ce sport populaire et rendez votre s\u00e9jour \u00e0 T\u00e9n\u00e9rife inoubliable \u00e0 chaque vague que vous prendrez ! <\/p>\n<p><span>A Playa de Las Americas, chaque cours commence par 30 minutes de th\u00e9orie et d&#8217;\u00e9chauffement hors de l&#8217;eau. Ensuite, nous poursuivons avec environ 1 heure et 30 minutes de pratique dans la mer. <\/span><\/p>\n<p><strong>INCLUS :<\/strong><\/p>\n<ul>\n<li class=\"dsm_icon_list_child dsm_icon_list_child_0\"><span class=\"dsm_icon_list_text\">Planche de surf \/ bodyboard<\/span><\/li>\n<li class=\"dsm_icon_list_child dsm_icon_list_child_1\"><span class=\"dsm_icon_list_text\">Combinaison en n\u00e9opr\u00e8ne<\/span><\/li>\n<li class=\"dsm_icon_list_child dsm_icon_list_child_3\"><span class=\"dsm_icon_list_text\">Chaussons (facultatif)<\/span><\/li>\n<li class=\"dsm_icon_list_child dsm_icon_list_child_4\"><span class=\"dsm_icon_list_text\">Palmes (pour le bodyboard)<\/span><\/li>\n<li class=\"dsm_icon_list_child dsm_icon_list_child_6\"><span class=\"dsm_icon_list_text\">Assurance accidents<\/span><\/li>\n<\/ul>\n<p><strong>NON COMPRIS :<\/strong><\/p>\n<ul>\n<li>Transport<\/li>\n<\/ul>\n<p>*Les enfants de moins de 13 ans doivent prendre la le\u00e7on priv\u00e9e ou semi-priv\u00e9e avec un autre membre de la famille.<br \/>\n*\u00c2ge minimum : 5 ans.<\/p>\n<p>&nbsp;<\/p>\n","protected":false},"excerpt":{"rendered":"<p><span>D\u00e9couvrez la sensation de surfer sur les vagues \u00e0 Playa de Las Americas. <\/span><span>Cours adapt\u00e9s \u00e0 tous les niveaux pour vous aider \u00e0 prendre votre premi\u00e8re vague \u00e0 Tenerife.<\/span><span> vous aider \u00e0 prendre votre premi\u00e8re vague \u00e0 T\u00e9n\u00e9rife.<br \/>\nCours priv\u00e9s ou en groupe disponibles.<\/span><\/p>\n","protected":false},"featured_media":12983,"template":"","meta":{"_acf_changed":false,"_joinchat":[]},"product_brand":[],"product_cat":[169],"product_tag":[],"class_list":{"0":"post-13014","1":"product","2":"type-product","3":"status-publish","4":"has-post-thumbnail","6":"product_cat-sports-nautiques-tenerife","7":"pa_depart-from-sud-de-lile","9":"first","10":"instock","11":"virtual","12":"sold-individually","13":"purchasable","14":"product-type-booking"},"acf":[],"_links":{"self":[{"href":"https:\/\/thetenerifechannel.com\/fr\/wp-json\/wp\/v2\/product\/13014","targetHints":{"allow":["GET"]}}],"collection":[{"href":"https:\/\/thetenerifechannel.com\/fr\/wp-json\/wp\/v2\/product"}],"about":[{"href":"https:\/\/thetenerifechannel.com\/fr\/wp-json\/wp\/v2\/types\/product"}],"wp:featuredmedia":[{"embeddable":true,"href":"https:\/\/thetenerifechannel.com\/fr\/wp-json\/wp\/v2\/media\/12983"}],"wp:attachment":[{"href":"https:\/\/thetenerifechannel.com\/fr\/wp-json\/wp\/v2\/media?parent=13014"}],"wp:term":[{"taxonomy":"product_brand","embeddable":true,"href":"https:\/\/thetenerifechannel.com\/fr\/wp-json\/wp\/v2\/product_brand?post=13014"},{"taxonomy":"product_cat","embeddable":true,"href":"https:\/\/thetenerifechannel.com\/fr\/wp-json\/wp\/v2\/product_cat?post=13014"},{"taxonomy":"product_tag","embeddable":true,"href":"https:\/\/thetenerifechannel.com\/fr\/wp-json\/wp\/v2\/product_tag?post=13014"}],"curies":[{"name":"wp","href":"https:\/\/api.w.org\/{rel}","templated":true}]}}