{"id":15989,"date":"2024-09-03T16:04:52","date_gmt":"2024-09-03T16:04:52","guid":{"rendered":"https:\/\/thetenerifechannel.com\/excursions\/non%20class\u00e9\/history-levolution-de-la-musique\/"},"modified":"2026-03-09T13:56:38","modified_gmt":"2026-03-09T13:56:38","slug":"history-levolution-de-la-musique","status":"publish","type":"product","link":"https:\/\/thetenerifechannel.com\/fr\/excursions\/history-levolution-de-la-musique\/","title":{"rendered":"History &#8211; L&#8217;\u00e9volution de la musique"},"content":{"rendered":"<p>History &#8211; The Evolution of Music est une com\u00e9die musicale captivante, pleine de couleurs, de talents et d&#8217;\u00e9motions. Avec plus de 30 musiciens, chanteurs, danseurs et acrobates, cette production spectaculaire rend hommage aux plus grands compositeurs, groupes et interpr\u00e8tes de tous les temps, de Mozart \u00e0 Michael Jackson. <\/p>\n<p>Participez \u00e0 un voyage \u00e0 travers la danse, le cin\u00e9ma, le th\u00e9\u00e2tre et la musique embl\u00e9matique qui a fa\u00e7onn\u00e9 nos vies. L&#8217;histoire fait revivre les grandes \u00e9tapes de l&#8217;\u00e9volution de la musique, des chants gr\u00e9goriens \u00e0 &#8220;The Wall&#8221; de Pink Floyd, des symphonies de Beethoven au rock de Queen, de Chopin aux Beatles, des op\u00e9ras de Caruso \u00e0 Elvis Presley, et de la soul d&#8217;Ella Fitzgerald \u00e0 la pop de Madonna. <\/p>\n<p>Ce spectacle extraordinaire c\u00e9l\u00e8bre toutes les grandes ic\u00f4nes et tous les styles de l&#8217;histoire de la musique, offrant une exp\u00e9rience palpitante pour toute la famille. Avec une mise en sc\u00e8ne impressionnante et des costumes \u00e9poustouflants, History transporte les spectateurs \u00e0 travers le temps, m\u00ealant \u00e9motion, divertissement et un amour profond pour les arts de la sc\u00e8ne d&#8217;une mani\u00e8re qui stimule l&#8217;imagination. Parfait pour les adultes et les enfants.  <\/p>\n<ul>\n<li>Lieu : auditorium Pir\u00e1mide de Arona (Playa de Las Am\u00e9ricas).<\/li>\n<li>Dur\u00e9e : 2h15<\/li>\n<li>Pause : 15 min<\/li>\n<li>Ouverture des portes : 20h00 D\u00e9but du spectacle : 21h00 <\/li>\n<li>Places non num\u00e9rot\u00e9es : les places sont disponibles dans l&#8217;ordre d&#8217;arriv\u00e9e.<\/li>\n<li>Acc\u00e8s pour les personnes handicap\u00e9es<\/li>\n<\/ul>\n<p>&nbsp;<\/p>\n","protected":false},"excerpt":{"rendered":"<p><span>L&#8217;\u00e9volution de la musique est un spectacle musical vibrant mettant en sc\u00e8ne plus de 30 musiciens, chanteurs, danseurs et acrobates talentueux. Cette production anim\u00e9e rend hommage aux plus grands artistes de tous les temps, de Mozart \u00e0 Michael Jackson, et propose un voyage color\u00e9 et \u00e9mouvant \u00e0 travers l&#8217;histoire de la musique. <\/span><\/p>\n","protected":false},"featured_media":15979,"template":"","meta":{"_acf_changed":false,"_joinchat":[]},"product_brand":[],"product_cat":[172],"product_tag":[387,266],"class_list":{"0":"post-15989","1":"product","2":"type-product","3":"status-publish","4":"has-post-thumbnail","6":"product_cat-spectacles-en-soiree-tenerife","7":"product_tag-a-group-solo","8":"product_tag-cartes-de-visite","10":"first","11":"instock","12":"virtual","13":"sold-individually","14":"purchasable","15":"product-type-booking"},"acf":[],"_links":{"self":[{"href":"https:\/\/thetenerifechannel.com\/fr\/wp-json\/wp\/v2\/product\/15989","targetHints":{"allow":["GET"]}}],"collection":[{"href":"https:\/\/thetenerifechannel.com\/fr\/wp-json\/wp\/v2\/product"}],"about":[{"href":"https:\/\/thetenerifechannel.com\/fr\/wp-json\/wp\/v2\/types\/product"}],"wp:featuredmedia":[{"embeddable":true,"href":"https:\/\/thetenerifechannel.com\/fr\/wp-json\/wp\/v2\/media\/15979"}],"wp:attachment":[{"href":"https:\/\/thetenerifechannel.com\/fr\/wp-json\/wp\/v2\/media?parent=15989"}],"wp:term":[{"taxonomy":"product_brand","embeddable":true,"href":"https:\/\/thetenerifechannel.com\/fr\/wp-json\/wp\/v2\/product_brand?post=15989"},{"taxonomy":"product_cat","embeddable":true,"href":"https:\/\/thetenerifechannel.com\/fr\/wp-json\/wp\/v2\/product_cat?post=15989"},{"taxonomy":"product_tag","embeddable":true,"href":"https:\/\/thetenerifechannel.com\/fr\/wp-json\/wp\/v2\/product_tag?post=15989"}],"curies":[{"name":"wp","href":"https:\/\/api.w.org\/{rel}","templated":true}]}}