{"id":16466,"date":"2024-09-06T15:09:13","date_gmt":"2024-09-06T15:09:13","guid":{"rendered":"https:\/\/thetenerifechannel.com\/excursions\/non%20class\u00e9\/jetcar\/"},"modified":"2026-04-25T12:12:00","modified_gmt":"2026-04-25T12:12:00","slug":"jetcar","status":"publish","type":"product","link":"https:\/\/thetenerifechannel.com\/fr\/excursions\/jetcar\/","title":{"rendered":"JetCar"},"content":{"rendered":"<section class=\"l-section wpb_row height_huge\"><div class=\"l-section-h i-cf\"><div class=\"g-cols vc_row via_grid cols_1 laptops-cols_inherit tablets-cols_inherit mobiles-cols_1 valign_top type_default stacking_default\"><div class=\"wpb_column vc_column_container\"><div class=\"vc_column-inner\"><div class=\"wpb_text_column\"><div class=\"wpb_wrapper\"><p>L&#8217;ultime aventure aquatique \u00e0 Tenerife ! Montez \u00e0 bord et profitez de 45 ou 60 minutes d&#8217;adr\u00e9naline pure. Ce bateau \u00e0 moteur unique a une capacit\u00e9 de 3 passagers, et vous avez le contr\u00f4le &#8211; vous \u00eates le capitaine de votre propre Jetcar. L&#8217;aventure commence d\u00e8s que vous montez \u00e0 bord, ce qui vous donne la libert\u00e9 de naviguer de fa\u00e7on ind\u00e9pendante et de ressentir l&#8217;excitation de naviguer sur les vagues tout en conduisant le Jetcar.   <\/p>\n<p>R\u00e9servez votre voyage d\u00e8s maintenant et vivez l&#8217;ultime libert\u00e9 en mer.<\/p>\n<ul>\n<li>\u00c2ge minimum : 6 ans<\/li>\n<\/ul>\n<p>&nbsp;<\/p>\n<p><strong>NON COMPRIS :<\/strong><\/p>\n<ul style=\"list-style-type: disc;\">\n<li>Transport<\/li>\n<\/ul>\n<\/div><\/div><\/div><\/div><\/div><\/div><\/section>\n","protected":false},"excerpt":{"rendered":"<p>Vivez le frisson de l&#8217;oc\u00e9an avec le Jetcar ! Prenez le contr\u00f4le de votre propre Jetcar \u00e0 grande vitesse pour 45 ou 60 minutes d&#8217;aventure pleine d&#8217;adr\u00e9naline. Ressentez la libert\u00e9 en naviguant sur les vagues et en profitant de vues imprenables.  <\/p>\n","protected":false},"featured_media":16452,"template":"","meta":{"_acf_changed":false,"_joinchat":[]},"product_brand":[],"product_cat":[169],"product_tag":[],"class_list":{"0":"post-16466","1":"product","2":"type-product","3":"status-publish","4":"has-post-thumbnail","6":"product_cat-sports-nautiques-tenerife","8":"first","9":"instock","10":"virtual","11":"sold-individually","12":"purchasable","13":"product-type-booking"},"acf":[],"_links":{"self":[{"href":"https:\/\/thetenerifechannel.com\/fr\/wp-json\/wp\/v2\/product\/16466","targetHints":{"allow":["GET"]}}],"collection":[{"href":"https:\/\/thetenerifechannel.com\/fr\/wp-json\/wp\/v2\/product"}],"about":[{"href":"https:\/\/thetenerifechannel.com\/fr\/wp-json\/wp\/v2\/types\/product"}],"wp:featuredmedia":[{"embeddable":true,"href":"https:\/\/thetenerifechannel.com\/fr\/wp-json\/wp\/v2\/media\/16452"}],"wp:attachment":[{"href":"https:\/\/thetenerifechannel.com\/fr\/wp-json\/wp\/v2\/media?parent=16466"}],"wp:term":[{"taxonomy":"product_brand","embeddable":true,"href":"https:\/\/thetenerifechannel.com\/fr\/wp-json\/wp\/v2\/product_brand?post=16466"},{"taxonomy":"product_cat","embeddable":true,"href":"https:\/\/thetenerifechannel.com\/fr\/wp-json\/wp\/v2\/product_cat?post=16466"},{"taxonomy":"product_tag","embeddable":true,"href":"https:\/\/thetenerifechannel.com\/fr\/wp-json\/wp\/v2\/product_tag?post=16466"}],"curies":[{"name":"wp","href":"https:\/\/api.w.org\/{rel}","templated":true}]}}