{"id":23491,"date":"2024-10-04T19:17:06","date_gmt":"2024-10-04T19:17:06","guid":{"rendered":"https:\/\/thetenerifechannel.com\/product\/opera-33-private-charter\/"},"modified":"2026-03-09T13:56:24","modified_gmt":"2026-03-09T13:56:24","slug":"opera-33-private-charter","status":"publish","type":"product","link":"https:\/\/thetenerifechannel.com\/fr\/excursions\/opera-33-private-charter\/","title":{"rendered":"Opera 33 Private Charter"},"content":{"rendered":"<p><span>Faites l&#8217;exp\u00e9rience du luxe d&#8217;un  <\/span><span>Le plus grand bateau priv\u00e9 de T\u00e9n\u00e9rife ! Profitez d&#8217;une excursion exclusive de 3 heures en bateau le long de la magnifique c\u00f4te, avec un arr\u00eat baignade rafra\u00eechissant et un d\u00e9licieux d\u00e9jeuner \u00e0 bord. Parfait pour ceux qui souhaitent se d\u00e9tendre, se relaxer et explorer les eaux de T\u00e9n\u00e9rife avec style.  <\/span><\/p>\n<p><strong>INCLUS :<\/strong><\/p>\n<ul>\n<li>3 heures de visite<\/li>\n<li>Arr\u00eat de natation<\/li>\n<li>D\u00e9jeuner et boissons<\/li>\n<\/ul>\n<p>*Veuillez noter que m\u00eame s&#8217;il est possible que vous aperceviez des baleines au cours de votre voyage, l&#8217;objectif principal de cette excursion en bateau n&#8217;est pas l&#8217;observation des baleines. Le bateau est con\u00e7u pour une exp\u00e9rience relaxante et pittoresque le long de la magnifique c\u00f4te de T\u00e9n\u00e9rife, avec un arr\u00eat baignade et un d\u00e9jeuner inclus, vous offrant le moyen parfait de profiter d&#8217;une luxueuse journ\u00e9e en mer. <\/p>\n","protected":false},"excerpt":{"rendered":"<p><span>Profitez d&#8217;une excursion priv\u00e9e de 3 heures en bateau, avec un arr\u00eat baignade rafra\u00eechissant et un d\u00e9licieux d\u00e9jeuner \u00e0 bord.<\/span><\/p>\n<p><strong>*Contactez-nous toujours avant de r\u00e9server ce charter priv\u00e9.<\/strong><\/p>\n","protected":false},"featured_media":21928,"template":"","meta":{"_acf_changed":false,"_joinchat":[]},"product_brand":[],"product_cat":[229],"product_tag":[],"class_list":{"0":"post-23491","1":"product","2":"type-product","3":"status-publish","4":"has-post-thumbnail","6":"product_cat-charters-prives-tenerife","8":"first","9":"instock","10":"virtual","11":"sold-individually","12":"purchasable","13":"product-type-booking"},"acf":[],"_links":{"self":[{"href":"https:\/\/thetenerifechannel.com\/fr\/wp-json\/wp\/v2\/product\/23491","targetHints":{"allow":["GET"]}}],"collection":[{"href":"https:\/\/thetenerifechannel.com\/fr\/wp-json\/wp\/v2\/product"}],"about":[{"href":"https:\/\/thetenerifechannel.com\/fr\/wp-json\/wp\/v2\/types\/product"}],"wp:featuredmedia":[{"embeddable":true,"href":"https:\/\/thetenerifechannel.com\/fr\/wp-json\/wp\/v2\/media\/21928"}],"wp:attachment":[{"href":"https:\/\/thetenerifechannel.com\/fr\/wp-json\/wp\/v2\/media?parent=23491"}],"wp:term":[{"taxonomy":"product_brand","embeddable":true,"href":"https:\/\/thetenerifechannel.com\/fr\/wp-json\/wp\/v2\/product_brand?post=23491"},{"taxonomy":"product_cat","embeddable":true,"href":"https:\/\/thetenerifechannel.com\/fr\/wp-json\/wp\/v2\/product_cat?post=23491"},{"taxonomy":"product_tag","embeddable":true,"href":"https:\/\/thetenerifechannel.com\/fr\/wp-json\/wp\/v2\/product_tag?post=23491"}],"curies":[{"name":"wp","href":"https:\/\/api.w.org\/{rel}","templated":true}]}}