{"id":24839,"date":"2024-10-29T10:07:45","date_gmt":"2024-10-29T10:07:45","guid":{"rendered":"https:\/\/thetenerifechannel.com\/product\/la-palma\/"},"modified":"2026-03-09T13:56:13","modified_gmt":"2026-03-09T13:56:13","slug":"la-palma","status":"publish","type":"product","link":"https:\/\/thetenerifechannel.com\/fr\/excursions\/la-palma\/","title":{"rendered":"La Palma"},"content":{"rendered":"<p><span>D\u00e9couvrez la beaut\u00e9 de La Palma ! D\u00e9part en ferry de Los Cristianos. <\/span><\/p>\n<ul>\n<li><strong>10:15 hrs Arriv\u00e9e au port de Santa Cruz de La Palma.<\/strong><br \/>\nVotre journ\u00e9e commence lorsque vous arrivez au port de Santa Cruz de La Palma, o\u00f9 nous d\u00e9barquons et o\u00f9 vous vous pr\u00e9parez \u00e0 explorer cette magnifique \u00eele des Canaries. Santa Cruz est la capitale de La Palma, connue pour son charme historique et son architecture coloniale. <\/li>\n<li><strong>Promenade dans la capitale de Santa Cruz.<\/strong><br \/>\nNous commencerons la visite par une courte promenade dans le centre-ville, o\u00f9 vous d\u00e9couvrirez son architecture traditionnelle, ses rues pav\u00e9es et ses jolis coins.<\/li>\n<li><strong>Visite du volcan Tajogaite.<\/strong><br \/>\nNous quittons la capitale pour nous rendre au volcan Tajogaite, qui est l&#8217;un des lieux les plus embl\u00e9matiques de l&#8217;\u00eele en raison de la r\u00e9cente \u00e9ruption qui a eu lieu en 2021. Ce volcan a laiss\u00e9 une profonde empreinte g\u00e9ologique sur l&#8217;\u00eele, et son paysage post-\u00e9ruption offre des vues spectaculaires. <\/li>\n<li><strong><span style=\"letter-spacing: 0em;\">D\u00e9jeuner dans un restaurant local.<br \/>\n<\/span><\/strong><span style=\"letter-spacing: 0em;\">Apr\u00e8s la visite du volcan, il est temps de se d\u00e9tendre et de profiter d&#8217;un repas qui est inclus dans le prix de l&#8217;excursion.<\/span><\/li>\n<li><strong><span style=\"letter-spacing: 0em;\">Visite du Sanctuaire des Neiges<br \/>\n<\/span><\/strong><span style=\"letter-spacing: 0em;\">Apr\u00e8s le d\u00e9jeuner, nous nous rendons au Sanctuaire de Las Nieves, situ\u00e9 dans les montagnes de la r\u00e9gion de l&#8217;Alaska.<\/span><span style=\"letter-spacing: 0em;\">  l&#8217;\u00eele. Ce p\u00e8lerinage   <\/span><span style=\"letter-spacing: 0em;\">est l&#8217;un des lieux de p\u00e8lerinage les plus importants de La Palma<\/span><span style=\"letter-spacing: 0em;\">Il est d\u00e9di\u00e9 \u00e0 la Virgen de las Nieves, patronne de l&#8217;\u00eele. <\/span><span style=\"letter-spacing: 0em;\">De l\u00e0, vous pouvez profiter d&#8217;une vue \u00e0 couper le souffle sur les <\/span><span style=\"letter-spacing: 0em;\">impressionnants des montagnes environnantes et de la vall\u00e9e.<\/span><\/li>\n<li><strong><span style=\"letter-spacing: 0em;\">Retour au quai de Santa Cruz de La Palma.<br \/>\n<\/span><\/strong><span style=\"letter-spacing: 0em;\">Enfin, nous retournerons au port de Santa Cruz,  <\/span><span style=\"letter-spacing: 0em;\">o\u00f9 se terminera notre excursion. C&#8217;est l&#8217;adieu  <\/span><span style=\"letter-spacing: 0em;\">temps suffisant pour embarquer et poursuivre votre voyage.<\/span><\/li>\n<\/ul>\n<p><strong>INCLUT :<\/strong><\/p>\n<ul>\n<li>Transfert au port de Los Cristianos et retour \u00e0 l&#8217;h\u00f4tel<\/li>\n<li>Guide officiel<\/li>\n<li>Bus climatis\u00e9<\/li>\n<li>D\u00e9jeuner<\/li>\n<li>Billets de ferry<\/li>\n<\/ul>\n<p><strong>IMPORTANT :<\/strong><\/p>\n<p>L&#8217;heure de prise en charge sera confirm\u00e9e la veille de l&#8217;excursion.<br \/>\nN&#8217;oubliez pas de vous munir de votre carte d&#8217;identit\u00e9 ou de votre passeport original.<\/p>\n","protected":false},"excerpt":{"rendered":"<p><span>D\u00e9couvrez la beaut\u00e9 de La Palma en visitant des sites embl\u00e9matiques tels que le Sanctuaire Virgen de las Nieves, le point de vue Cumbrecita et le majestueux volcan Cumbre Vieja. Profitez d&#8217;un d\u00e9jeuner panoramique sur la c\u00f4te ouest et, si le temps le permet, d&#8217;une promenade dans le centre historique de Santa Cruz de La Palma. <\/span><\/p>\n","protected":false},"featured_media":24826,"template":"","meta":{"_acf_changed":false,"_joinchat":[]},"product_brand":[],"product_cat":[261],"product_tag":[],"class_list":{"0":"post-24839","1":"product","2":"type-product","3":"status-publish","4":"has-post-thumbnail","6":"product_cat-circuits-des-autres-iles","8":"first","9":"instock","10":"virtual","11":"sold-individually","12":"purchasable","13":"product-type-booking"},"acf":[],"_links":{"self":[{"href":"https:\/\/thetenerifechannel.com\/fr\/wp-json\/wp\/v2\/product\/24839","targetHints":{"allow":["GET"]}}],"collection":[{"href":"https:\/\/thetenerifechannel.com\/fr\/wp-json\/wp\/v2\/product"}],"about":[{"href":"https:\/\/thetenerifechannel.com\/fr\/wp-json\/wp\/v2\/types\/product"}],"wp:featuredmedia":[{"embeddable":true,"href":"https:\/\/thetenerifechannel.com\/fr\/wp-json\/wp\/v2\/media\/24826"}],"wp:attachment":[{"href":"https:\/\/thetenerifechannel.com\/fr\/wp-json\/wp\/v2\/media?parent=24839"}],"wp:term":[{"taxonomy":"product_brand","embeddable":true,"href":"https:\/\/thetenerifechannel.com\/fr\/wp-json\/wp\/v2\/product_brand?post=24839"},{"taxonomy":"product_cat","embeddable":true,"href":"https:\/\/thetenerifechannel.com\/fr\/wp-json\/wp\/v2\/product_cat?post=24839"},{"taxonomy":"product_tag","embeddable":true,"href":"https:\/\/thetenerifechannel.com\/fr\/wp-json\/wp\/v2\/product_tag?post=24839"}],"curies":[{"name":"wp","href":"https:\/\/api.w.org\/{rel}","templated":true}]}}