{"id":29392,"date":"2024-11-26T20:05:16","date_gmt":"2024-11-26T20:05:16","guid":{"rendered":"https:\/\/thetenerifechannel.com\/product\/aventure-en-buggy-au-coucher-du-soleil\/"},"modified":"2026-04-24T06:57:57","modified_gmt":"2026-04-24T06:57:57","slug":"aventure-en-buggy-au-coucher-du-soleil","status":"publish","type":"product","link":"https:\/\/thetenerifechannel.com\/fr\/excursions\/aventure-en-buggy-au-coucher-du-soleil\/","title":{"rendered":"Aventure en buggy au coucher du soleil"},"content":{"rendered":"<section class=\"l-section wpb_row height_huge\"><div class=\"l-section-h i-cf\"><div class=\"g-cols vc_row via_grid cols_1 laptops-cols_inherit tablets-cols_inherit mobiles-cols_1 valign_top type_default stacking_default\"><div class=\"wpb_column vc_column_container\"><div class=\"vc_column-inner\"><div class=\"wpb_text_column\"><div class=\"wpb_wrapper\"><p data-start=\"0\" data-end=\"167\">Excursion de 3,5 heures dans le parc national du Teide avec coucher de soleil. Nous traverserons plusieurs villages du sud de T\u00e9n\u00e9rife, en profitant de paysages magnifiques et de l&#8217;air frais des montagnes. <\/p>\n<p data-start=\"169\" data-end=\"537\">Nous poursuivrons notre route jusqu&#8217;au parc national du Teide, o\u00f9 vous pourrez vous d\u00e9tendre et prendre des photos panoramiques. Nous nous arr\u00eaterons pour admirer le coucher du soleil en d\u00e9gustant une boisson (vin et\/ou vin mousseux sans alcool), ainsi que de la charcuterie et\/ou des noix, tout en admirant le paysage et le majestueux coucher de soleil qu&#8217;offre l&#8217;\u00eele de T\u00e9n\u00e9riffe, cr\u00e9ant ainsi des moments inoubliables. <\/p>\n<p data-start=\"539\" data-end=\"636\" data-is-last-node=\"\" data-is-only-node=\"\">Nous entamerons ensuite le voyage de retour, o\u00f9 nous pourrons admirer toute la zone c\u00f4ti\u00e8re de l&#8217;\u00eele.<\/p>\n<p><strong>INCLUT :<\/strong><\/p>\n<ul>\n<li>Dur\u00e9e du voyage : 3,5 heures.<\/li>\n<li><span>Carburant, guide, assurance pour les touristes, veste\/ manteau, lunettes de soleil, chocolat, sandwich et eau, vin et\/ou vin mousseux (sans alcool), charcuterie et\/ou noix.<\/span><\/li>\n<li><span>Nous vous recommandons d&#8217;apporter un manteau, bien que l&#8217;entreprise en mette un \u00e0 votre disposition.<\/span><\/li>\n<\/ul>\n<p>*Transport gratuit dans le sud de l&#8217;\u00eele : Las Am\u00e9ricas, Los Cristianos, Costa Adeje, Fa\u00f1ab\u00e9, Torviscas, La Caleta, El M\u00e9dano, Los Abrigos, Costa del Silencio, Las Galletas, Golf del Sur et Amarilla Golf.<br \/>\n<span>Pour la prise en charge en dehors de ces zones, ce service a un co\u00fbt suppl\u00e9mentaire de 10 \u20ac par buggy (prise en charge et retour), qui doit \u00eatre pay\u00e9 au d\u00e9but de l&#8217;excursion, demandez la disponibilit\u00e9 lors de la r\u00e9servation.<\/span><\/p>\n<p><span>*Vous devez porter des chaussures ferm\u00e9es.<br \/>\n*Vous devez \u00eatre en possession d&#8217;un permis de conduire B1. NOUS N&#8217;ACCEPTONS PAS LES PERMIS TEMPORAIRES. L&#8217;\u00e2ge minimum du conducteur est de 18 ans.<br \/>\n*Les enfants peuvent \u00eatre accompagn\u00e9s s&#8217;ils mesurent 1,35 m ou plus dans la poussette \u00e0 deux places. Les enfants de 2 ans et plus peuvent prendre place dans le si\u00e8ge b\u00e9b\u00e9 de la poussette 4 places fournie par l&#8217;entreprise. <\/span><\/p>\n<\/div><\/div><\/div><\/div><\/div><\/div><\/section>\n","protected":false},"excerpt":{"rendered":"<div class=\"flex max-w-full flex-col flex-grow\">\n<div class=\"min-h-8 text-message flex w-full flex-col items-end gap-2 whitespace-normal break-words [.text-message+&amp;]:mt-5\" dir=\"auto\" data-message-author-role=\"assistant\" data-message-id=\"bc3f96f7-f5f2-48ea-9575-478fb857310e\" data-message-model-slug=\"gpt-4o\">\n<div class=\"flex w-full flex-col gap-1 empty:hidden first:pt-[3px]\">\n<div class=\"markdown prose w-full break-words dark:prose-invert light\">\n<p>Embarquez pour une excursion amusante de 3,5 heures dans le parc national d&#8217;El Teide et profitez d&#8217;un coucher de soleil spectaculaire au milieu de paysages \u00e0 couper le souffle.<\/p>\n<\/div>\n<\/div>\n<\/div>\n<\/div>\n","protected":false},"featured_media":29295,"template":"","meta":{"_acf_changed":false,"_joinchat":[]},"product_brand":[],"product_cat":[152,153,151],"product_tag":[387,386,384,385,433,388],"class_list":{"0":"post-29392","1":"product","2":"type-product","3":"status-publish","4":"has-post-thumbnail","6":"product_cat-circuits-ile-bus-tenerife","7":"product_cat-quad-tenerife","8":"product_cat-teide-tenerife-fr","9":"product_tag-a-group-solo","10":"product_tag-a-groupe-amis","11":"product_tag-a-groupe-couples","12":"product_tag-a-groupe-familles","13":"product_tag-a-must-adrenaline-couples","14":"product_tag-a-vibe-adventure","16":"first","17":"instock","18":"virtual","19":"sold-individually","20":"purchasable","21":"product-type-booking"},"acf":[],"_links":{"self":[{"href":"https:\/\/thetenerifechannel.com\/fr\/wp-json\/wp\/v2\/product\/29392","targetHints":{"allow":["GET"]}}],"collection":[{"href":"https:\/\/thetenerifechannel.com\/fr\/wp-json\/wp\/v2\/product"}],"about":[{"href":"https:\/\/thetenerifechannel.com\/fr\/wp-json\/wp\/v2\/types\/product"}],"wp:featuredmedia":[{"embeddable":true,"href":"https:\/\/thetenerifechannel.com\/fr\/wp-json\/wp\/v2\/media\/29295"}],"wp:attachment":[{"href":"https:\/\/thetenerifechannel.com\/fr\/wp-json\/wp\/v2\/media?parent=29392"}],"wp:term":[{"taxonomy":"product_brand","embeddable":true,"href":"https:\/\/thetenerifechannel.com\/fr\/wp-json\/wp\/v2\/product_brand?post=29392"},{"taxonomy":"product_cat","embeddable":true,"href":"https:\/\/thetenerifechannel.com\/fr\/wp-json\/wp\/v2\/product_cat?post=29392"},{"taxonomy":"product_tag","embeddable":true,"href":"https:\/\/thetenerifechannel.com\/fr\/wp-json\/wp\/v2\/product_tag?post=29392"}],"curies":[{"name":"wp","href":"https:\/\/api.w.org\/{rel}","templated":true}]}}