{"id":29414,"date":"2024-11-19T12:03:30","date_gmt":"2024-11-19T12:03:30","guid":{"rendered":"https:\/\/thetenerifechannel.com\/product\/buggy-teide-adventure\/"},"modified":"2026-04-24T06:54:50","modified_gmt":"2026-04-24T06:54:50","slug":"buggy-teide-adventure","status":"publish","type":"product","link":"https:\/\/thetenerifechannel.com\/fr\/excursions\/buggy-teide-adventure\/","title":{"rendered":"Buggy Teide Adventure"},"content":{"rendered":"<section class=\"l-section wpb_row height_huge\"><div class=\"l-section-h i-cf\"><div class=\"g-cols vc_row via_grid cols_1 laptops-cols_inherit tablets-cols_inherit mobiles-cols_1 valign_top type_default stacking_default\"><div class=\"wpb_column vc_column_container\"><div class=\"vc_column-inner\"><div class=\"wpb_text_column\"><div class=\"wpb_wrapper\"><p><span>En commen\u00e7ant cette excursion de 3h30 \u00e0 Las Chafiras, vous voyagerez le long de routes pittoresques \u00e0 travers plusieurs villes charmantes du sud de T\u00e9n\u00e9rife, en prenant l&#8217;air et en profitant de la vue. Le voyage vous m\u00e8nera jusqu&#8217;\u00e0 l&#8217;\u00e9poustouflant parc national d&#8217;El Teide, o\u00f9 vous vous arr\u00eaterez \u00e0 2 200 m\u00e8tres d&#8217;altitude. Vous aurez le temps de vous d\u00e9tendre, de prendre des photos panoramiques uniques et d&#8217;admirer les magnifiques paysages de T\u00e9n\u00e9rife. Apr\u00e8s cette halte m\u00e9morable, vous reprendrez la route en suivant un itin\u00e9raire qui met en valeur le magnifique littoral de l&#8217;\u00eele avant de revenir au point de d\u00e9part.   <\/span><\/p>\n<p><strong>INCLUT :<\/strong><\/p>\n<ul>\n<li>Dur\u00e9e du voyage : 3,5 heures.<\/li>\n<li><span>Carburant, guide, assurance pour les touristes, veste\/manteau, lunettes de soleil, chocolat, sandwich et eau.<\/span><\/li>\n<li><span>Nous vous recommandons d&#8217;apporter un manteau, bien que l&#8217;entreprise en mette un \u00e0 votre disposition.<\/span><\/li>\n<\/ul>\n<p>*Transport gratuit dans le sud de l&#8217;\u00eele : Las Am\u00e9ricas, Los Cristianos, Costa Adeje, Fa\u00f1ab\u00e9, Torviscas, La Caleta, El M\u00e9dano, Los Abrigos, Costa del Silencio, Las Galletas, Golf del Sur, et Amarilla Golf.<br \/>\nPour la prise en charge en dehors de ces zones, ce service a un co\u00fbt suppl\u00e9mentaire de \u20ac10 par buggy (prise en charge et retour), qui doit \u00eatre pay\u00e9 au d\u00e9but de l&#8217;excursion, demandez la disponibilit\u00e9 lors de la r\u00e9servation.<\/p>\n<p><span>*Vous devez porter des chaussures ferm\u00e9es.<br \/>\n*Vous devez \u00eatre en possession d&#8217;un permis de conduire B1. NOUS N&#8217;ACCEPTONS PAS LES PERMIS TEMPORAIRES. L&#8217;\u00e2ge minimum du conducteur est de 18 ans.<br \/>\n*Les enfants peuvent \u00eatre accompagn\u00e9s s&#8217;ils mesurent 1,35 m\u00e8tre ou plus dans la poussette 2 places. Les enfants de 2 ans et plus peuvent prendre place dans le si\u00e8ge b\u00e9b\u00e9 de la poussette 4 places fournie par l&#8217;entreprise. <\/span><\/p>\n<\/div><\/div><\/div><\/div><\/div><\/div><\/section>\n","protected":false},"excerpt":{"rendered":"<div class=\"flex max-w-full flex-col flex-grow\">\n<div class=\"min-h-8 text-message flex w-full flex-col items-end gap-2 whitespace-normal break-words [.text-message+&amp;]:mt-5\" dir=\"auto\" data-message-author-role=\"assistant\" data-message-id=\"bc3f96f7-f5f2-48ea-9575-478fb857310e\" data-message-model-slug=\"gpt-4o\">\n<div class=\"flex w-full flex-col gap-1 empty:hidden first:pt-[3px]\">\n<div class=\"markdown prose w-full break-words dark:prose-invert light\">\n<p>Embarquez pour une aventure amusante en buggy \u00e0 travers les meilleurs endroits de T\u00e9n\u00e9rife, qui se termine par des vues \u00e0 couper le souffle dans le parc national d&#8217;El Teide !<\/p>\n<\/div>\n<\/div>\n<\/div>\n<\/div>\n","protected":false},"featured_media":117580,"template":"","meta":{"_acf_changed":false,"_joinchat":[]},"product_brand":[],"product_cat":[152,153,151],"product_tag":[387,386,384,385,486,388,487],"class_list":{"0":"post-29414","1":"product","2":"type-product","3":"status-publish","4":"has-post-thumbnail","6":"product_cat-circuits-ile-bus-tenerife","7":"product_cat-quad-tenerife","8":"product_cat-teide-tenerife-fr","9":"product_tag-a-group-solo","10":"product_tag-a-groupe-amis","11":"product_tag-a-groupe-couples","12":"product_tag-a-groupe-familles","13":"product_tag-a-must-adrenaline-families","14":"product_tag-a-vibe-adventure","15":"product_tag-les-amis-de-ladrenaline","17":"first","18":"instock","19":"virtual","20":"sold-individually","21":"purchasable","22":"product-type-booking"},"acf":[],"_links":{"self":[{"href":"https:\/\/thetenerifechannel.com\/fr\/wp-json\/wp\/v2\/product\/29414","targetHints":{"allow":["GET"]}}],"collection":[{"href":"https:\/\/thetenerifechannel.com\/fr\/wp-json\/wp\/v2\/product"}],"about":[{"href":"https:\/\/thetenerifechannel.com\/fr\/wp-json\/wp\/v2\/types\/product"}],"wp:featuredmedia":[{"embeddable":true,"href":"https:\/\/thetenerifechannel.com\/fr\/wp-json\/wp\/v2\/media\/117580"}],"wp:attachment":[{"href":"https:\/\/thetenerifechannel.com\/fr\/wp-json\/wp\/v2\/media?parent=29414"}],"wp:term":[{"taxonomy":"product_brand","embeddable":true,"href":"https:\/\/thetenerifechannel.com\/fr\/wp-json\/wp\/v2\/product_brand?post=29414"},{"taxonomy":"product_cat","embeddable":true,"href":"https:\/\/thetenerifechannel.com\/fr\/wp-json\/wp\/v2\/product_cat?post=29414"},{"taxonomy":"product_tag","embeddable":true,"href":"https:\/\/thetenerifechannel.com\/fr\/wp-json\/wp\/v2\/product_tag?post=29414"}],"curies":[{"name":"wp","href":"https:\/\/api.w.org\/{rel}","templated":true}]}}