{"id":29426,"date":"2024-11-26T19:43:12","date_gmt":"2024-11-26T19:43:12","guid":{"rendered":"https:\/\/thetenerifechannel.com\/product\/aventure-cotiere-en-buggy\/"},"modified":"2026-03-19T13:27:11","modified_gmt":"2026-03-19T13:27:11","slug":"aventure-cotiere-en-buggy","status":"publish","type":"product","link":"https:\/\/thetenerifechannel.com\/fr\/excursions\/aventure-cotiere-en-buggy\/","title":{"rendered":"Aventure c\u00f4ti\u00e8re en buggy"},"content":{"rendered":"<section class=\"l-section wpb_row height_huge\"><div class=\"l-section-h i-cf\"><div class=\"g-cols vc_row via_grid cols_1 laptops-cols_inherit tablets-cols_inherit mobiles-cols_1 valign_top type_default stacking_default\"><div class=\"wpb_column vc_column_container\"><div class=\"vc_column-inner\"><div class=\"wpb_text_column\"><div class=\"wpb_wrapper\"><p><span>Rejoignez-nous pour une balade de 2 heures le long de la c\u00f4te sud de T\u00e9n\u00e9rife, pleine de vues et de paysages magnifiques. Nous traverserons des villes c\u00f4ti\u00e8res, nous arr\u00eaterons \u00e0 quelques endroits pour admirer le paysage et faire de beaux souvenirs, avant de retourner \u00e0 la base. <\/span><\/p>\n<p><strong>INCLUT :<\/strong><\/p>\n<ul class=\"elementor-icon-list-items\">\n<li class=\"elementor-icon-list-item\">Dur\u00e9e du voyage 2 heures<\/li>\n<li class=\"elementor-icon-list-item\"><span>Carburant, guide, assurance pour les touristes, veste\/manteau, lunettes de soleil.<\/span><\/li>\n<li class=\"elementor-icon-list-item\"><span>Nous vous recommandons d&#8217;apporter un manteau, bien que l&#8217;entreprise en mette un \u00e0 votre disposition.<\/span><\/li>\n<\/ul>\n<p>*Transport disponible pour 10\u20ac entre Fa\u00f1abe, Torviscas, Las Americas los Cristianos et Golf del Sur.<\/p>\n<p><span>*Vous devez porter des chaussures ferm\u00e9es.<br \/>\n*Vous devez \u00eatre en possession d&#8217;un permis de conduire B1. NOUS N&#8217;ACCEPTONS PAS LES PERMIS TEMPORAIRES. L&#8217;\u00e2ge minimum du conducteur est de 18 ans.<br \/>\n*Les enfants peuvent \u00eatre accompagn\u00e9s s&#8217;ils mesurent 1,35 m ou plus dans la poussette \u00e0 deux places. Les enfants de 2 ans et plus peuvent prendre place dans le si\u00e8ge b\u00e9b\u00e9 de la poussette 4 places fournie par l&#8217;entreprise. <\/span><\/p>\n<p><span class=\"elementor-icon-list-text\"><span>*Pour une prise en charge i<\/span><\/span><span style=\"letter-spacing: 0em;\">dans des zones telles que Playa Para\u00edso <\/span>(Hard Rock Hotel et h\u00f4tels voisins), demandez la disponibilit\u00e9 au moment de la r\u00e9servation.<\/p>\n<\/div><\/div><\/div><\/div><\/div><\/div><\/section>\n","protected":false},"excerpt":{"rendered":"<div class=\"flex max-w-full flex-col flex-grow\">\n<div class=\"min-h-8 text-message flex w-full flex-col items-end gap-2 whitespace-normal break-words [.text-message+&amp;]:mt-5\" dir=\"auto\" data-message-author-role=\"assistant\" data-message-id=\"bc3f96f7-f5f2-48ea-9575-478fb857310e\" data-message-model-slug=\"gpt-4o\">\n<div class=\"flex w-full flex-col gap-1 empty:hidden first:pt-[3px]\">\n<div class=\"markdown prose w-full break-words dark:prose-invert light\">\n<p>Profitez d&#8217;une aventure de deux heures en buggy le long de la c\u00f4te !<\/p>\n<\/div>\n<\/div>\n<\/div>\n<\/div>\n","protected":false},"featured_media":28308,"template":"","meta":{"_acf_changed":false,"_joinchat":[]},"product_brand":[],"product_cat":[152,153],"product_tag":[],"class_list":{"0":"post-29426","1":"product","2":"type-product","3":"status-publish","4":"has-post-thumbnail","6":"product_cat-circuits-ile-bus-tenerife","7":"product_cat-quad-tenerife","9":"first","10":"instock","11":"virtual","12":"sold-individually","13":"purchasable","14":"product-type-booking"},"acf":[],"_links":{"self":[{"href":"https:\/\/thetenerifechannel.com\/fr\/wp-json\/wp\/v2\/product\/29426","targetHints":{"allow":["GET"]}}],"collection":[{"href":"https:\/\/thetenerifechannel.com\/fr\/wp-json\/wp\/v2\/product"}],"about":[{"href":"https:\/\/thetenerifechannel.com\/fr\/wp-json\/wp\/v2\/types\/product"}],"wp:featuredmedia":[{"embeddable":true,"href":"https:\/\/thetenerifechannel.com\/fr\/wp-json\/wp\/v2\/media\/28308"}],"wp:attachment":[{"href":"https:\/\/thetenerifechannel.com\/fr\/wp-json\/wp\/v2\/media?parent=29426"}],"wp:term":[{"taxonomy":"product_brand","embeddable":true,"href":"https:\/\/thetenerifechannel.com\/fr\/wp-json\/wp\/v2\/product_brand?post=29426"},{"taxonomy":"product_cat","embeddable":true,"href":"https:\/\/thetenerifechannel.com\/fr\/wp-json\/wp\/v2\/product_cat?post=29426"},{"taxonomy":"product_tag","embeddable":true,"href":"https:\/\/thetenerifechannel.com\/fr\/wp-json\/wp\/v2\/product_tag?post=29426"}],"curies":[{"name":"wp","href":"https:\/\/api.w.org\/{rel}","templated":true}]}}